{"id":8019,"date":"2022-03-15T12:29:42","date_gmt":"2022-03-15T12:29:42","guid":{"rendered":"https:\/\/site.astrofoto.com.pt\/welcome\/?post_type=product&#038;p=8019"},"modified":"2022-07-24T19:49:22","modified_gmt":"2022-07-24T19:49:22","slug":"astronomia-livro","status":"publish","type":"product","link":"https:\/\/site.astrofoto.com.pt\/welcome\/produto\/astronomia-livro\/","title":{"rendered":"ASTRONOMIA Livro"},"content":{"rendered":"<p><strong>ASTRONOMIA Livro<br \/>\nDinah L. Moch\u00e9<br \/>\n\u2022ISBN 978-972-662-852-1<br \/>\n\u2022 368 p\u00e1ginas<br \/>\n<\/strong><\/p>\n<p><strong>Astronomia<\/strong> \u00e9 um trabalho extraordin\u00e1rio de simplicidade, rigor e preocupa\u00e7\u00e3o de abarcar os temas principais da Astronomia moderna. Nos doze cap\u00edtulos que comp\u00f5em a obra, a autora conduz o leitor \u00e0 assimila\u00e7\u00e3o progressiva &#8211; mas sempre aliciante &#8211; desde os conceitos mais elementares da Astronomia at\u00e9 aos conte\u00fados que constituem as bases da astrof\u00edsica, incluindo uma abordagem da probabilidade e pesquisa de vida extraterrestre.<br \/>\nEmbora com estrutura de um cl\u00e1ssico manual de auto-aprendizagem, o facto de incluir cap\u00edtulos curtos, divididos em pequenas sec\u00e7\u00f5es profusamente ilustradas e finalizadas por question\u00e1rios simples, faz de Astronomia &#8211; uma maneira f\u00e1cil de aprender um livro que, de forma agrad\u00e1vel e divertida, leva o leitor desde a simples contempla\u00e7\u00e3o do c\u00e9u ao uso de um telesc\u00f3pio e \u00e0 compreens\u00e3o das raz\u00f5es por que se movem as gal\u00e1xias, porque \u00e9 negro o c\u00e9u noturno ou que raz\u00f5es justificam a observa\u00e7\u00e3o do espa\u00e7o exterior a partir de sat\u00e9lites artificiais.<br \/>\nQuase sem dar por isso, o leitor entender\u00e1 o essencial das convic\u00e7\u00f5es da generalidade dos astrof\u00edsicos sobre o Big Bang, a explos\u00e3o das supernovas ou o fim dram\u00e1tico dos buracos negros. Facilmente passear\u00e1 pelos c\u00e9us o seu olhar, um bin\u00f3culo, um telesc\u00f3pio ou &#8230; a imagina\u00e7\u00e3o! Encontrar\u00e1 gal\u00e1xias, nebulosas e estrelas de idades v\u00e1rias e perceber\u00e1 bem como se determinam as composi\u00e7\u00f5es e movimentos de cada um desses objectos celestes. Finalmente, sentir-se-\u00e1 mais um ente c\u00f3smico, constitu\u00eddo pelos mesmos elementos qu\u00edmicos de que s\u00e3o formadas as estrelas e os planetas, com a particularidade (simples) de serem diferentes as respectivas propor\u00e7\u00f5es.<\/p>\n<p>M\u00e1ximo Ferreira<\/p>\n<p>\u25baAtualizada com as \u00faltimas descobertas cient\u00edficas e ilustrada por fotografias recentes, esta obra abre-nos as portas \u00e0 extraordin\u00e1ria contempla\u00e7\u00e3o da elegante beleza do universo.<\/p>\n<p><strong>DINAH L. MOCH\u00c9,<\/strong> professora de F\u00edsica e Astronomia na Universidade City, em Nova Iorque, \u00e9 uma autora consagrada, com mais de dez milh\u00f5es de livros vendidos em todo o mundo.<\/p>\n","protected":false},"excerpt":{"rendered":"<p>ASTRONOMIA Livro Dinah L. Moch\u00e9 \u2022ISBN 978-972-662-852-1 \u2022 368 p\u00e1ginas Astronomia \u00e9 um trabalho extraordin\u00e1rio de simplicidade, rigor e preocupa\u00e7\u00e3o de abarcar os temas principais da Astronomia moderna. Nos doze cap\u00edtulos que comp\u00f5em a obra, a autora conduz o leitor \u00e0 assimila\u00e7\u00e3o progressiva &#8211; mas sempre aliciante &#8211; desde os conceitos mais elementares da Astronomia<\/p>\n<div class=\"more-link\">\n\t\t\t\t <a href=\"https:\/\/site.astrofoto.com.pt\/welcome\/produto\/astronomia-livro\/\" class=\"btn theme-btn inverted\"><span>Continuar a Ler <\/span><\/a>\n\t\t\t<\/div>\n","protected":false},"featured_media":8020,"comment_status":"closed","ping_status":"closed","template":"","meta":[],"product_brand":[],"product_cat":[35],"product_tag":[],"class_list":{"0":"post-8019","1":"product","2":"type-product","3":"status-publish","4":"has-post-thumbnail","6":"product_cat-livro-e-dvd","8":"first","9":"outofstock","10":"shipping-taxable","11":"purchasable","12":"product-type-simple"},"_links":{"self":[{"href":"https:\/\/site.astrofoto.com.pt\/welcome\/wp-json\/wp\/v2\/product\/8019","targetHints":{"allow":["GET"]}}],"collection":[{"href":"https:\/\/site.astrofoto.com.pt\/welcome\/wp-json\/wp\/v2\/product"}],"about":[{"href":"https:\/\/site.astrofoto.com.pt\/welcome\/wp-json\/wp\/v2\/types\/product"}],"replies":[{"embeddable":true,"href":"https:\/\/site.astrofoto.com.pt\/welcome\/wp-json\/wp\/v2\/comments?post=8019"}],"wp:featuredmedia":[{"embeddable":true,"href":"https:\/\/site.astrofoto.com.pt\/welcome\/wp-json\/wp\/v2\/media\/8020"}],"wp:attachment":[{"href":"https:\/\/site.astrofoto.com.pt\/welcome\/wp-json\/wp\/v2\/media?parent=8019"}],"wp:term":[{"taxonomy":"product_brand","embeddable":true,"href":"https:\/\/site.astrofoto.com.pt\/welcome\/wp-json\/wp\/v2\/product_brand?post=8019"},{"taxonomy":"product_cat","embeddable":true,"href":"https:\/\/site.astrofoto.com.pt\/welcome\/wp-json\/wp\/v2\/product_cat?post=8019"},{"taxonomy":"product_tag","embeddable":true,"href":"https:\/\/site.astrofoto.com.pt\/welcome\/wp-json\/wp\/v2\/product_tag?post=8019"}],"curies":[{"name":"wp","href":"https:\/\/api.w.org\/{rel}","templated":true}]}}