{"id":7982,"date":"2022-03-07T20:33:37","date_gmt":"2022-03-07T20:33:37","guid":{"rendered":"https:\/\/site.astrofoto.com.pt\/welcome\/?post_type=product&#038;p=7982"},"modified":"2025-12-18T22:17:54","modified_gmt":"2025-12-18T22:17:54","slug":"monoculo-de-visao-noturna-zk","status":"publish","type":"product","link":"https:\/\/site.astrofoto.com.pt\/welcome\/produto\/monoculo-de-visao-noturna-zk\/","title":{"rendered":"Monoculo de Vis\u00e3o Noturna ZK"},"content":{"rendered":"<p><strong>Monoculo de Vis\u00e3o Noturna ZK<\/strong><\/p>\n<p>Material: ABS<br \/>\nClip de v\u00eddeo: 1920x1080p @ p30; 1088x1088p @ p30<br \/>\nZoom: 5X digital<br \/>\nDi\u00e2metro da objetiva: 24mm<br \/>\n\u00c2ngulo de Vis\u00e3o: fov = 10\u00b0<br \/>\nArmazenamento: cart\u00e3o de mem\u00f3ria at\u00e9 128Gb (n\u00e3o inclu\u00eddo)<br \/>\nFormatos de arquivo\/foto: jpg \/ v\u00eddeo: mp4<br \/>\nAlcance de observa\u00e7\u00e3o: 500 ~ 1000m<br \/>\nFocagem em observa\u00e7\u00e3o baixa luz ou diurna: 3 metros a +infinito<br \/>\nAlimenta\u00e7\u00e3o: bateria 5x AA (n\u00e3o inclu\u00eddas)<br \/>\nInterface usb: tipo-c 2.0 (cabo incluido)<br \/>\nTamanho da embalagem: 165x85x72mm<br \/>\nPeso da embalagem: 300g<\/p>\n<p>\u25baExtra: Lanterna Zoom de IR para aumentar o alcance <a href=\"https:\/\/site.astrofoto.com.pt\/welcome\/produto\/lanterna-de-infravermelhos-vastfire-nv\/\"><em>Ver<\/em><\/a><\/p>\n<p>&nbsp;<\/p>\n","protected":false},"excerpt":{"rendered":"<p>Monoculo de Vis\u00e3o Noturna ZK Material: ABS Clip de v\u00eddeo: 1920x1080p @ p30; 1088x1088p @ p30 Zoom: 5X digital Di\u00e2metro da objetiva: 24mm \u00c2ngulo de Vis\u00e3o: fov = 10\u00b0 Armazenamento: cart\u00e3o de mem\u00f3ria at\u00e9 128Gb (n\u00e3o inclu\u00eddo) Formatos de arquivo\/foto: jpg \/ v\u00eddeo: mp4 Alcance de observa\u00e7\u00e3o: 500 ~ 1000m Focagem em observa\u00e7\u00e3o baixa luz<\/p>\n<div class=\"more-link\">\n\t\t\t\t <a href=\"https:\/\/site.astrofoto.com.pt\/welcome\/produto\/monoculo-de-visao-noturna-zk\/\" class=\"btn theme-btn inverted\"><span>Continuar a Ler <\/span><\/a>\n\t\t\t<\/div>\n","protected":false},"featured_media":7983,"comment_status":"closed","ping_status":"closed","template":"","meta":[],"product_brand":[],"product_cat":[48,67,95,21],"product_tag":[],"class_list":{"0":"post-7982","1":"product","2":"type-product","3":"status-publish","4":"has-post-thumbnail","6":"product_cat-natal","7":"product_cat-https-site-astrofoto-com-pt-welcome-categoria-produto-novidade","8":"product_cat-stock-off","9":"product_cat-visao-nocturna","11":"first","12":"instock","13":"sale","14":"shipping-taxable","15":"purchasable","16":"product-type-simple"},"_links":{"self":[{"href":"https:\/\/site.astrofoto.com.pt\/welcome\/wp-json\/wp\/v2\/product\/7982","targetHints":{"allow":["GET"]}}],"collection":[{"href":"https:\/\/site.astrofoto.com.pt\/welcome\/wp-json\/wp\/v2\/product"}],"about":[{"href":"https:\/\/site.astrofoto.com.pt\/welcome\/wp-json\/wp\/v2\/types\/product"}],"replies":[{"embeddable":true,"href":"https:\/\/site.astrofoto.com.pt\/welcome\/wp-json\/wp\/v2\/comments?post=7982"}],"wp:featuredmedia":[{"embeddable":true,"href":"https:\/\/site.astrofoto.com.pt\/welcome\/wp-json\/wp\/v2\/media\/7983"}],"wp:attachment":[{"href":"https:\/\/site.astrofoto.com.pt\/welcome\/wp-json\/wp\/v2\/media?parent=7982"}],"wp:term":[{"taxonomy":"product_brand","embeddable":true,"href":"https:\/\/site.astrofoto.com.pt\/welcome\/wp-json\/wp\/v2\/product_brand?post=7982"},{"taxonomy":"product_cat","embeddable":true,"href":"https:\/\/site.astrofoto.com.pt\/welcome\/wp-json\/wp\/v2\/product_cat?post=7982"},{"taxonomy":"product_tag","embeddable":true,"href":"https:\/\/site.astrofoto.com.pt\/welcome\/wp-json\/wp\/v2\/product_tag?post=7982"}],"curies":[{"name":"wp","href":"https:\/\/api.w.org\/{rel}","templated":true}]}}