{"id":7966,"date":"2022-02-18T16:00:53","date_gmt":"2022-02-18T16:00:53","guid":{"rendered":"https:\/\/site.astrofoto.com.pt\/welcome\/?post_type=product&#038;p=7966"},"modified":"2022-02-18T16:13:41","modified_gmt":"2022-02-18T16:13:41","slug":"avalon-m-tre","status":"publish","type":"product","link":"https:\/\/site.astrofoto.com.pt\/welcome\/produto\/avalon-m-tre\/","title":{"rendered":"Avalon M-tre &#8211; StarGo2 Pro"},"content":{"rendered":"<p><strong>Avalon M-tre &#8211; StarGo2 Pro<\/strong><\/p>\n<p><span class=\"VIiyi\" lang=\"pt\"><span class=\"JLqJ4b ChMk0b\" data-language-for-alternatives=\"pt\" data-language-to-translate-into=\"en\" data-phrase-index=\"0\" data-number-of-phrases=\"1\">\u25baA M-tre \u00e9 uma montagem de garfo de bra\u00e7o \u00fanico para a imagem do c\u00e9u profundo, com uma alta capacidade de carga \u00fatil de at\u00e9 38 kg na configura\u00e7\u00e3o de telesc\u00f3pio \u00fanico e at\u00e9 50 kg na configura\u00e7\u00e3o de telesc\u00f3pio duplo.<\/span><\/span><\/p>\n<p>M-tre &#8211; StarGo2 Pro &#8211; 14.140\u20ac<br \/>\nThe M-tre is a single arm fork mount for the deepsky imaging, with an high payload capability up to 38 kg in single telescope configuration and up to 50 kg in double telescope configuration.<\/p>\n<p>ENCODER ABSOLUTO DE ALTA RESOLU\u00c7\u00c3O EM AMBOS OS EIXOS RA\/DEC<\/p>\n<p>Com o CODIFICADOR ABSOLUTO de alta resolu\u00e7\u00e3o em ambos os eixos RA\/DEC, \u00e9 poss\u00edvel ter um apontamento preciso e manter a orienta\u00e7\u00e3o da montagem mesmo ap\u00f3s um desligamento.<br \/>\nDUAL DEC<\/p>\n<p>Gra\u00e7as \u00e0 op\u00e7\u00e3o Dual Dec, \u00e9 poss\u00edvel utilizar o segundo telesc\u00f3pio como contrapeso pr\u00f3prio, permitindo uma redu\u00e7\u00e3o significativa do uso de contrapesos.<\/p>\n<p>As possibilidades de mover o bra\u00e7o DEC em dire\u00e7\u00e3o ao eixo RA (com o mesmo mecanismo e conceito dos suportes M-zero, M-uno e M-due), facilitam o procedimento de balanceamento permitindo usar o menor contrapeso poss\u00edvel ou mesmo sem qualquer contrapeso em tudo.<br \/>\nVelocidade de giro: at\u00e9 10\u00b0 \/ seg<\/p>\n<p><strong>StarGo2 Pro<br \/>\n<\/strong>A montagem \u00e9 controlada pelo StarGo2 Pro, um verdadeiro sistema de gerenciamento de configura\u00e7\u00e3o astrofotogr\u00e1fica &#8220;Tudo em um&#8221; para montagem, c\u00e2maras CCD, Focador e vem com os seguintes recursos:<\/p>\n<p><strong>Avalon Instruments STARGO2 PRO STAND ALONE<\/strong><\/p>\n<p><span class=\"VIiyi\" lang=\"pt\"><span class=\"JLqJ4b ChMk0b\" data-language-for-alternatives=\"pt\" data-language-to-translate-into=\"en\" data-phrase-index=\"0\" data-number-of-phrases=\"3\">\u25baUm verdadeiro sistema de gest\u00e3o de configura\u00e7\u00e3o astrofotogr\u00e1fica <strong>AIO<\/strong> (tudo e um) para:<\/span><br \/>\n<span class=\"JLqJ4b ChMk0b\" data-language-for-alternatives=\"pt\" data-language-to-translate-into=\"en\" data-phrase-index=\"2\" data-number-of-phrases=\"3\">Montagem + C\u00e2maras CCD + Focador<\/span><\/span><\/p>\n<p>O StarGo2 Pro \u00e9 baseado em uma abordagem completamente nova para controlar as montagens. Est\u00e1 centrado no conhecido microcomputador Raspberry Pi 4. A filosofia por tr\u00e1s do StarGO2 \u00e9 fornecer ao usu\u00e1rio um sistema de controle independente do PC normal, control\u00e1vel remotamente em todas as suas fun\u00e7\u00f5es usando um dispositivo inteligente como um smartphone ou um tablet, n\u00e3o excluindo, no entanto, o uso tradicional de computadores de todos os tipos e marcas, com ou sem fio conectado ao sistema. Sendo baseado no Raspberry PI, o StarGo2 \u00e9 fornecido nativamente com todos os aplicativos baseados em Linux necess\u00e1rios para executar fun\u00e7\u00f5es completas de astrofotografia. A presen\u00e7a do ambiente INDI permite controlar quase todos os dispositivos (c\u00e2maras, rodas de filtro, rotador, etc. incluindo at\u00e9 c\u00fapulas de observat\u00f3rio) que s\u00e3o necess\u00e1rios para realizar sess\u00f5es de astrofotografia controladas local ou remotamente. Permite tamb\u00e9m uma extrema flexibilidade para aqueles utilizadores que preferem fazer uso de aplicativos clientes de computador tradicionais, como Cart du Ciel (Star Chart), TheSkyX, SkySafari, Stellarium e outros programas de planet\u00e1rio, e SGP, Nina, CCD Ciel e outros ferramentas de astrofotografia. Essa total compatibilidade \u00e9 assegurada pela ado\u00e7\u00e3o do protocolo de comunica\u00e7\u00e3o Alpaca que permite o uso de drivers tradicionais da plataforma ASCOM para dispositivos INDI nativos.<\/p>\n<p>O sistema de controle astron\u00f3mico multiplataforma StarGo2 Pro como vers\u00e3o Stand Alone pode ser usado para controlar o suporte M-due, bem como todos os outros suportes da Avalon Instruments, substituindo o sistema de controle StarGo GoTo.<\/p>\n<p><strong>Recursos do StarGo2 Pro<\/strong><\/p>\n<p>\u25babaseado em Raspberry pi 4<br \/>\nCompat\u00edvel com todos os softwares astron\u00f3micos Linux (Kstar, Stellarium, Carte du Ciel etc.)<br \/>\nTela sens\u00edvel ao toque de 4\u2033 no estojo StarGo2 Pro incorporado<br \/>\nModo de liga\u00e7\u00e3o:<br \/>\n<strong>\u2013 LIGA\u00c7\u00c3O DE HARDWARE<\/strong><br \/>\n\u2013 Modo 1: StarGo2 Pro como Hotspot<br \/>\n\u2013 Modo 2: StarGo2 Pro conectado \u00e0 sua rede, via LAN ou Wi-Fi<\/p>\n<p><strong>\u2013 LIGA\u00c7\u00c3O DE SOFTWARE<\/strong><br \/>\n\u2013 Liga\u00e7\u00e3o remota de desktop ao sistema operacional StarGo2 Pro \u2013 Raspberry Pi4 \u2013 para um controle de configura\u00e7\u00e3o completo \u2013 montagem, c\u00e2meras CCD, focador etc.<br \/>\n\u2013 <strong>Aplicativo Web multiplataforma<\/strong>, para a liga\u00e7\u00e3o de rede do sistema e o gest\u00e3o da fun\u00e7\u00e3o de montagem<br \/>\nEntrada\/sa\u00edda padr\u00e3o do Raspberry pi4:<br \/>\n\u2013 1 porta de \u00e1udio, 2 portas USB 2.0.<br \/>\n\u2013 2 portas USB 3.0, 1 porta Ethernet<br \/>\n\u2013 2 portas de sa\u00edda de energia de 12 volts<br \/>\n\u2013 1 x porta de sa\u00edda de energia vari\u00e1vel de 6 a 12 volts<br \/>\n\u2013 1 x teclado<br \/>\n\u2013 Porta Aux 1 RJ com driver ASCOM e INDI pronto para ser usado<br \/>\nConex\u00e3o direta SkySafari<\/p>\n<p><strong>Driver:<\/strong><br \/>\n\u2013 INDI (Linux, Mac O.S.)<\/p>\n<p>\u2013 ASCOM Alpaca (Windowd O.S.)<\/p>\n<p>\u25baO <strong>EVO-zero<\/strong> (transmiss\u00e3o por correia) foi projetado para contrariar o lan\u00e7amento no mercado de montagens com sistema de transmiss\u00e3o &#8220;Harmonic Drive&#8221; (j\u00e1 lan\u00e7ado e a ser lan\u00e7ado), ele vir\u00e1 com o exclusivo Avalon &#8220;Belt Drive System&#8221; aperfei\u00e7oado (mais rigidez), sem embraiagem em ambos os eixos RA\/DEC, menos de 5 kg de peso total.<br \/>\nA carga \u00fatil da montagem ser\u00e1 de cerca de 13 kg, pode ser usada sem contrapesos ou com um pequeno contrapeso dependendo do peso da instala\u00e7\u00e3o, as dimens\u00f5es gerais compactas s\u00e3o<br \/>\n210 x 286 x 110mm.<br \/>\nO design de montagem da base permite definir facilmente o grau de latitude de 0\u00b0 a 90\u00b0, permitindo as configura\u00e7\u00f5es Equatorial e Alt Azimutal.<\/p>\n<p>O <strong>EVO-zero<\/strong> vem equipado com os motores HQ em ambos os eixos para um seguimento preciso (0,1 arcsec\/microstep)<\/p>\n","protected":false},"excerpt":{"rendered":"<p>Avalon M-tre &#8211; StarGo2 Pro \u25baA M-tre \u00e9 uma montagem de garfo de bra\u00e7o \u00fanico para a imagem do c\u00e9u profundo, com uma alta capacidade de carga \u00fatil de at\u00e9 38 kg na configura\u00e7\u00e3o de telesc\u00f3pio \u00fanico e at\u00e9 50 kg na configura\u00e7\u00e3o de telesc\u00f3pio duplo. M-tre &#8211; StarGo2 Pro &#8211; 14.140\u20ac The M-tre is<\/p>\n<div class=\"more-link\">\n\t\t\t\t <a href=\"https:\/\/site.astrofoto.com.pt\/welcome\/produto\/avalon-m-tre\/\" class=\"btn theme-btn inverted\"><span>Continuar a Ler <\/span><\/a>\n\t\t\t<\/div>\n","protected":false},"featured_media":7967,"comment_status":"closed","ping_status":"closed","template":"","meta":[],"product_brand":[],"product_cat":[79],"product_tag":[],"class_list":{"0":"post-7966","1":"product","2":"type-product","3":"status-publish","4":"has-post-thumbnail","6":"product_cat-montagens-goto","8":"first","9":"onbackorder","10":"shipping-taxable","11":"purchasable","12":"product-type-simple"},"_links":{"self":[{"href":"https:\/\/site.astrofoto.com.pt\/welcome\/wp-json\/wp\/v2\/product\/7966","targetHints":{"allow":["GET"]}}],"collection":[{"href":"https:\/\/site.astrofoto.com.pt\/welcome\/wp-json\/wp\/v2\/product"}],"about":[{"href":"https:\/\/site.astrofoto.com.pt\/welcome\/wp-json\/wp\/v2\/types\/product"}],"replies":[{"embeddable":true,"href":"https:\/\/site.astrofoto.com.pt\/welcome\/wp-json\/wp\/v2\/comments?post=7966"}],"wp:featuredmedia":[{"embeddable":true,"href":"https:\/\/site.astrofoto.com.pt\/welcome\/wp-json\/wp\/v2\/media\/7967"}],"wp:attachment":[{"href":"https:\/\/site.astrofoto.com.pt\/welcome\/wp-json\/wp\/v2\/media?parent=7966"}],"wp:term":[{"taxonomy":"product_brand","embeddable":true,"href":"https:\/\/site.astrofoto.com.pt\/welcome\/wp-json\/wp\/v2\/product_brand?post=7966"},{"taxonomy":"product_cat","embeddable":true,"href":"https:\/\/site.astrofoto.com.pt\/welcome\/wp-json\/wp\/v2\/product_cat?post=7966"},{"taxonomy":"product_tag","embeddable":true,"href":"https:\/\/site.astrofoto.com.pt\/welcome\/wp-json\/wp\/v2\/product_tag?post=7966"}],"curies":[{"name":"wp","href":"https:\/\/api.w.org\/{rel}","templated":true}]}}