{"id":7907,"date":"2022-02-01T14:45:49","date_gmt":"2022-02-01T14:45:49","guid":{"rendered":"https:\/\/site.astrofoto.com.pt\/welcome\/?post_type=product&#038;p=7907"},"modified":"2023-07-19T11:11:12","modified_gmt":"2023-07-19T11:11:12","slug":"binoculo-barr-and-stroud-sahara10x50-fmc-waterproof","status":"publish","type":"product","link":"https:\/\/site.astrofoto.com.pt\/welcome\/produto\/binoculo-barr-and-stroud-sahara10x50-fmc-waterproof\/","title":{"rendered":"Binoculo Barr and Stroud Sahara 10&#215;50 FMC Waterproof"},"content":{"rendered":"<p><strong>Binoculo Barr and Stroud Sahara 10&#215;50 FMC Waterproof<\/strong><\/p>\n<p>\u2022 Aumentos: 10x<br \/>\n\u2022 Objectiva: 50mm<br \/>\n\u2022 \u00c2ngulo de Vis\u00e3o: 5,8\u00ba<br \/>\n\u2022 Campo de Vis\u00e3o a 1.000m: 101m<br \/>\n\u2022 Focagem a partir de: 2,5m<br \/>\n\u2022 Revestimento: Fully Multicoated<br \/>\n\u2022 <strong>Prismas: Bak4 (Barium)<\/strong><br \/>\n\u2022 Di\u00e2metro de pupila de sa\u00edda: 5mm<br \/>\n\u2022 Dist\u00e2ncia \u00e0 pupila (eye relief): 17,5mm<br \/>\n\u2022 Dist\u00e2ncia interpupilar: 60-75mm<br \/>\n\u2022 Focagem central<br \/>\n\u25ba\u00c0 prova de \u00e1gua e embaciamento (cheios a azoto)<br \/>\n\u2022 Teste de imers\u00e3o: 60s a 1m<br \/>\n\u25baCompacto (roof prism\u00e1tico)<br \/>\n\u2022 Dimens\u00f5es: 163x133x58mm<br \/>\n\u2022 Peso: 876g<\/p>\n<p>Este \u00e9 um design roof prism\u00e1tico que o torna ideal para todos os ambientes com capacidade de capta\u00e7\u00e3o de luz muito boa para astronomia e observa\u00e7\u00e3o de p\u00e1ssaros. O bin\u00f3culo oferece uma poderosa amplia\u00e7\u00e3o de 10x.<\/p>\n<p>A gama Sahara da Barr &amp; Stroud apresenta uma constru\u00e7\u00e3o robusta combinada com uma \u00f3tica brilhante. Eles s\u00e3o \u00e0 prova de \u00e1gua a uma profundidade de 1,5 m de \u00e1gua por tr\u00eas minutos, tempo suficiente para recuper\u00e1-los se voc\u00ea os deixar cair num riacho ou po\u00e7a. Isso requer um alto grau de qualidade mec\u00e2nica na constru\u00e7\u00e3o do bin\u00f3culo, que \u00e9 evidente assim que voc\u00ea segura o bin\u00f3culo ou usa a roda de foco super suave. Essa capacidade \u00e9 aprimorada ainda mais pelo corpo blindado de borracha dos bin\u00f3culos que o protege de choques e batidas.<\/p>\n<p>Os bin\u00f3culos s\u00e3o cheios com g\u00e1s nitrog\u00e9nio que \u00e9 \u00e0 prova de \u00e1gua e tamb\u00e9m impede que a \u00f3tica sofra embaciamento interno em condi\u00e7\u00f5es clim\u00e1ticas adversas.<\/p>\n<p>As lentes totalmente multi-revestidas s\u00e3o caracter\u00edsticas padr\u00e3o da linha Barr &amp; Stroud Sahara, assim como os prismas BAK-4. Isso garante que a maior quantidade de luz poss\u00edvel seja transmitida atrav\u00e9s da \u00f3tica, o que resulta em imagens ricas em contraste super brilhantes, mesmo em condi\u00e7\u00f5es de pouca luz, onde \u00f3ticas e revestimentos mais baratos resultam em uma perda dram\u00e1tica de desempenho.<\/p>\n<p>Para o conforto do utilizador, os bin\u00f3culos s\u00e3o fornecidos com protetores de borracha rotativos que os tornam igualmente pr\u00e1ticos para as pessoas usarem com ou sem \u00f3culos.<br \/>\nO mecanismo de foco r\u00e1pido leva do foco pr\u00f3ximo ao infinito em menos de uma volta do bot\u00e3o de controle de foco, o que garante que voc\u00ea possa acompanhar a a\u00e7\u00e3o, por mais r\u00e1pido que ela esteja acontecendo.<\/p>\n<p>Os Sahara 10&#215;50 s\u00e3o fornecidos com estojo de transporte, protetores contra chuva, tampas de lente amarradas, al\u00e7as e pano de limpeza de lentes.<\/p>\n","protected":false},"excerpt":{"rendered":"<p>Binoculo Barr and Stroud Sahara 10&#215;50 FMC Waterproof \u2022 Aumentos: 10x \u2022 Objectiva: 50mm \u2022 \u00c2ngulo de Vis\u00e3o: 5,8\u00ba \u2022 Campo de Vis\u00e3o a 1.000m: 101m \u2022 Focagem a partir de: 2,5m \u2022 Revestimento: Fully Multicoated \u2022 Prismas: Bak4 (Barium) \u2022 Di\u00e2metro de pupila de sa\u00edda: 5mm \u2022 Dist\u00e2ncia \u00e0 pupila (eye relief): 17,5mm \u2022<\/p>\n<div class=\"more-link\">\n\t\t\t\t <a href=\"https:\/\/site.astrofoto.com.pt\/welcome\/produto\/binoculo-barr-and-stroud-sahara10x50-fmc-waterproof\/\" class=\"btn theme-btn inverted\"><span>Continuar a Ler <\/span><\/a>\n\t\t\t<\/div>\n","protected":false},"featured_media":7909,"comment_status":"closed","ping_status":"closed","template":"","meta":[],"product_brand":[],"product_cat":[13,67],"product_tag":[],"class_list":{"0":"post-7907","1":"product","2":"type-product","3":"status-publish","4":"has-post-thumbnail","6":"product_cat-binoculos","7":"product_cat-https-site-astrofoto-com-pt-welcome-categoria-produto-novidade","9":"first","10":"outofstock","11":"sale","12":"shipping-taxable","13":"purchasable","14":"product-type-simple"},"_links":{"self":[{"href":"https:\/\/site.astrofoto.com.pt\/welcome\/wp-json\/wp\/v2\/product\/7907","targetHints":{"allow":["GET"]}}],"collection":[{"href":"https:\/\/site.astrofoto.com.pt\/welcome\/wp-json\/wp\/v2\/product"}],"about":[{"href":"https:\/\/site.astrofoto.com.pt\/welcome\/wp-json\/wp\/v2\/types\/product"}],"replies":[{"embeddable":true,"href":"https:\/\/site.astrofoto.com.pt\/welcome\/wp-json\/wp\/v2\/comments?post=7907"}],"wp:featuredmedia":[{"embeddable":true,"href":"https:\/\/site.astrofoto.com.pt\/welcome\/wp-json\/wp\/v2\/media\/7909"}],"wp:attachment":[{"href":"https:\/\/site.astrofoto.com.pt\/welcome\/wp-json\/wp\/v2\/media?parent=7907"}],"wp:term":[{"taxonomy":"product_brand","embeddable":true,"href":"https:\/\/site.astrofoto.com.pt\/welcome\/wp-json\/wp\/v2\/product_brand?post=7907"},{"taxonomy":"product_cat","embeddable":true,"href":"https:\/\/site.astrofoto.com.pt\/welcome\/wp-json\/wp\/v2\/product_cat?post=7907"},{"taxonomy":"product_tag","embeddable":true,"href":"https:\/\/site.astrofoto.com.pt\/welcome\/wp-json\/wp\/v2\/product_tag?post=7907"}],"curies":[{"name":"wp","href":"https:\/\/api.w.org\/{rel}","templated":true}]}}