{"id":79,"date":"2015-03-04T11:07:32","date_gmt":"2015-03-04T11:07:32","guid":{"rendered":"http:\/\/site.astrofoto.com.pt\/welcome\/?post_type=product&#038;p=79"},"modified":"2020-07-21T12:15:32","modified_gmt":"2020-07-21T12:15:32","slug":"telescopio-orion-skyquest-xt8-classico","status":"publish","type":"product","link":"https:\/\/site.astrofoto.com.pt\/welcome\/produto\/telescopio-orion-skyquest-xt8-classico\/","title":{"rendered":"Telescopio Orion SkyQuest XT8 Classico"},"content":{"rendered":"<p><strong><a href=\"http:\/\/site.astrofoto.com.pt\/welcome\/wp-content\/uploads\/2015\/03\/XT8.jpg\"><img fetchpriority=\"high\" decoding=\"async\" class=\"alignleft size-medium wp-image-80\" src=\"http:\/\/site.astrofoto.com.pt\/welcome\/wp-content\/uploads\/2015\/03\/XT8-293x300.jpg\" alt=\"XT8\" width=\"293\" height=\"300\" srcset=\"https:\/\/site.astrofoto.com.pt\/welcome\/wp-content\/uploads\/2015\/03\/XT8-293x300.jpg 293w, https:\/\/site.astrofoto.com.pt\/welcome\/wp-content\/uploads\/2015\/03\/XT8-450x460.jpg 450w, https:\/\/site.astrofoto.com.pt\/welcome\/wp-content\/uploads\/2015\/03\/XT8-300x307.jpg 300w, https:\/\/site.astrofoto.com.pt\/welcome\/wp-content\/uploads\/2015\/03\/XT8.jpg 503w\" sizes=\"(max-width: 293px) 100vw, 293px\" \/><\/a>Orion SkyQuest 8&#8243;<\/strong><\/p>\n<p>\u2022diametro: 203mm (6&#8243;)<br \/>\n\u2022focal: 1200mm f\/4.8<br \/>\nfocador: Crayford 2&#8243; e 1,25&#8243;<br \/>\n\u2022buscador: ExfinderII<br \/>\n\u2022ocular: PL25mm<br \/>\n\u2022montagem: Dobson<\/p>\n<p>\u008f Edi\u00e7\u00e3o gratis do programa Starry Night<\/p>\n<p>&nbsp;<\/p>\n<p class=\"style1\">** os portes dos telesc\u00f3pios n\u00e3o est\u00e3o incluidos na taxa de 5 \u20ac:<br \/>\n<a href=\"http:\/\/astrofoto.com.pt\/envios.htm\">http:\/\/astrofoto.com.pt\/envios.htm<\/a><\/p>\n","protected":false},"excerpt":{"rendered":"<p>Orion SkyQuest 8&#8243; \u2022diametro: 203mm (6&#8243;) \u2022focal: 1200mm f\/4.8 focador: Crayford 2&#8243; e 1,25&#8243; \u2022buscador: ExfinderII \u2022ocular: PL25mm \u2022montagem: Dobson \u008f Edi\u00e7\u00e3o gratis do programa Starry Night &nbsp; ** os portes dos telesc\u00f3pios n\u00e3o est\u00e3o incluidos na taxa de 5 \u20ac: http:\/\/astrofoto.com.pt\/envios.htm<\/p>\n","protected":false},"featured_media":80,"comment_status":"open","ping_status":"closed","template":"","meta":[],"product_brand":[],"product_cat":[6,15],"product_tag":[],"class_list":{"0":"post-79","1":"product","2":"type-product","3":"status-publish","4":"has-post-thumbnail","6":"product_cat-telescopios","7":"product_cat-telescopios-reflectores","8":"product_shipping_class-taxa-media","10":"first","11":"outofstock","12":"shipping-taxable","13":"purchasable","14":"product-type-simple"},"_links":{"self":[{"href":"https:\/\/site.astrofoto.com.pt\/welcome\/wp-json\/wp\/v2\/product\/79","targetHints":{"allow":["GET"]}}],"collection":[{"href":"https:\/\/site.astrofoto.com.pt\/welcome\/wp-json\/wp\/v2\/product"}],"about":[{"href":"https:\/\/site.astrofoto.com.pt\/welcome\/wp-json\/wp\/v2\/types\/product"}],"replies":[{"embeddable":true,"href":"https:\/\/site.astrofoto.com.pt\/welcome\/wp-json\/wp\/v2\/comments?post=79"}],"wp:featuredmedia":[{"embeddable":true,"href":"https:\/\/site.astrofoto.com.pt\/welcome\/wp-json\/wp\/v2\/media\/80"}],"wp:attachment":[{"href":"https:\/\/site.astrofoto.com.pt\/welcome\/wp-json\/wp\/v2\/media?parent=79"}],"wp:term":[{"taxonomy":"product_brand","embeddable":true,"href":"https:\/\/site.astrofoto.com.pt\/welcome\/wp-json\/wp\/v2\/product_brand?post=79"},{"taxonomy":"product_cat","embeddable":true,"href":"https:\/\/site.astrofoto.com.pt\/welcome\/wp-json\/wp\/v2\/product_cat?post=79"},{"taxonomy":"product_tag","embeddable":true,"href":"https:\/\/site.astrofoto.com.pt\/welcome\/wp-json\/wp\/v2\/product_tag?post=79"}],"curies":[{"name":"wp","href":"https:\/\/api.w.org\/{rel}","templated":true}]}}