{"id":7894,"date":"2022-01-24T14:51:53","date_gmt":"2022-01-24T14:51:53","guid":{"rendered":"https:\/\/site.astrofoto.com.pt\/welcome\/?post_type=product&#038;p=7894"},"modified":"2022-10-31T20:31:15","modified_gmt":"2022-10-31T20:31:15","slug":"gerador-de-flats-geoptik-164mm","status":"publish","type":"product","link":"https:\/\/site.astrofoto.com.pt\/welcome\/produto\/gerador-de-flats-geoptik-164mm\/","title":{"rendered":"gerador de flats Geoptik 164mm"},"content":{"rendered":"<p><strong>gerador de flats Geoptik 164mm<br \/>\nFlat Field Generator<br \/>\n<\/strong><\/p>\n<p>\u25ba ilumina\u00e7\u00e3o homog\u00e9nia de toda a superf\u00edcie<\/p>\n<p>\u2022Di\u00e2metro Interno max: 164mm<br \/>\n\u2022Di\u00e2metro Interno min: 110mm<br \/>\n\u2022 Alimenta\u00e7\u00e3o: 12V<br \/>\n\u2022 Cabo de isqueiro + cabo electrico<br \/>\n\u2022 Regulador de intensidade<br \/>\n\u2022 Peso: 450gr<br \/>\n\u2022 Cor: preto<\/p>\n<p>\u25batipo mascara\/tampa<\/p>\n<p>\u25ba ver no <a href=\"https:\/\/www.youtube.com\/watch?v=2hlOtF5H56s\">youtube<\/a><\/p>\n<p><strong>\u00a0<\/strong><\/p>\n","protected":false},"excerpt":{"rendered":"<p>gerador de flats Geoptik 164mm Flat Field Generator \u25ba ilumina\u00e7\u00e3o homog\u00e9nia de toda a superf\u00edcie \u2022Di\u00e2metro Interno max: 164mm \u2022Di\u00e2metro Interno min: 110mm \u2022 Alimenta\u00e7\u00e3o: 12V \u2022 Cabo de isqueiro + cabo electrico \u2022 Regulador de intensidade \u2022 Peso: 450gr \u2022 Cor: preto \u25batipo mascara\/tampa \u25ba ver no youtube \u00a0<\/p>\n","protected":false},"featured_media":7889,"comment_status":"closed","ping_status":"closed","template":"","meta":[],"product_brand":[],"product_cat":[34,67],"product_tag":[],"class_list":{"0":"post-7894","1":"product","2":"type-product","3":"status-publish","4":"has-post-thumbnail","6":"product_cat-acessoriosfotografia","7":"product_cat-https-site-astrofoto-com-pt-welcome-categoria-produto-novidade","9":"first","10":"onbackorder","11":"shipping-taxable","12":"purchasable","13":"product-type-simple"},"_links":{"self":[{"href":"https:\/\/site.astrofoto.com.pt\/welcome\/wp-json\/wp\/v2\/product\/7894","targetHints":{"allow":["GET"]}}],"collection":[{"href":"https:\/\/site.astrofoto.com.pt\/welcome\/wp-json\/wp\/v2\/product"}],"about":[{"href":"https:\/\/site.astrofoto.com.pt\/welcome\/wp-json\/wp\/v2\/types\/product"}],"replies":[{"embeddable":true,"href":"https:\/\/site.astrofoto.com.pt\/welcome\/wp-json\/wp\/v2\/comments?post=7894"}],"wp:featuredmedia":[{"embeddable":true,"href":"https:\/\/site.astrofoto.com.pt\/welcome\/wp-json\/wp\/v2\/media\/7889"}],"wp:attachment":[{"href":"https:\/\/site.astrofoto.com.pt\/welcome\/wp-json\/wp\/v2\/media?parent=7894"}],"wp:term":[{"taxonomy":"product_brand","embeddable":true,"href":"https:\/\/site.astrofoto.com.pt\/welcome\/wp-json\/wp\/v2\/product_brand?post=7894"},{"taxonomy":"product_cat","embeddable":true,"href":"https:\/\/site.astrofoto.com.pt\/welcome\/wp-json\/wp\/v2\/product_cat?post=7894"},{"taxonomy":"product_tag","embeddable":true,"href":"https:\/\/site.astrofoto.com.pt\/welcome\/wp-json\/wp\/v2\/product_tag?post=7894"}],"curies":[{"name":"wp","href":"https:\/\/api.w.org\/{rel}","templated":true}]}}