{"id":7772,"date":"2021-12-21T22:42:08","date_gmt":"2021-12-21T21:42:08","guid":{"rendered":"https:\/\/site.astrofoto.com.pt\/welcome\/?post_type=product&#038;p=7772"},"modified":"2021-12-27T13:26:05","modified_gmt":"2021-12-27T12:26:05","slug":"gso-newton-12-f-4-ota","status":"publish","type":"product","link":"https:\/\/site.astrofoto.com.pt\/welcome\/produto\/gso-newton-12-f-4-ota\/","title":{"rendered":"GSO Newton 12&#8243; f\/4 OTA"},"content":{"rendered":"<p><strong>GSO Newton 12&#8243; f\/4 OTA<\/strong><\/p>\n<p>Abertura: \u00d8 300 mm<br \/>\nDistancia focal : 1200mm<br \/>\nRaz\u00e3o focal:\u00a0<strong> F\/4<\/strong><br \/>\nEspelho primario parab\u00f3lico com <strong>reflectividade de 94%<\/strong><br \/>\nFocador de 2&#8243; com redutor a 1\u00bc&#8221;, de dupla velocidade.<br \/>\nBuscador: 8&#215;50<br \/>\nVentila\u00e7\u00e3o do espelho primario<br \/>\nBra\u00e7adeiras e dovetail tipo vixen\/skywatcher<br \/>\nPeso: 21,5 Kg com bra\u00e7adeiras e buscador incluidos<br \/>\nDi\u00e2metro do tubo: 356 mm<br \/>\nComprimento do tubo: 1200mm<br \/>\nDimens\u00f5es da caixa: 50x56x132cm<\/p>\n<p>&nbsp;<\/p>\n","protected":false},"excerpt":{"rendered":"<p>GSO Newton 12&#8243; f\/4 OTA Abertura: \u00d8 300 mm Distancia focal : 1200mm Raz\u00e3o focal:\u00a0 F\/4 Espelho primario parab\u00f3lico com reflectividade de 94% Focador de 2&#8243; com redutor a 1\u00bc&#8221;, de dupla velocidade. Buscador: 8&#215;50 Ventila\u00e7\u00e3o do espelho primario Bra\u00e7adeiras e dovetail tipo vixen\/skywatcher Peso: 21,5 Kg com bra\u00e7adeiras e buscador incluidos Di\u00e2metro do tubo:<\/p>\n<div class=\"more-link\">\n\t\t\t\t <a href=\"https:\/\/site.astrofoto.com.pt\/welcome\/produto\/gso-newton-12-f-4-ota\/\" class=\"btn theme-btn inverted\"><span>Continuar a Ler <\/span><\/a>\n\t\t\t<\/div>\n","protected":false},"featured_media":7801,"comment_status":"closed","ping_status":"closed","template":"","meta":[],"product_brand":[],"product_cat":[15],"product_tag":[],"class_list":{"0":"post-7772","1":"product","2":"type-product","3":"status-publish","4":"has-post-thumbnail","6":"product_cat-telescopios-reflectores","8":"first","9":"onbackorder","10":"shipping-taxable","11":"purchasable","12":"product-type-simple"},"_links":{"self":[{"href":"https:\/\/site.astrofoto.com.pt\/welcome\/wp-json\/wp\/v2\/product\/7772","targetHints":{"allow":["GET"]}}],"collection":[{"href":"https:\/\/site.astrofoto.com.pt\/welcome\/wp-json\/wp\/v2\/product"}],"about":[{"href":"https:\/\/site.astrofoto.com.pt\/welcome\/wp-json\/wp\/v2\/types\/product"}],"replies":[{"embeddable":true,"href":"https:\/\/site.astrofoto.com.pt\/welcome\/wp-json\/wp\/v2\/comments?post=7772"}],"wp:featuredmedia":[{"embeddable":true,"href":"https:\/\/site.astrofoto.com.pt\/welcome\/wp-json\/wp\/v2\/media\/7801"}],"wp:attachment":[{"href":"https:\/\/site.astrofoto.com.pt\/welcome\/wp-json\/wp\/v2\/media?parent=7772"}],"wp:term":[{"taxonomy":"product_brand","embeddable":true,"href":"https:\/\/site.astrofoto.com.pt\/welcome\/wp-json\/wp\/v2\/product_brand?post=7772"},{"taxonomy":"product_cat","embeddable":true,"href":"https:\/\/site.astrofoto.com.pt\/welcome\/wp-json\/wp\/v2\/product_cat?post=7772"},{"taxonomy":"product_tag","embeddable":true,"href":"https:\/\/site.astrofoto.com.pt\/welcome\/wp-json\/wp\/v2\/product_tag?post=7772"}],"curies":[{"name":"wp","href":"https:\/\/api.w.org\/{rel}","templated":true}]}}