{"id":7754,"date":"2021-12-20T12:24:09","date_gmt":"2021-12-20T11:24:09","guid":{"rendered":"https:\/\/site.astrofoto.com.pt\/welcome\/?post_type=product&#038;p=7754"},"modified":"2022-02-17T17:03:03","modified_gmt":"2022-02-17T17:03:03","slug":"telescopio-bresser-dobson-150-750-messier-dob","status":"publish","type":"product","link":"https:\/\/site.astrofoto.com.pt\/welcome\/produto\/telescopio-bresser-dobson-150-750-messier-dob\/","title":{"rendered":"Telescopio Bresser Dobson  150\/750 Messier DOB"},"content":{"rendered":"<p><strong>Telescopio Bresser Dobson 150\/750 Messier DOB<\/strong><\/p>\n<p>Abertura: 150mm<br \/>\nDist\u00e2ncia Focal: 750mm<br \/>\nRaz\u00e3o focal: f\/5<br \/>\nDi\u00e2metro do Tubo: 180mm<br \/>\nComprimento do Tubo: 685mm<br \/>\nTubo em a\u00e7o<br \/>\nEspelho secund\u00e1rio: 55mm<br \/>\nObstru\u00e7\u00e3o do esp secund\u00e1rio: 37%<br \/>\nFocador: cremalheira 2&#8243;\/1.25&#8243;<br \/>\nOculares: 25mm e 9mm 1.25&#8243;<br \/>\nPeso Total: 9,2Kg<\/p>\n<p>&nbsp;<\/p>\n","protected":false},"excerpt":{"rendered":"<p>Telescopio Bresser Dobson 150\/750 Messier DOB Abertura: 150mm Dist\u00e2ncia Focal: 750mm Raz\u00e3o focal: f\/5 Di\u00e2metro do Tubo: 180mm Comprimento do Tubo: 685mm Tubo em a\u00e7o Espelho secund\u00e1rio: 55mm Obstru\u00e7\u00e3o do esp secund\u00e1rio: 37% Focador: cremalheira 2&#8243;\/1.25&#8243; Oculares: 25mm e 9mm 1.25&#8243; Peso Total: 9,2Kg &nbsp;<\/p>\n","protected":false},"featured_media":7755,"comment_status":"closed","ping_status":"closed","template":"","meta":[],"product_brand":[],"product_cat":[15],"product_tag":[],"class_list":{"0":"post-7754","1":"product","2":"type-product","3":"status-publish","4":"has-post-thumbnail","6":"product_cat-telescopios-reflectores","8":"first","9":"onbackorder","10":"shipping-taxable","11":"purchasable","12":"product-type-simple"},"_links":{"self":[{"href":"https:\/\/site.astrofoto.com.pt\/welcome\/wp-json\/wp\/v2\/product\/7754","targetHints":{"allow":["GET"]}}],"collection":[{"href":"https:\/\/site.astrofoto.com.pt\/welcome\/wp-json\/wp\/v2\/product"}],"about":[{"href":"https:\/\/site.astrofoto.com.pt\/welcome\/wp-json\/wp\/v2\/types\/product"}],"replies":[{"embeddable":true,"href":"https:\/\/site.astrofoto.com.pt\/welcome\/wp-json\/wp\/v2\/comments?post=7754"}],"wp:featuredmedia":[{"embeddable":true,"href":"https:\/\/site.astrofoto.com.pt\/welcome\/wp-json\/wp\/v2\/media\/7755"}],"wp:attachment":[{"href":"https:\/\/site.astrofoto.com.pt\/welcome\/wp-json\/wp\/v2\/media?parent=7754"}],"wp:term":[{"taxonomy":"product_brand","embeddable":true,"href":"https:\/\/site.astrofoto.com.pt\/welcome\/wp-json\/wp\/v2\/product_brand?post=7754"},{"taxonomy":"product_cat","embeddable":true,"href":"https:\/\/site.astrofoto.com.pt\/welcome\/wp-json\/wp\/v2\/product_cat?post=7754"},{"taxonomy":"product_tag","embeddable":true,"href":"https:\/\/site.astrofoto.com.pt\/welcome\/wp-json\/wp\/v2\/product_tag?post=7754"}],"curies":[{"name":"wp","href":"https:\/\/api.w.org\/{rel}","templated":true}]}}