{"id":759,"date":"2015-08-28T16:03:54","date_gmt":"2015-08-28T16:03:54","guid":{"rendered":"http:\/\/site.astrofoto.com.pt\/welcome\/?post_type=product&#038;p=759"},"modified":"2016-10-14T17:04:39","modified_gmt":"2016-10-14T17:04:39","slug":"adaptador-digiscoping-para-2","status":"publish","type":"product","link":"https:\/\/site.astrofoto.com.pt\/welcome\/produto\/adaptador-digiscoping-para-2\/","title":{"rendered":"Adaptador digiscoping para 2&#8243;"},"content":{"rendered":"<p><a href=\"http:\/\/site.astrofoto.com.pt\/welcome\/wp-content\/uploads\/2015\/08\/s3.jpg\"><img decoding=\"async\" class=\"alignleft size-full wp-image-760\" src=\"http:\/\/site.astrofoto.com.pt\/welcome\/wp-content\/uploads\/2015\/08\/s3.jpg\" alt=\"s3\" width=\"166\" height=\"274\" srcset=\"https:\/\/site.astrofoto.com.pt\/welcome\/wp-content\/uploads\/2015\/08\/s3.jpg 166w, https:\/\/site.astrofoto.com.pt\/welcome\/wp-content\/uploads\/2015\/08\/s3-150x248.jpg 150w\" sizes=\"(max-width: 166px) 100vw, 166px\" \/><\/a>\u2022 Adaptador universal robusto<br \/>\n\u2022para oculares de 2&#8243; (ajuste m\u00ednimo a 45mm)<br \/>\n\u2022 M\u00faltiplos acertos e afina\u00e7\u00f5es<br \/>\n\u2022 Adapta qualquer c\u00e2mara n\u00e3o SLR (a objectiva n\u00e3o sai)<\/p>\n","protected":false},"excerpt":{"rendered":"<p>\u2022 Adaptador universal robusto \u2022para oculares de 2&#8243; (ajuste m\u00ednimo a 45mm) \u2022 M\u00faltiplos acertos e afina\u00e7\u00f5es \u2022 Adapta qualquer c\u00e2mara n\u00e3o SLR (a objectiva n\u00e3o sai)<\/p>\n","protected":false},"featured_media":760,"comment_status":"open","ping_status":"closed","template":"","meta":[],"product_brand":[],"product_cat":[22],"product_tag":[],"class_list":{"0":"post-759","1":"product","2":"type-product","3":"status-publish","4":"has-post-thumbnail","6":"product_cat-spotting-scopes","7":"product_shipping_class-taxa-minima","9":"first","10":"onbackorder","11":"shipping-taxable","12":"purchasable","13":"product-type-simple"},"_links":{"self":[{"href":"https:\/\/site.astrofoto.com.pt\/welcome\/wp-json\/wp\/v2\/product\/759","targetHints":{"allow":["GET"]}}],"collection":[{"href":"https:\/\/site.astrofoto.com.pt\/welcome\/wp-json\/wp\/v2\/product"}],"about":[{"href":"https:\/\/site.astrofoto.com.pt\/welcome\/wp-json\/wp\/v2\/types\/product"}],"replies":[{"embeddable":true,"href":"https:\/\/site.astrofoto.com.pt\/welcome\/wp-json\/wp\/v2\/comments?post=759"}],"wp:featuredmedia":[{"embeddable":true,"href":"https:\/\/site.astrofoto.com.pt\/welcome\/wp-json\/wp\/v2\/media\/760"}],"wp:attachment":[{"href":"https:\/\/site.astrofoto.com.pt\/welcome\/wp-json\/wp\/v2\/media?parent=759"}],"wp:term":[{"taxonomy":"product_brand","embeddable":true,"href":"https:\/\/site.astrofoto.com.pt\/welcome\/wp-json\/wp\/v2\/product_brand?post=759"},{"taxonomy":"product_cat","embeddable":true,"href":"https:\/\/site.astrofoto.com.pt\/welcome\/wp-json\/wp\/v2\/product_cat?post=759"},{"taxonomy":"product_tag","embeddable":true,"href":"https:\/\/site.astrofoto.com.pt\/welcome\/wp-json\/wp\/v2\/product_tag?post=759"}],"curies":[{"name":"wp","href":"https:\/\/api.w.org\/{rel}","templated":true}]}}