{"id":7530,"date":"2021-11-18T16:33:14","date_gmt":"2021-11-18T16:33:14","guid":{"rendered":"https:\/\/site.astrofoto.com.pt\/welcome\/?post_type=product&#038;p=7530"},"modified":"2025-12-01T18:21:40","modified_gmt":"2025-12-01T18:21:40","slug":"binoculo-levenhuk-atom-7x50","status":"publish","type":"product","link":"https:\/\/site.astrofoto.com.pt\/welcome\/produto\/binoculo-levenhuk-atom-7x50\/","title":{"rendered":"Binoculo Levenhuk Atom 7&#215;50"},"content":{"rendered":"<p><strong>Binoculo Levenhuk Atom 7&#215;50<\/strong><\/p>\n<p>Amplia\u00e7\u00e3o: 7x<br \/>\nTipo de prismas: Porro<br \/>\nTipo de vidro optico: BK-7<br \/>\nRevestimento das lentes: fully coated<br \/>\nDi\u00e2metro da Objectiva: 50mm<br \/>\nPupila de saida: 7.1mm*<br \/>\n<em>\u25ba*ideal para idades at\u00e9 45 anos pela grande abertura de pupila<\/em><strong><em>.<\/em><\/strong><br \/>\nEye relief: 24mm<br \/>\nAngulo de vis\u00e3o: 6.8\u00ba<br \/>\nFocagem a partir de: 10m<br \/>\nAjuste de diopterias: \u00b13<br \/>\nDist\u00e2ncia interpupilar: 56\u201372mm<br \/>\nBrilho relativo: 51<br \/>\nOculares: prote\u00e7\u00e3o em borracha<br \/>\nDimens\u00f5es: 20x18x7cm<\/p>\n","protected":false},"excerpt":{"rendered":"<p>Binoculo Levenhuk Atom 7&#215;50 Amplia\u00e7\u00e3o: 7x Tipo de prismas: Porro Tipo de vidro optico: BK-7 Revestimento das lentes: fully coated Di\u00e2metro da Objectiva: 50mm Pupila de saida: 7.1mm* \u25ba*ideal para idades at\u00e9 45 anos pela grande abertura de pupila. Eye relief: 24mm Angulo de vis\u00e3o: 6.8\u00ba Focagem a partir de: 10m Ajuste de diopterias: \u00b13<\/p>\n<div class=\"more-link\">\n\t\t\t\t <a href=\"https:\/\/site.astrofoto.com.pt\/welcome\/produto\/binoculo-levenhuk-atom-7x50\/\" class=\"btn theme-btn inverted\"><span>Continuar a Ler <\/span><\/a>\n\t\t\t<\/div>\n","protected":false},"featured_media":7532,"comment_status":"closed","ping_status":"closed","template":"","meta":[],"product_brand":[],"product_cat":[13],"product_tag":[],"class_list":{"0":"post-7530","1":"product","2":"type-product","3":"status-publish","4":"has-post-thumbnail","6":"product_cat-binoculos","8":"first","9":"onbackorder","10":"sale","11":"shipping-taxable","12":"purchasable","13":"product-type-simple"},"_links":{"self":[{"href":"https:\/\/site.astrofoto.com.pt\/welcome\/wp-json\/wp\/v2\/product\/7530","targetHints":{"allow":["GET"]}}],"collection":[{"href":"https:\/\/site.astrofoto.com.pt\/welcome\/wp-json\/wp\/v2\/product"}],"about":[{"href":"https:\/\/site.astrofoto.com.pt\/welcome\/wp-json\/wp\/v2\/types\/product"}],"replies":[{"embeddable":true,"href":"https:\/\/site.astrofoto.com.pt\/welcome\/wp-json\/wp\/v2\/comments?post=7530"}],"wp:featuredmedia":[{"embeddable":true,"href":"https:\/\/site.astrofoto.com.pt\/welcome\/wp-json\/wp\/v2\/media\/7532"}],"wp:attachment":[{"href":"https:\/\/site.astrofoto.com.pt\/welcome\/wp-json\/wp\/v2\/media?parent=7530"}],"wp:term":[{"taxonomy":"product_brand","embeddable":true,"href":"https:\/\/site.astrofoto.com.pt\/welcome\/wp-json\/wp\/v2\/product_brand?post=7530"},{"taxonomy":"product_cat","embeddable":true,"href":"https:\/\/site.astrofoto.com.pt\/welcome\/wp-json\/wp\/v2\/product_cat?post=7530"},{"taxonomy":"product_tag","embeddable":true,"href":"https:\/\/site.astrofoto.com.pt\/welcome\/wp-json\/wp\/v2\/product_tag?post=7530"}],"curies":[{"name":"wp","href":"https:\/\/api.w.org\/{rel}","templated":true}]}}