{"id":7526,"date":"2021-11-18T16:12:21","date_gmt":"2021-11-18T15:12:21","guid":{"rendered":"https:\/\/site.astrofoto.com.pt\/welcome\/?post_type=product&#038;p=7526"},"modified":"2023-11-06T18:37:48","modified_gmt":"2023-11-06T18:37:48","slug":"telescopio-levenhuk-dob76","status":"publish","type":"product","link":"https:\/\/site.astrofoto.com.pt\/welcome\/produto\/telescopio-levenhuk-dob76\/","title":{"rendered":"Telescopio Levenhuk Dob76"},"content":{"rendered":"<p><strong>Telescopio Levenhuk Dob76<\/strong><\/p>\n<p>\u25baCriado como primeiro telescopio no \u00e2mbito do Ano Internacional da Astronomia<br \/>\n\u25baF\u00e1cil de manobrar, sem folgas comuns aos pequenos refractores altazimutais<\/p>\n<p>Telesc\u00f3pio Levenhuk LabZZ D1<br \/>\nOcular H6, 1.25&#8221;.<br \/>\nOcular H20, 1.25&#8221;.<br \/>\nLente Barlow 2x<br \/>\nManual do utilizador e garantia vital\u00edcia<\/p>\n<p>Especifica\u00e7\u00f5es:<br \/>\nDesign \u00f3ptico: refletor<br \/>\nObjectiva: 76mm Newton<br \/>\nRevestimento \u00f3ptico: totalmente multi-revestido<br \/>\nDi\u00e2metro do espelho prim\u00e1rio (abertura): 76mm<br \/>\nComprimento focal: 300mm<br \/>\nPot\u00eancia pr\u00e1tica mais elevada: 152x<br \/>\nR\u00e1cio focal: f\/3.95<br \/>\nOculares: H6 (50x), H20 (15x)<br \/>\nDi\u00e2metro das oculares: 1.25&#8243;<br \/>\nLente Barlow: 2x<br \/>\nControlo do telesc\u00f3pio: manual<br \/>\nMontagem: dobsoniana girat\u00f3ria a 360\u00ba<br \/>\nDimens\u00f5es de montagem: 34mm (altura)<br \/>\nUtiliza\u00e7\u00e3o: Produto de uso geral. Pode ser utilizado por crian\u00e7as com mais de 3 anos.<\/p>\n<p>&nbsp;<\/p>\n","protected":false},"excerpt":{"rendered":"<p>Telescopio Levenhuk Dob76 \u25baCriado como primeiro telescopio no \u00e2mbito do Ano Internacional da Astronomia \u25baF\u00e1cil de manobrar, sem folgas comuns aos pequenos refractores altazimutais Telesc\u00f3pio Levenhuk LabZZ D1 Ocular H6, 1.25&#8221;. Ocular H20, 1.25&#8221;. Lente Barlow 2x Manual do utilizador e garantia vital\u00edcia Especifica\u00e7\u00f5es: Design \u00f3ptico: refletor Objectiva: 76mm Newton Revestimento \u00f3ptico: totalmente multi-revestido Di\u00e2metro<\/p>\n<div class=\"more-link\">\n\t\t\t\t <a href=\"https:\/\/site.astrofoto.com.pt\/welcome\/produto\/telescopio-levenhuk-dob76\/\" class=\"btn theme-btn inverted\"><span>Continuar a Ler <\/span><\/a>\n\t\t\t<\/div>\n","protected":false},"featured_media":7527,"comment_status":"closed","ping_status":"closed","template":"","meta":[],"product_brand":[],"product_cat":[15],"product_tag":[],"class_list":{"0":"post-7526","1":"product","2":"type-product","3":"status-publish","4":"has-post-thumbnail","6":"product_cat-telescopios-reflectores","8":"first","9":"outofstock","10":"shipping-taxable","11":"purchasable","12":"product-type-simple"},"_links":{"self":[{"href":"https:\/\/site.astrofoto.com.pt\/welcome\/wp-json\/wp\/v2\/product\/7526","targetHints":{"allow":["GET"]}}],"collection":[{"href":"https:\/\/site.astrofoto.com.pt\/welcome\/wp-json\/wp\/v2\/product"}],"about":[{"href":"https:\/\/site.astrofoto.com.pt\/welcome\/wp-json\/wp\/v2\/types\/product"}],"replies":[{"embeddable":true,"href":"https:\/\/site.astrofoto.com.pt\/welcome\/wp-json\/wp\/v2\/comments?post=7526"}],"wp:featuredmedia":[{"embeddable":true,"href":"https:\/\/site.astrofoto.com.pt\/welcome\/wp-json\/wp\/v2\/media\/7527"}],"wp:attachment":[{"href":"https:\/\/site.astrofoto.com.pt\/welcome\/wp-json\/wp\/v2\/media?parent=7526"}],"wp:term":[{"taxonomy":"product_brand","embeddable":true,"href":"https:\/\/site.astrofoto.com.pt\/welcome\/wp-json\/wp\/v2\/product_brand?post=7526"},{"taxonomy":"product_cat","embeddable":true,"href":"https:\/\/site.astrofoto.com.pt\/welcome\/wp-json\/wp\/v2\/product_cat?post=7526"},{"taxonomy":"product_tag","embeddable":true,"href":"https:\/\/site.astrofoto.com.pt\/welcome\/wp-json\/wp\/v2\/product_tag?post=7526"}],"curies":[{"name":"wp","href":"https:\/\/api.w.org\/{rel}","templated":true}]}}