{"id":7521,"date":"2021-11-18T16:05:55","date_gmt":"2021-11-18T15:05:55","guid":{"rendered":"https:\/\/site.astrofoto.com.pt\/welcome\/?post_type=product&#038;p=7521"},"modified":"2023-12-21T18:15:35","modified_gmt":"2023-12-21T18:15:35","slug":"telescopio-microscopio-e-binoculo-levenhuk-kit","status":"publish","type":"product","link":"https:\/\/site.astrofoto.com.pt\/welcome\/produto\/telescopio-microscopio-e-binoculo-levenhuk-kit\/","title":{"rendered":"Telescopio, Microscopio e binoculo Levenhuk Kit"},"content":{"rendered":"<p><strong>Telescopio, Microscopio e binoculo Levenhuk Kit<\/strong><\/p>\n<p>Especifica\u00e7\u00f5es do telesc\u00f3pio:<br \/>\nDesenho \u00f3ptico: refrator<br \/>\nAbertura: 50mm<br \/>\nDist\u00e2ncia focal: 600mm<br \/>\nAmplia\u00e7\u00e3o: 60-120x<br \/>\nRaz\u00e3o focal: f\/12<br \/>\nOculares: 5mm, 10mm<br \/>\nBuscador: \u00f3ptico, 2x<br \/>\nTrip\u00e9: alum\u00ednio<br \/>\nAltura do trip\u00e9 (ajust\u00e1vel): 25.6\u201345.3 (in)<br \/>\nMontagem: AZ<\/p>\n<p>Especifica\u00e7\u00f5es do microsc\u00f3pio:<br \/>\nCabe\u00e7a: monocular<br \/>\nMaterial \u00f3ptico: pl\u00e1stico \u00f3ptico<br \/>\nAmplia\u00e7\u00e3o: 150-900x<br \/>\nOculares: 10\u0445<br \/>\nObjectivas: 15\u0445, 45\u0445, 90\u0445<br \/>\nPorta-objetivas girat\u00f3rio: 3 objectivas<br \/>\nFoco: manual<br \/>\nIlumina\u00e7\u00e3o: LED, espelho<br \/>\nFonte de alimenta\u00e7\u00e3o: 2 pilhas AA<\/p>\n<p>Especifica\u00e7\u00f5es dos bin\u00f3culos:<br \/>\nAmplia\u00e7\u00e3o: 6x<br \/>\nTipo: roof<br \/>\nMaterial \u00f3ptico: vidro \u00f3ptico<br \/>\nRevestimento \u00f3ptico: anti-reflexo<br \/>\nDi\u00e2metro da lente objetiva (abertura): 21mm<br \/>\nFocagem: central<br \/>\nMaterial do corpo: pl\u00e1stico<\/p>\n<p>&nbsp;<\/p>\n<p>&nbsp;<\/p>\n","protected":false},"excerpt":{"rendered":"<p>Telescopio, Microscopio e binoculo Levenhuk Kit Especifica\u00e7\u00f5es do telesc\u00f3pio: Desenho \u00f3ptico: refrator Abertura: 50mm Dist\u00e2ncia focal: 600mm Amplia\u00e7\u00e3o: 60-120x Raz\u00e3o focal: f\/12 Oculares: 5mm, 10mm Buscador: \u00f3ptico, 2x Trip\u00e9: alum\u00ednio Altura do trip\u00e9 (ajust\u00e1vel): 25.6\u201345.3 (in) Montagem: AZ Especifica\u00e7\u00f5es do microsc\u00f3pio: Cabe\u00e7a: monocular Material \u00f3ptico: pl\u00e1stico \u00f3ptico Amplia\u00e7\u00e3o: 150-900x Oculares: 10\u0445 Objectivas: 15\u0445, 45\u0445, 90\u0445<\/p>\n<div class=\"more-link\">\n\t\t\t\t <a href=\"https:\/\/site.astrofoto.com.pt\/welcome\/produto\/telescopio-microscopio-e-binoculo-levenhuk-kit\/\" class=\"btn theme-btn inverted\"><span>Continuar a Ler <\/span><\/a>\n\t\t\t<\/div>\n","protected":false},"featured_media":7523,"comment_status":"closed","ping_status":"closed","template":"","meta":[],"product_brand":[],"product_cat":[13,33,16],"product_tag":[],"class_list":{"0":"post-7521","1":"product","2":"type-product","3":"status-publish","4":"has-post-thumbnail","6":"product_cat-binoculos","7":"product_cat-microscopios","8":"product_cat-telescopios-refractores","10":"first","11":"outofstock","12":"shipping-taxable","13":"purchasable","14":"product-type-simple"},"_links":{"self":[{"href":"https:\/\/site.astrofoto.com.pt\/welcome\/wp-json\/wp\/v2\/product\/7521","targetHints":{"allow":["GET"]}}],"collection":[{"href":"https:\/\/site.astrofoto.com.pt\/welcome\/wp-json\/wp\/v2\/product"}],"about":[{"href":"https:\/\/site.astrofoto.com.pt\/welcome\/wp-json\/wp\/v2\/types\/product"}],"replies":[{"embeddable":true,"href":"https:\/\/site.astrofoto.com.pt\/welcome\/wp-json\/wp\/v2\/comments?post=7521"}],"wp:featuredmedia":[{"embeddable":true,"href":"https:\/\/site.astrofoto.com.pt\/welcome\/wp-json\/wp\/v2\/media\/7523"}],"wp:attachment":[{"href":"https:\/\/site.astrofoto.com.pt\/welcome\/wp-json\/wp\/v2\/media?parent=7521"}],"wp:term":[{"taxonomy":"product_brand","embeddable":true,"href":"https:\/\/site.astrofoto.com.pt\/welcome\/wp-json\/wp\/v2\/product_brand?post=7521"},{"taxonomy":"product_cat","embeddable":true,"href":"https:\/\/site.astrofoto.com.pt\/welcome\/wp-json\/wp\/v2\/product_cat?post=7521"},{"taxonomy":"product_tag","embeddable":true,"href":"https:\/\/site.astrofoto.com.pt\/welcome\/wp-json\/wp\/v2\/product_tag?post=7521"}],"curies":[{"name":"wp","href":"https:\/\/api.w.org\/{rel}","templated":true}]}}