{"id":750,"date":"2015-08-28T14:38:37","date_gmt":"2015-08-28T14:38:37","guid":{"rendered":"http:\/\/site.astrofoto.com.pt\/welcome\/?post_type=product&#038;p=750"},"modified":"2022-11-11T17:43:34","modified_gmt":"2022-11-11T17:43:34","slug":"celestron-nexstar-102-slt","status":"publish","type":"product","link":"https:\/\/site.astrofoto.com.pt\/welcome\/produto\/celestron-nexstar-102-slt\/","title":{"rendered":"Celestron &#8211; Nexstar 102 &#8211; SLT"},"content":{"rendered":"<p>\u2022 Abertura: 102 mm<br \/>\n\u2022 Dist\u00e2ncia focal: 660 mm<br \/>\n\u2022 Rela\u00e7\u00e3o focal: f\/6.5<br \/>\n\u2022 Montagem Azimutal motorizada em ambos os eixos<br \/>\n\u2022 Nove velocidades de movimento: 4\u00ba\/seg, 2\u00ba\/seg, 1\u00ba\/seg, 0.5\u00ba\/seg, 32x, 16x, 8x, 4x, 2x<br \/>\n\u2022 Oculares de 25 mm (26x) e 10 mm (66x)<br \/>\n\u2022 Diagonal 90\u00ba<br \/>\n\u2022 Buscador Red Dot<br \/>\n\u2022 Trip\u00e9 em alum\u00ednio<br \/>\n\u2022 Unidade de controlo Nexstar com fun\u00e7\u00e3o GoTo e 4000 objectos em mem\u00f3ria.<br \/>\n\u2022 Software em CD-ROM &#8220;The Sky Level 1&#8221;<br \/>\n\u2022 Programa de Control NSOL<\/p>\n<p class=\"style1\">\n","protected":false},"excerpt":{"rendered":"<p>\u2022 Abertura: 102 mm \u2022 Dist\u00e2ncia focal: 660 mm \u2022 Rela\u00e7\u00e3o focal: f\/6.5 \u2022 Montagem Azimutal motorizada em ambos os eixos \u2022 Nove velocidades de movimento: 4\u00ba\/seg, 2\u00ba\/seg, 1\u00ba\/seg, 0.5\u00ba\/seg, 32x, 16x, 8x, 4x, 2x \u2022 Oculares de 25 mm (26x) e 10 mm (66x) \u2022 Diagonal 90\u00ba \u2022 Buscador Red Dot \u2022 Trip\u00e9 em<\/p>\n<div class=\"more-link\">\n\t\t\t\t <a href=\"https:\/\/site.astrofoto.com.pt\/welcome\/produto\/celestron-nexstar-102-slt\/\" class=\"btn theme-btn inverted\"><span>Continuar a Ler <\/span><\/a>\n\t\t\t<\/div>\n","protected":false},"featured_media":751,"comment_status":"open","ping_status":"closed","template":"","meta":[],"product_brand":[],"product_cat":[16],"product_tag":[],"class_list":{"0":"post-750","1":"product","2":"type-product","3":"status-publish","4":"has-post-thumbnail","6":"product_cat-telescopios-refractores","7":"product_shipping_class-taxa-media","9":"first","10":"onbackorder","11":"shipping-taxable","12":"purchasable","13":"product-type-simple"},"_links":{"self":[{"href":"https:\/\/site.astrofoto.com.pt\/welcome\/wp-json\/wp\/v2\/product\/750","targetHints":{"allow":["GET"]}}],"collection":[{"href":"https:\/\/site.astrofoto.com.pt\/welcome\/wp-json\/wp\/v2\/product"}],"about":[{"href":"https:\/\/site.astrofoto.com.pt\/welcome\/wp-json\/wp\/v2\/types\/product"}],"replies":[{"embeddable":true,"href":"https:\/\/site.astrofoto.com.pt\/welcome\/wp-json\/wp\/v2\/comments?post=750"}],"wp:featuredmedia":[{"embeddable":true,"href":"https:\/\/site.astrofoto.com.pt\/welcome\/wp-json\/wp\/v2\/media\/751"}],"wp:attachment":[{"href":"https:\/\/site.astrofoto.com.pt\/welcome\/wp-json\/wp\/v2\/media?parent=750"}],"wp:term":[{"taxonomy":"product_brand","embeddable":true,"href":"https:\/\/site.astrofoto.com.pt\/welcome\/wp-json\/wp\/v2\/product_brand?post=750"},{"taxonomy":"product_cat","embeddable":true,"href":"https:\/\/site.astrofoto.com.pt\/welcome\/wp-json\/wp\/v2\/product_cat?post=750"},{"taxonomy":"product_tag","embeddable":true,"href":"https:\/\/site.astrofoto.com.pt\/welcome\/wp-json\/wp\/v2\/product_tag?post=750"}],"curies":[{"name":"wp","href":"https:\/\/api.w.org\/{rel}","templated":true}]}}