{"id":75,"date":"2015-03-04T10:41:48","date_gmt":"2015-03-04T10:41:48","guid":{"rendered":"http:\/\/site.astrofoto.com.pt\/welcome\/?post_type=product&#038;p=75"},"modified":"2020-07-21T12:15:50","modified_gmt":"2020-07-21T12:15:50","slug":"telescopio-orion-skyquest-xt6-classico","status":"publish","type":"product","link":"https:\/\/site.astrofoto.com.pt\/welcome\/produto\/telescopio-orion-skyquest-xt6-classico\/","title":{"rendered":"Telescopio Orion SkyQuest XT6 Classico"},"content":{"rendered":"<p class=\"style5 style15\"><a href=\"http:\/\/site.astrofoto.com.pt\/welcome\/wp-content\/uploads\/2015\/03\/xt6.jpg\"><img fetchpriority=\"high\" decoding=\"async\" class=\"alignleft size-medium wp-image-76\" src=\"http:\/\/site.astrofoto.com.pt\/welcome\/wp-content\/uploads\/2015\/03\/xt6-291x300.jpg\" alt=\"xt6\" width=\"291\" height=\"300\" srcset=\"https:\/\/site.astrofoto.com.pt\/welcome\/wp-content\/uploads\/2015\/03\/xt6-291x300.jpg 291w, https:\/\/site.astrofoto.com.pt\/welcome\/wp-content\/uploads\/2015\/03\/xt6-450x463.jpg 450w, https:\/\/site.astrofoto.com.pt\/welcome\/wp-content\/uploads\/2015\/03\/xt6-300x309.jpg 300w, https:\/\/site.astrofoto.com.pt\/welcome\/wp-content\/uploads\/2015\/03\/xt6.jpg 492w\" sizes=\"(max-width: 291px) 100vw, 291px\" \/><\/a>Orion SkyQuest 6 &#8220;<\/p>\n<p class=\"style16\">\u2022diametro: 153mm (6&#8243;)<br \/>\n\u2022focal: 1200mm f\/8<br \/>\nfocador: cremalheira<br \/>\n\u2022buscador: 6&#215;30<br \/>\n\u2022ocular: PL25mm PL10mm<br \/>\n\u2022montagem: Dobson<\/p>\n<p class=\"style16\">\u008f Edi\u00e7\u00e3o gratis do programa Starry Night<\/p>\n<p class=\"style16\">\n<p class=\"style1\">** os portes dos telesc\u00f3pios n\u00e3o est\u00e3o incluidos na taxa de 5 \u20ac:<br \/>\n<a href=\"http:\/\/astrofoto.com.pt\/envios.htm\">http:\/\/astrofoto.com.pt\/envios.htm<\/a><\/p>\n","protected":false},"excerpt":{"rendered":"<p>Orion SkyQuest 6 &#8220; \u2022diametro: 153mm (6&#8243;) \u2022focal: 1200mm f\/8 focador: cremalheira \u2022buscador: 6&#215;30 \u2022ocular: PL25mm PL10mm \u2022montagem: Dobson \u008f Edi\u00e7\u00e3o gratis do programa Starry Night ** os portes dos telesc\u00f3pios n\u00e3o est\u00e3o incluidos na taxa de 5 \u20ac: http:\/\/astrofoto.com.pt\/envios.htm<\/p>\n","protected":false},"featured_media":76,"comment_status":"open","ping_status":"closed","template":"","meta":[],"product_brand":[],"product_cat":[6,15],"product_tag":[],"class_list":{"0":"post-75","1":"product","2":"type-product","3":"status-publish","4":"has-post-thumbnail","6":"product_cat-telescopios","7":"product_cat-telescopios-reflectores","8":"product_shipping_class-taxa-media","10":"first","11":"outofstock","12":"shipping-taxable","13":"purchasable","14":"product-type-simple"},"_links":{"self":[{"href":"https:\/\/site.astrofoto.com.pt\/welcome\/wp-json\/wp\/v2\/product\/75","targetHints":{"allow":["GET"]}}],"collection":[{"href":"https:\/\/site.astrofoto.com.pt\/welcome\/wp-json\/wp\/v2\/product"}],"about":[{"href":"https:\/\/site.astrofoto.com.pt\/welcome\/wp-json\/wp\/v2\/types\/product"}],"replies":[{"embeddable":true,"href":"https:\/\/site.astrofoto.com.pt\/welcome\/wp-json\/wp\/v2\/comments?post=75"}],"wp:featuredmedia":[{"embeddable":true,"href":"https:\/\/site.astrofoto.com.pt\/welcome\/wp-json\/wp\/v2\/media\/76"}],"wp:attachment":[{"href":"https:\/\/site.astrofoto.com.pt\/welcome\/wp-json\/wp\/v2\/media?parent=75"}],"wp:term":[{"taxonomy":"product_brand","embeddable":true,"href":"https:\/\/site.astrofoto.com.pt\/welcome\/wp-json\/wp\/v2\/product_brand?post=75"},{"taxonomy":"product_cat","embeddable":true,"href":"https:\/\/site.astrofoto.com.pt\/welcome\/wp-json\/wp\/v2\/product_cat?post=75"},{"taxonomy":"product_tag","embeddable":true,"href":"https:\/\/site.astrofoto.com.pt\/welcome\/wp-json\/wp\/v2\/product_tag?post=75"}],"curies":[{"name":"wp","href":"https:\/\/api.w.org\/{rel}","templated":true}]}}