{"id":7457,"date":"2021-11-03T16:35:12","date_gmt":"2021-11-03T15:35:12","guid":{"rendered":"https:\/\/site.astrofoto.com.pt\/welcome\/?post_type=product&#038;p=7457"},"modified":"2021-11-03T16:40:09","modified_gmt":"2021-11-03T15:40:09","slug":"ts-optics-22-67x100-zoom","status":"publish","type":"product","link":"https:\/\/site.astrofoto.com.pt\/welcome\/produto\/ts-optics-22-67x100-zoom\/","title":{"rendered":"Telescopio Terrestre TS-Optics 22-67&#215;100 Zoom"},"content":{"rendered":"<p><strong>TS-Optics 22-67&#215;100 Zoom<\/strong><\/p>\n<p>\u2022 Abertura: 100 mm<br \/>\n\u2022 Objectiva: 2 elementos acromaticos<br \/>\n\u2022 Aumentos: 22 a 67x em zoom<br \/>\n\u2022 Revestimento: Multicoated de alta qualidade<br \/>\n\u2022 Dist\u00e2ncia focal: 540 mm<br \/>\n\u2022 Oculares: Zoom de 22x a 67x<br \/>\n\u2022 Dist\u00e2ncia \u00e0 pupila: 18mm a 15 mm (confort\u00e1vel para quem usa \u00f3culos)<br \/>\n\u2022 Prismas: Bak4 (Barium)<br \/>\n\u2022 Rosca para trip\u00e9 alto (trip\u00e9 de Fotografia)<br \/>\n\u2022 Peso 2 kg<br \/>\n\u2022 Comprimento: 52cm com ocular<br \/>\n\u2022 Humidade: \u00e0 prova de salpicos<br \/>\n\u2022 Saco de transporte<\/p>\n","protected":false},"excerpt":{"rendered":"<p>TS-Optics 22-67&#215;100 Zoom \u2022 Abertura: 100 mm \u2022 Objectiva: 2 elementos acromaticos \u2022 Aumentos: 22 a 67x em zoom \u2022 Revestimento: Multicoated de alta qualidade \u2022 Dist\u00e2ncia focal: 540 mm \u2022 Oculares: Zoom de 22x a 67x \u2022 Dist\u00e2ncia \u00e0 pupila: 18mm a 15 mm (confort\u00e1vel para quem usa \u00f3culos) \u2022 Prismas: Bak4 (Barium) \u2022<\/p>\n<div class=\"more-link\">\n\t\t\t\t <a href=\"https:\/\/site.astrofoto.com.pt\/welcome\/produto\/ts-optics-22-67x100-zoom\/\" class=\"btn theme-btn inverted\"><span>Continuar a Ler <\/span><\/a>\n\t\t\t<\/div>\n","protected":false},"featured_media":7459,"comment_status":"closed","ping_status":"closed","template":"","meta":[],"product_brand":[],"product_cat":[22],"product_tag":[],"class_list":{"0":"post-7457","1":"product","2":"type-product","3":"status-publish","4":"has-post-thumbnail","6":"product_cat-spotting-scopes","8":"first","9":"onbackorder","10":"shipping-taxable","11":"purchasable","12":"product-type-simple"},"_links":{"self":[{"href":"https:\/\/site.astrofoto.com.pt\/welcome\/wp-json\/wp\/v2\/product\/7457","targetHints":{"allow":["GET"]}}],"collection":[{"href":"https:\/\/site.astrofoto.com.pt\/welcome\/wp-json\/wp\/v2\/product"}],"about":[{"href":"https:\/\/site.astrofoto.com.pt\/welcome\/wp-json\/wp\/v2\/types\/product"}],"replies":[{"embeddable":true,"href":"https:\/\/site.astrofoto.com.pt\/welcome\/wp-json\/wp\/v2\/comments?post=7457"}],"wp:featuredmedia":[{"embeddable":true,"href":"https:\/\/site.astrofoto.com.pt\/welcome\/wp-json\/wp\/v2\/media\/7459"}],"wp:attachment":[{"href":"https:\/\/site.astrofoto.com.pt\/welcome\/wp-json\/wp\/v2\/media?parent=7457"}],"wp:term":[{"taxonomy":"product_brand","embeddable":true,"href":"https:\/\/site.astrofoto.com.pt\/welcome\/wp-json\/wp\/v2\/product_brand?post=7457"},{"taxonomy":"product_cat","embeddable":true,"href":"https:\/\/site.astrofoto.com.pt\/welcome\/wp-json\/wp\/v2\/product_cat?post=7457"},{"taxonomy":"product_tag","embeddable":true,"href":"https:\/\/site.astrofoto.com.pt\/welcome\/wp-json\/wp\/v2\/product_tag?post=7457"}],"curies":[{"name":"wp","href":"https:\/\/api.w.org\/{rel}","templated":true}]}}