{"id":742,"date":"2015-08-28T14:09:24","date_gmt":"2015-08-28T14:09:24","guid":{"rendered":"http:\/\/site.astrofoto.com.pt\/welcome\/?post_type=product&#038;p=742"},"modified":"2021-07-22T09:45:09","modified_gmt":"2021-07-22T09:45:09","slug":"742","status":"publish","type":"product","link":"https:\/\/site.astrofoto.com.pt\/welcome\/produto\/742\/","title":{"rendered":"Celestron &#8211; Astromaster 90 CG3"},"content":{"rendered":"<p><a href=\"http:\/\/site.astrofoto.com.pt\/welcome\/wp-content\/uploads\/2015\/08\/c3.jpg\"><img fetchpriority=\"high\" decoding=\"async\" class=\"alignleft size-full wp-image-743\" src=\"http:\/\/site.astrofoto.com.pt\/welcome\/wp-content\/uploads\/2015\/08\/c3.jpg\" alt=\"c3\" width=\"300\" height=\"300\" srcset=\"https:\/\/site.astrofoto.com.pt\/welcome\/wp-content\/uploads\/2015\/08\/c3.jpg 300w, https:\/\/site.astrofoto.com.pt\/welcome\/wp-content\/uploads\/2015\/08\/c3-100x100.jpg 100w, https:\/\/site.astrofoto.com.pt\/welcome\/wp-content\/uploads\/2015\/08\/c3-150x150.jpg 150w\" sizes=\"(max-width: 300px) 100vw, 300px\" \/><\/a>\u2022 Abertura: 90 mm<br \/>\n\u2022 Dist\u00e2ncia focal: 1000 mm<br \/>\n\u2022 Raz\u00e3o Focal: f\/11<br \/>\n\u2022 Trip\u00e9 em alum\u00ednio<br \/>\n\u2022 Montagem equatorial alem\u00e3 CG-3<br \/>\n\u2022 Oculares: 10mm e 20mm<br \/>\n\u2022 Diagonal 90\u00ba<br \/>\n\u2022 Buscador StarPointer<br \/>\n\u2022 Programa CD-Rom TheSky n\u00edvel1<\/p>\n<p class=\"style1\">** os portes dos telesc\u00f3pios n\u00e3o est\u00e3o incluidos na taxa de 5 \u20ac:<br \/>\n<a href=\"http:\/\/astrofoto.com.pt\/envios.htm\">http:\/\/astrofoto.com.pt\/envios.htm<\/a><\/p>\n","protected":false},"excerpt":{"rendered":"<p>\u2022 Abertura: 90 mm \u2022 Dist\u00e2ncia focal: 1000 mm \u2022 Raz\u00e3o Focal: f\/11 \u2022 Trip\u00e9 em alum\u00ednio \u2022 Montagem equatorial alem\u00e3 CG-3 \u2022 Oculares: 10mm e 20mm \u2022 Diagonal 90\u00ba \u2022 Buscador StarPointer \u2022 Programa CD-Rom TheSky n\u00edvel1 ** os portes dos telesc\u00f3pios n\u00e3o est\u00e3o incluidos na taxa de 5 \u20ac: http:\/\/astrofoto.com.pt\/envios.htm<\/p>\n","protected":false},"featured_media":743,"comment_status":"open","ping_status":"closed","template":"","meta":[],"product_brand":[],"product_cat":[16],"product_tag":[],"class_list":{"0":"post-742","1":"product","2":"type-product","3":"status-publish","4":"has-post-thumbnail","6":"product_cat-telescopios-refractores","7":"product_shipping_class-taxa-media","9":"first","10":"onbackorder","11":"shipping-taxable","12":"purchasable","13":"product-type-simple"},"_links":{"self":[{"href":"https:\/\/site.astrofoto.com.pt\/welcome\/wp-json\/wp\/v2\/product\/742","targetHints":{"allow":["GET"]}}],"collection":[{"href":"https:\/\/site.astrofoto.com.pt\/welcome\/wp-json\/wp\/v2\/product"}],"about":[{"href":"https:\/\/site.astrofoto.com.pt\/welcome\/wp-json\/wp\/v2\/types\/product"}],"replies":[{"embeddable":true,"href":"https:\/\/site.astrofoto.com.pt\/welcome\/wp-json\/wp\/v2\/comments?post=742"}],"wp:featuredmedia":[{"embeddable":true,"href":"https:\/\/site.astrofoto.com.pt\/welcome\/wp-json\/wp\/v2\/media\/743"}],"wp:attachment":[{"href":"https:\/\/site.astrofoto.com.pt\/welcome\/wp-json\/wp\/v2\/media?parent=742"}],"wp:term":[{"taxonomy":"product_brand","embeddable":true,"href":"https:\/\/site.astrofoto.com.pt\/welcome\/wp-json\/wp\/v2\/product_brand?post=742"},{"taxonomy":"product_cat","embeddable":true,"href":"https:\/\/site.astrofoto.com.pt\/welcome\/wp-json\/wp\/v2\/product_cat?post=742"},{"taxonomy":"product_tag","embeddable":true,"href":"https:\/\/site.astrofoto.com.pt\/welcome\/wp-json\/wp\/v2\/product_tag?post=742"}],"curies":[{"name":"wp","href":"https:\/\/api.w.org\/{rel}","templated":true}]}}