{"id":7414,"date":"2021-10-29T11:53:01","date_gmt":"2021-10-29T10:53:01","guid":{"rendered":"https:\/\/site.astrofoto.com.pt\/welcome\/?post_type=product&#038;p=7414"},"modified":"2022-12-22T22:16:57","modified_gmt":"2022-12-22T22:16:57","slug":"bresser-20-60x60-com-tripe-evolution","status":"publish","type":"product","link":"https:\/\/site.astrofoto.com.pt\/welcome\/produto\/bresser-20-60x60-com-tripe-evolution\/","title":{"rendered":"Telescopio Bresser 20-60&#215;60 com trip\u00e9 Evolution"},"content":{"rendered":"<p>&nbsp;<\/p>\n<p><strong>Telescopio Bresser spotting scope zoom 20-60\u00d760<br \/>\n<\/strong><\/p>\n<p>\u2022 Abertura da Objectiva: 60mm<br \/>\n\u2022 Amplia\u00e7\u00e3o: 20-60x em zoom<br \/>\n\u2022 Angulo da ocular: 45\u00b0<br \/>\n\u2022 Campo de Vis\u00e3o: 32m (20x) a 1000 metros<br \/>\n\u2022 Focagem a partir de 5 metros<br \/>\n\u2022 Trip\u00e9 de mesa<br \/>\n\u2022 Saco de Transporte<br \/>\n\u2022 Liga\u00e7\u00e3o a trip\u00e9: 1\/4\u2033<br \/>\n\u2022 Comprimento: 355mm<br \/>\n\u2022 Largura: 100mm<br \/>\n\u2022 Altura: 110mm<br \/>\n\u2022 Peso: 880g<\/p>\n<p><strong>Trip\u00e9 Helios Evolution<\/strong><\/p>\n<p>Cabe\u00e7a de 2 movimentos fluidos (sem trepida\u00e7\u00f5es)<br \/>\nPress\u00e3o ajust\u00e1vel<br \/>\nSapata destac\u00e1vel com parafuso 1\/4\u2033<br \/>\nAltura Maxima: 150cm<br \/>\nAltura fechado: 53cm<br \/>\nElevador central com manivela<br \/>\nInovadora pega para condu\u00e7\u00e3o e transporte<br \/>\nBolha de nivel<br \/>\nP\u00e9s de borracha<br \/>\nPeso: 1,6Kg<\/p>\n","protected":false},"excerpt":{"rendered":"<p>&nbsp; Telescopio Bresser spotting scope zoom 20-60\u00d760 \u2022 Abertura da Objectiva: 60mm \u2022 Amplia\u00e7\u00e3o: 20-60x em zoom \u2022 Angulo da ocular: 45\u00b0 \u2022 Campo de Vis\u00e3o: 32m (20x) a 1000 metros \u2022 Focagem a partir de 5 metros \u2022 Trip\u00e9 de mesa \u2022 Saco de Transporte \u2022 Liga\u00e7\u00e3o a trip\u00e9: 1\/4\u2033 \u2022 Comprimento: 355mm \u2022<\/p>\n<div class=\"more-link\">\n\t\t\t\t <a href=\"https:\/\/site.astrofoto.com.pt\/welcome\/produto\/bresser-20-60x60-com-tripe-evolution\/\" class=\"btn theme-btn inverted\"><span>Continuar a Ler <\/span><\/a>\n\t\t\t<\/div>\n","protected":false},"featured_media":7415,"comment_status":"closed","ping_status":"closed","template":"","meta":[],"product_brand":[],"product_cat":[48,22,16],"product_tag":[],"class_list":{"0":"post-7414","1":"product","2":"type-product","3":"status-publish","4":"has-post-thumbnail","6":"product_cat-natal","7":"product_cat-spotting-scopes","8":"product_cat-telescopios-refractores","10":"first","11":"onbackorder","12":"sale","13":"shipping-taxable","14":"purchasable","15":"product-type-simple"},"_links":{"self":[{"href":"https:\/\/site.astrofoto.com.pt\/welcome\/wp-json\/wp\/v2\/product\/7414","targetHints":{"allow":["GET"]}}],"collection":[{"href":"https:\/\/site.astrofoto.com.pt\/welcome\/wp-json\/wp\/v2\/product"}],"about":[{"href":"https:\/\/site.astrofoto.com.pt\/welcome\/wp-json\/wp\/v2\/types\/product"}],"replies":[{"embeddable":true,"href":"https:\/\/site.astrofoto.com.pt\/welcome\/wp-json\/wp\/v2\/comments?post=7414"}],"wp:featuredmedia":[{"embeddable":true,"href":"https:\/\/site.astrofoto.com.pt\/welcome\/wp-json\/wp\/v2\/media\/7415"}],"wp:attachment":[{"href":"https:\/\/site.astrofoto.com.pt\/welcome\/wp-json\/wp\/v2\/media?parent=7414"}],"wp:term":[{"taxonomy":"product_brand","embeddable":true,"href":"https:\/\/site.astrofoto.com.pt\/welcome\/wp-json\/wp\/v2\/product_brand?post=7414"},{"taxonomy":"product_cat","embeddable":true,"href":"https:\/\/site.astrofoto.com.pt\/welcome\/wp-json\/wp\/v2\/product_cat?post=7414"},{"taxonomy":"product_tag","embeddable":true,"href":"https:\/\/site.astrofoto.com.pt\/welcome\/wp-json\/wp\/v2\/product_tag?post=7414"}],"curies":[{"name":"wp","href":"https:\/\/api.w.org\/{rel}","templated":true}]}}