{"id":739,"date":"2015-08-28T14:04:38","date_gmt":"2015-08-28T14:04:38","guid":{"rendered":"http:\/\/site.astrofoto.com.pt\/welcome\/?post_type=product&#038;p=739"},"modified":"2021-07-22T09:45:49","modified_gmt":"2021-07-22T09:45:49","slug":"celestron-astromaster-70eq","status":"publish","type":"product","link":"https:\/\/site.astrofoto.com.pt\/welcome\/produto\/celestron-astromaster-70eq\/","title":{"rendered":"Celestron &#8211; Astromaster 70EQ"},"content":{"rendered":"<p><a href=\"http:\/\/site.astrofoto.com.pt\/welcome\/wp-content\/uploads\/2015\/08\/c2.jpg\"><img decoding=\"async\" class=\"alignleft size-full wp-image-740\" src=\"http:\/\/site.astrofoto.com.pt\/welcome\/wp-content\/uploads\/2015\/08\/c2.jpg\" alt=\"c2\" width=\"220\" height=\"220\" srcset=\"https:\/\/site.astrofoto.com.pt\/welcome\/wp-content\/uploads\/2015\/08\/c2.jpg 220w, https:\/\/site.astrofoto.com.pt\/welcome\/wp-content\/uploads\/2015\/08\/c2-100x100.jpg 100w, https:\/\/site.astrofoto.com.pt\/welcome\/wp-content\/uploads\/2015\/08\/c2-150x150.jpg 150w\" sizes=\"(max-width: 220px) 100vw, 220px\" \/><\/a><\/p>\n<p>\u2022 Abertura:\u00a070 mm<br \/>\n\u2022 Dist\u00e2ncia focal:\u00a0900 mm<br \/>\n\u2022 Raz\u00e3o Focal: f\/13<br \/>\n\u2022 Montagem equatorial alem\u00e3 CG-2<br \/>\n\u2022 Trip\u00e9 em a\u00e7o<br \/>\n\u2022 Oculares: 10mm e 20mm<br \/>\n\u2022 Diagonal 90\u00ba<br \/>\n\u2022 Buscador StarPointer<br \/>\n\u2022 Programa CD-Rom TheSky n\u00edvel1<\/p>\n<p>&nbsp;<\/p>\n<p>** os portes dos telesc\u00f3pios n\u00e3o est\u00e3o incluidos na taxa de 5 \u20ac:<br \/>\n<a href=\"http:\/\/astrofoto.com.pt\/envios.htm\" target=\"_self\" rel=\"noopener\">http:\/\/astrofoto.com.pt\/envios.htm<\/a><\/p>\n","protected":false},"excerpt":{"rendered":"<p>\u2022 Abertura:\u00a070 mm \u2022 Dist\u00e2ncia focal:\u00a0900 mm \u2022 Raz\u00e3o Focal: f\/13 \u2022 Montagem equatorial alem\u00e3 CG-2 \u2022 Trip\u00e9 em a\u00e7o \u2022 Oculares: 10mm e 20mm \u2022 Diagonal 90\u00ba \u2022 Buscador StarPointer \u2022 Programa CD-Rom TheSky n\u00edvel1 &nbsp; ** os portes dos telesc\u00f3pios n\u00e3o est\u00e3o incluidos na taxa de 5 \u20ac: http:\/\/astrofoto.com.pt\/envios.htm<\/p>\n","protected":false},"featured_media":740,"comment_status":"open","ping_status":"closed","template":"","meta":[],"product_brand":[],"product_cat":[16],"product_tag":[],"class_list":{"0":"post-739","1":"product","2":"type-product","3":"status-publish","4":"has-post-thumbnail","6":"product_cat-telescopios-refractores","7":"product_shipping_class-taxa-media","9":"first","10":"onbackorder","11":"shipping-taxable","12":"purchasable","13":"product-type-simple"},"_links":{"self":[{"href":"https:\/\/site.astrofoto.com.pt\/welcome\/wp-json\/wp\/v2\/product\/739","targetHints":{"allow":["GET"]}}],"collection":[{"href":"https:\/\/site.astrofoto.com.pt\/welcome\/wp-json\/wp\/v2\/product"}],"about":[{"href":"https:\/\/site.astrofoto.com.pt\/welcome\/wp-json\/wp\/v2\/types\/product"}],"replies":[{"embeddable":true,"href":"https:\/\/site.astrofoto.com.pt\/welcome\/wp-json\/wp\/v2\/comments?post=739"}],"wp:featuredmedia":[{"embeddable":true,"href":"https:\/\/site.astrofoto.com.pt\/welcome\/wp-json\/wp\/v2\/media\/740"}],"wp:attachment":[{"href":"https:\/\/site.astrofoto.com.pt\/welcome\/wp-json\/wp\/v2\/media?parent=739"}],"wp:term":[{"taxonomy":"product_brand","embeddable":true,"href":"https:\/\/site.astrofoto.com.pt\/welcome\/wp-json\/wp\/v2\/product_brand?post=739"},{"taxonomy":"product_cat","embeddable":true,"href":"https:\/\/site.astrofoto.com.pt\/welcome\/wp-json\/wp\/v2\/product_cat?post=739"},{"taxonomy":"product_tag","embeddable":true,"href":"https:\/\/site.astrofoto.com.pt\/welcome\/wp-json\/wp\/v2\/product_tag?post=739"}],"curies":[{"name":"wp","href":"https:\/\/api.w.org\/{rel}","templated":true}]}}