{"id":736,"date":"2015-08-28T13:57:36","date_gmt":"2015-08-28T13:57:36","guid":{"rendered":"http:\/\/site.astrofoto.com.pt\/welcome\/?post_type=product&#038;p=736"},"modified":"2021-07-22T09:46:13","modified_gmt":"2021-07-22T09:46:13","slug":"celestron-astromaster-70-az","status":"publish","type":"product","link":"https:\/\/site.astrofoto.com.pt\/welcome\/produto\/celestron-astromaster-70-az\/","title":{"rendered":"Celestron &#8211; Astromaster 70 AZ"},"content":{"rendered":"<p><a href=\"http:\/\/site.astrofoto.com.pt\/welcome\/wp-content\/uploads\/2015\/08\/c1.jpg\"><img decoding=\"async\" class=\"alignleft size-full wp-image-737\" src=\"http:\/\/site.astrofoto.com.pt\/welcome\/wp-content\/uploads\/2015\/08\/c1.jpg\" alt=\"c1\" width=\"220\" height=\"220\" srcset=\"https:\/\/site.astrofoto.com.pt\/welcome\/wp-content\/uploads\/2015\/08\/c1.jpg 220w, https:\/\/site.astrofoto.com.pt\/welcome\/wp-content\/uploads\/2015\/08\/c1-100x100.jpg 100w, https:\/\/site.astrofoto.com.pt\/welcome\/wp-content\/uploads\/2015\/08\/c1-150x150.jpg 150w\" sizes=\"(max-width: 220px) 100vw, 220px\" \/><\/a>\u2022 Abertura: 70 mm<br \/>\n\u2022 Dist\u00e2ncia focal: 900 mm<br \/>\n\u2022 Raz\u00e3o Focal: f\/13<br \/>\n\u2022 Montagem altazimutal de boa precis\u00e3o<br \/>\n\u2022 Trip\u00e9 em a\u00e7o<br \/>\n\u2022 Oculares: 10mm (90x) e 20mm (45x)<br \/>\n\u2022 Diagonal 90\u00ba<br \/>\n\u2022 Buscador StarPointer<br \/>\n\u2022 peso: 8Kg<br \/>\n\u2022 Programa CD-Rom TheSky n\u00edvel1<\/p>\n<p>** os portes dos telesc\u00f3pios n\u00e3o est\u00e3o incluidos na taxa de 7 \u20ac:<\/p>\n","protected":false},"excerpt":{"rendered":"<p>\u2022 Abertura: 70 mm \u2022 Dist\u00e2ncia focal: 900 mm \u2022 Raz\u00e3o Focal: f\/13 \u2022 Montagem altazimutal de boa precis\u00e3o \u2022 Trip\u00e9 em a\u00e7o \u2022 Oculares: 10mm (90x) e 20mm (45x) \u2022 Diagonal 90\u00ba \u2022 Buscador StarPointer \u2022 peso: 8Kg \u2022 Programa CD-Rom TheSky n\u00edvel1 ** os portes dos telesc\u00f3pios n\u00e3o est\u00e3o incluidos na taxa de<\/p>\n<div class=\"more-link\">\n\t\t\t\t <a href=\"https:\/\/site.astrofoto.com.pt\/welcome\/produto\/celestron-astromaster-70-az\/\" class=\"btn theme-btn inverted\"><span>Continuar a Ler <\/span><\/a>\n\t\t\t<\/div>\n","protected":false},"featured_media":738,"comment_status":"open","ping_status":"closed","template":"","meta":[],"product_brand":[],"product_cat":[16],"product_tag":[],"class_list":{"0":"post-736","1":"product","2":"type-product","3":"status-publish","4":"has-post-thumbnail","6":"product_cat-telescopios-refractores","7":"product_shipping_class-taxa-media","9":"first","10":"onbackorder","11":"shipping-taxable","12":"purchasable","13":"product-type-simple"},"_links":{"self":[{"href":"https:\/\/site.astrofoto.com.pt\/welcome\/wp-json\/wp\/v2\/product\/736","targetHints":{"allow":["GET"]}}],"collection":[{"href":"https:\/\/site.astrofoto.com.pt\/welcome\/wp-json\/wp\/v2\/product"}],"about":[{"href":"https:\/\/site.astrofoto.com.pt\/welcome\/wp-json\/wp\/v2\/types\/product"}],"replies":[{"embeddable":true,"href":"https:\/\/site.astrofoto.com.pt\/welcome\/wp-json\/wp\/v2\/comments?post=736"}],"wp:featuredmedia":[{"embeddable":true,"href":"https:\/\/site.astrofoto.com.pt\/welcome\/wp-json\/wp\/v2\/media\/738"}],"wp:attachment":[{"href":"https:\/\/site.astrofoto.com.pt\/welcome\/wp-json\/wp\/v2\/media?parent=736"}],"wp:term":[{"taxonomy":"product_brand","embeddable":true,"href":"https:\/\/site.astrofoto.com.pt\/welcome\/wp-json\/wp\/v2\/product_brand?post=736"},{"taxonomy":"product_cat","embeddable":true,"href":"https:\/\/site.astrofoto.com.pt\/welcome\/wp-json\/wp\/v2\/product_cat?post=736"},{"taxonomy":"product_tag","embeddable":true,"href":"https:\/\/site.astrofoto.com.pt\/welcome\/wp-json\/wp\/v2\/product_tag?post=736"}],"curies":[{"name":"wp","href":"https:\/\/api.w.org\/{rel}","templated":true}]}}