{"id":7345,"date":"2021-10-12T11:09:25","date_gmt":"2021-10-12T11:09:25","guid":{"rendered":"https:\/\/site.astrofoto.com.pt\/welcome\/?post_type=product&#038;p=7345"},"modified":"2025-01-21T14:38:52","modified_gmt":"2025-01-21T14:38:52","slug":"adaptador-de-smartphone-celestron-nexyz","status":"publish","type":"product","link":"https:\/\/site.astrofoto.com.pt\/welcome\/produto\/adaptador-de-smartphone-celestron-nexyz\/","title":{"rendered":"Adaptador de Smartphone Celestron NexYZ"},"content":{"rendered":"<p><strong>Adaptador de Smartphone Celestron NexYZ<\/strong><\/p>\n<p>\u25ba adapta a maior parte dos smartphones \u00e0s oculares de Telescopios e Microsc\u00f3pios<\/p>\n<p>\u2022 Largura m\u00e1xima do aparelho: 92mm<br \/>\n\u2022 Dist\u00e2ncia m\u00e1xima entre a c\u00e2mara e o fundo do smartphone: 160mm<br \/>\n\u2022 Largura das oculares: 35mm a 60mm (1.25&#8243; e 2&#8243; incluidas)<br \/>\n\u2022 Adaptador para oculares de 1.25&#8243;<\/p>\n<p>\u25ba ver no<a href=\"https:\/\/www.youtube.com\/watch?v=-tdu8Dwwi4g&amp;t=7s\"> youtube<\/a><\/p>\n<p>&nbsp;<\/p>\n","protected":false},"excerpt":{"rendered":"<p>Adaptador de Smartphone Celestron NexYZ \u25ba adapta a maior parte dos smartphones \u00e0s oculares de Telescopios e Microsc\u00f3pios \u2022 Largura m\u00e1xima do aparelho: 92mm \u2022 Dist\u00e2ncia m\u00e1xima entre a c\u00e2mara e o fundo do smartphone: 160mm \u2022 Largura das oculares: 35mm a 60mm (1.25&#8243; e 2&#8243; incluidas) \u2022 Adaptador para oculares de 1.25&#8243; \u25ba ver<\/p>\n<div class=\"more-link\">\n\t\t\t\t <a href=\"https:\/\/site.astrofoto.com.pt\/welcome\/produto\/adaptador-de-smartphone-celestron-nexyz\/\" class=\"btn theme-btn inverted\"><span>Continuar a Ler <\/span><\/a>\n\t\t\t<\/div>\n","protected":false},"featured_media":7347,"comment_status":"closed","ping_status":"closed","template":"","meta":[],"product_brand":[],"product_cat":[34],"product_tag":[],"class_list":{"0":"post-7345","1":"product","2":"type-product","3":"status-publish","4":"has-post-thumbnail","6":"product_cat-acessoriosfotografia","8":"first","9":"onbackorder","10":"shipping-taxable","11":"purchasable","12":"product-type-simple"},"_links":{"self":[{"href":"https:\/\/site.astrofoto.com.pt\/welcome\/wp-json\/wp\/v2\/product\/7345","targetHints":{"allow":["GET"]}}],"collection":[{"href":"https:\/\/site.astrofoto.com.pt\/welcome\/wp-json\/wp\/v2\/product"}],"about":[{"href":"https:\/\/site.astrofoto.com.pt\/welcome\/wp-json\/wp\/v2\/types\/product"}],"replies":[{"embeddable":true,"href":"https:\/\/site.astrofoto.com.pt\/welcome\/wp-json\/wp\/v2\/comments?post=7345"}],"wp:featuredmedia":[{"embeddable":true,"href":"https:\/\/site.astrofoto.com.pt\/welcome\/wp-json\/wp\/v2\/media\/7347"}],"wp:attachment":[{"href":"https:\/\/site.astrofoto.com.pt\/welcome\/wp-json\/wp\/v2\/media?parent=7345"}],"wp:term":[{"taxonomy":"product_brand","embeddable":true,"href":"https:\/\/site.astrofoto.com.pt\/welcome\/wp-json\/wp\/v2\/product_brand?post=7345"},{"taxonomy":"product_cat","embeddable":true,"href":"https:\/\/site.astrofoto.com.pt\/welcome\/wp-json\/wp\/v2\/product_cat?post=7345"},{"taxonomy":"product_tag","embeddable":true,"href":"https:\/\/site.astrofoto.com.pt\/welcome\/wp-json\/wp\/v2\/product_tag?post=7345"}],"curies":[{"name":"wp","href":"https:\/\/api.w.org\/{rel}","templated":true}]}}