{"id":734,"date":"2015-08-26T17:23:47","date_gmt":"2015-08-26T17:23:47","guid":{"rendered":"http:\/\/site.astrofoto.com.pt\/welcome\/?post_type=product&#038;p=734"},"modified":"2021-09-09T13:44:44","modified_gmt":"2021-09-09T13:44:44","slug":"telescopio-meade-ls-8-acf","status":"publish","type":"product","link":"https:\/\/site.astrofoto.com.pt\/welcome\/produto\/telescopio-meade-ls-8-acf\/","title":{"rendered":"Telescopio Meade LS 8&#8243; ACF"},"content":{"rendered":"<p><a href=\"http:\/\/site.astrofoto.com.pt\/welcome\/wp-content\/uploads\/2015\/08\/m18.jpg\"><img fetchpriority=\"high\" decoding=\"async\" class=\"alignleft size-full wp-image-735\" src=\"http:\/\/site.astrofoto.com.pt\/welcome\/wp-content\/uploads\/2015\/08\/m18.jpg\" alt=\"m18\" width=\"300\" height=\"300\" srcset=\"https:\/\/site.astrofoto.com.pt\/welcome\/wp-content\/uploads\/2015\/08\/m18.jpg 300w, https:\/\/site.astrofoto.com.pt\/welcome\/wp-content\/uploads\/2015\/08\/m18-100x100.jpg 100w, https:\/\/site.astrofoto.com.pt\/welcome\/wp-content\/uploads\/2015\/08\/m18-150x150.jpg 150w\" sizes=\"(max-width: 300px) 100vw, 300px\" \/><\/a><\/p>\n<p><span class=\"hps\">A revolucion\u00e1ria s\u00e9rie\u00a0<\/span> <span class=\"hps\">Lightswitch<\/span> <span class=\"hps\">&#8221; <\/span><span class=\"hps\">usa<\/span> as <span class=\"hps\">tecnologias avan\u00e7adas como o<\/span> <span class=\"hps\">GPS,<\/span> <span class=\"hps\">LNT<\/span>&#8221; e c\u00e2mara &#8220;<span class=\"hps\">ECLIPS<\/span><span class=\"hps\">&#8220;CCD<\/span> <span class=\"hps\">para<\/span> <span class=\"hps\">fazer o que nenhum<\/span> <span class=\"hps\">outro\u00a0<\/span> <span class=\"hps\">telesc\u00f3pio<\/span> <span class=\"hps\">fez antes:<\/span> <span class=\"hps\">ter<\/span> <span class=\"hps\">todos as performances no mesmo telescopio!<\/span><\/p>\n<p><span class=\"hps\"><span class=\"hps\">O seu sistema automatico de alinhamento faz tudo por si, ate a certifica\u00e7\u00e3o das estrelas.<br \/>\n<\/span><span class=\"hps\"><br \/>\nO &#8220;Astronomer inside&#8221; descreve-lhe todas as maravilhas que pode ver atraves do altifalante ou com imagem se\u00a0ligado a um monitor<\/span> <\/span><\/p>\n<table class=\"techdata\" border=\"0\" cellspacing=\"0\">\n<tbody>\n<tr class=\"stl10a\">\n<td class=\"name\">Desenho \u00d3ptico<\/td>\n<td>Advanced Coma Free<\/td>\n<\/tr>\n<tr class=\"stl11b\">\n<td class=\"name\">Espelho Prim\u00e1rio<\/td>\n<td>Pyrex<\/td>\n<\/tr>\n<tr class=\"stl10a\">\n<td class=\"name\">Distancia focal \/ raz\u00e3o focal<\/td>\n<td>2032 mm, f\/10<\/td>\n<\/tr>\n<tr class=\"stl10b\">\n<td class=\"name\">Poder de resolu\u00e7\u00e3o<\/td>\n<td>0.56<\/td>\n<\/tr>\n<tr class=\"stl11a\">\n<td class=\"name\">Montagem<\/td>\n<td>montagem altazimutal de 1 bra\u00e7o<\/td>\n<\/tr>\n<tr class=\"stl10a\">\n<td class=\"name\">Alimenta\u00e7\u00e3o<\/td>\n<td>8 baterias de 1,5V ou adaptador de corrente adapter (opcional)<\/td>\n<\/tr>\n<tr class=\"stl10b\">\n<td class=\"name\">Trip\u00e9<\/td>\n<td>Ajust\u00e1vel<\/td>\n<\/tr>\n<tr class=\"stl10a\">\n<td class=\"name\">Autostar<\/td>\n<td>Autostar III<\/td>\n<\/tr>\n<tr class=\"stl10b\">\n<td class=\"name\">USB-port<\/td>\n<td>USB 2.0<\/td>\n<\/tr>\n<tr class=\"stl10a\">\n<td class=\"name\">altifalantes<\/td>\n<td>incluidos na montagem<\/td>\n<\/tr>\n<\/tbody>\n<\/table>\n<p>&nbsp;<\/p>\n<p class=\"style1\">** os portes dos telesc\u00f3pios n\u00e3o est\u00e3o incluidos na taxa de 5 \u20ac:<br \/>\n<a href=\"http:\/\/astrofoto.com.pt\/envios.htm\">http:\/\/astrofoto.com.pt\/envios.htm<\/a><\/p>\n","protected":false},"excerpt":{"rendered":"<p>A revolucion\u00e1ria s\u00e9rie\u00a0 Lightswitch &#8221; usa as tecnologias avan\u00e7adas como o GPS, LNT&#8221; e c\u00e2mara &#8220;ECLIPS&#8220;CCD para fazer o que nenhum outro\u00a0 telesc\u00f3pio fez antes: ter todos as performances no mesmo telescopio! O seu sistema automatico de alinhamento faz tudo por si, ate a certifica\u00e7\u00e3o das estrelas. O &#8220;Astronomer inside&#8221; descreve-lhe todas as maravilhas que<\/p>\n<div class=\"more-link\">\n\t\t\t\t <a href=\"https:\/\/site.astrofoto.com.pt\/welcome\/produto\/telescopio-meade-ls-8-acf\/\" class=\"btn theme-btn inverted\"><span>Continuar a Ler <\/span><\/a>\n\t\t\t<\/div>\n","protected":false},"featured_media":735,"comment_status":"open","ping_status":"closed","template":"","meta":[],"product_brand":[],"product_cat":[17],"product_tag":[],"class_list":{"0":"post-734","1":"product","2":"type-product","3":"status-publish","4":"has-post-thumbnail","6":"product_cat-telescopios-catadioptricos","7":"product_shipping_class-taxa-media","9":"first","10":"outofstock","11":"shipping-taxable","12":"purchasable","13":"product-type-simple"},"_links":{"self":[{"href":"https:\/\/site.astrofoto.com.pt\/welcome\/wp-json\/wp\/v2\/product\/734","targetHints":{"allow":["GET"]}}],"collection":[{"href":"https:\/\/site.astrofoto.com.pt\/welcome\/wp-json\/wp\/v2\/product"}],"about":[{"href":"https:\/\/site.astrofoto.com.pt\/welcome\/wp-json\/wp\/v2\/types\/product"}],"replies":[{"embeddable":true,"href":"https:\/\/site.astrofoto.com.pt\/welcome\/wp-json\/wp\/v2\/comments?post=734"}],"wp:featuredmedia":[{"embeddable":true,"href":"https:\/\/site.astrofoto.com.pt\/welcome\/wp-json\/wp\/v2\/media\/735"}],"wp:attachment":[{"href":"https:\/\/site.astrofoto.com.pt\/welcome\/wp-json\/wp\/v2\/media?parent=734"}],"wp:term":[{"taxonomy":"product_brand","embeddable":true,"href":"https:\/\/site.astrofoto.com.pt\/welcome\/wp-json\/wp\/v2\/product_brand?post=734"},{"taxonomy":"product_cat","embeddable":true,"href":"https:\/\/site.astrofoto.com.pt\/welcome\/wp-json\/wp\/v2\/product_cat?post=734"},{"taxonomy":"product_tag","embeddable":true,"href":"https:\/\/site.astrofoto.com.pt\/welcome\/wp-json\/wp\/v2\/product_tag?post=734"}],"curies":[{"name":"wp","href":"https:\/\/api.w.org\/{rel}","templated":true}]}}