{"id":7336,"date":"2021-10-08T14:58:46","date_gmt":"2021-10-08T14:58:46","guid":{"rendered":"https:\/\/site.astrofoto.com.pt\/welcome\/?post_type=product&#038;p=7336"},"modified":"2021-10-08T14:58:47","modified_gmt":"2021-10-08T14:58:47","slug":"camara-atik-acis-12-3","status":"publish","type":"product","link":"https:\/\/site.astrofoto.com.pt\/welcome\/produto\/camara-atik-acis-12-3\/","title":{"rendered":"Camara ATIK ACIS 12.3"},"content":{"rendered":"<p><strong>Camara ATIK ACIS 12.3<\/strong><\/p>\n<p>Image sensor: Sony IMX304 CMOS<br \/>\nMegapixels &#8211; 12.29<br \/>\nResolution: 4096 x 3000<br \/>\nPixel size: 3.45 \u00b5m x 3.45 \u00b5m<br \/>\nADC: 12bit<br \/>\nReadout noise (Typ.):3e- at low gain<br \/>\nCooling delta: -35\u00b0C<br \/>\nRegulated cooler: Yes<br \/>\nWater assist: No<br \/>\nMax. exposure: Unlimited<br \/>\nMin. exposure length: 0.001s<br \/>\nGain factor: Variable<br \/>\nFull well capacity: ~11,000e-<br \/>\nPC interface: USB3.0 full speed<br \/>\nPower requirements: 12VDC, 2A<br \/>\nBackfocus distance: 12.5mm \u00b10.5<br \/>\nThread on front: M42 x 0,75<br \/>\nWeight: approx 530g<br \/>\nMono or colour: Either<br \/>\nShutter type: Global shutter<\/p>\n<p>\u25baLive continuous stacking<\/p>\n<p>\u25baFlexible histogram control, including auto-stretch functions<\/p>\n<p>\u25baLive YouTube broadcast integration<\/p>\n<p>\u25baInteractive session replay<\/p>\n<p>\u25baFocus assist and monitoring tools<\/p>\n<p>\u25baSave to FITs, PNG, JPG and TIFF formats<\/p>\n<p>A nova serie ACIS\u00a0 \u00e9 nossa serie de c\u00e2maras mais r\u00e1pidas, com velocidade de full frame at\u00e9 30 fps. Projetada n\u00e3o apenas para exceder as altas exig\u00eancias em imagens cient\u00edficas, a ACIS 12.3 tamb\u00e9m tem um excelente desempenho em imagens astron\u00f3micas. Fabricada nas nossas instala\u00e7\u00f5es europeias com certifica\u00e7\u00e3o ISO 9001 de acordo com os mais altos padr\u00f5es, a ACIS 12.3 foi projetada para presta\u00e7\u00f5es confi\u00e1veis \u200b\u200be excelentes por muitos anos.<\/p>\n<p>O sensor\u00a0 Sony IMX304 CMOS no cora\u00e7\u00e3o do ACIS 12.3 rivaliza com alguns sensores CCD em sensibilidade, enquanto o tamanho de pixel de 4,5 \u00b5m garante que esta \u00e9 uma c\u00e2mara vers\u00e1til adequada para uso com uma variedade de telesc\u00f3pios.<\/p>\n<p>Um design inovador baseado no sensor Sony IMX304 CMOS, a ACIS 13.2 aloja o sensor 7.1MP em ambiente seco e herm\u00e9tico que \u00e9 selado de acordo com os padr\u00f5es industriais para permitir a produ\u00e7\u00e3o de imagens sem condensa\u00e7\u00e3o. A c\u00e2mara tem baixo ru\u00eddo de leitura e pode capturar imagens em velocidades r\u00e1pidas nos formatos de 12 e 16 bits. Com a combina\u00e7\u00e3o exclusiva da Atik, a ACIS 12.3 oferece um sensor de alta gama em \u00a0megapixeis a um pre\u00e7o competitivo.<\/p>\n<p>A ACIS 12.3 tamb\u00e9m possui uma caixa com \u00a0novo design de que permitiu \u00e0 c\u00e2mara atingir um delta de arrefecimento de -35 \u00b0 C abaixo da temperatura ambiente, mantendo o ru\u00eddo t\u00e9rmico sob controle, independentemente de onde esta a ser est\u00e1 captada a imagem.<\/p>\n<p><strong>Variedade de modos<\/strong><\/p>\n<p>A Atik ACIS 12.3 oferece tr\u00eas modos de energia diferentes:<br \/>\n1. Modo de economia de energia \u2013 permite a captura de imagens da mais alta qualidade<br \/>\n2. Modo normal \u2013 A c\u00e2mara opera na sua configura\u00e7\u00e3o padr\u00e3o para permitir imagens normais<br \/>\n3. Modo r\u00e1pido \u2013 Aproveita a mem\u00f3ria DDR integrada para produzir um fluxo constante de imagens. O modo r\u00e1pido aumenta a taxa de frames da ACIS 7.1 para 30FPS. Isso pode aumentar para 175 FPS com o uso de \u201csub framing\u201d, e chegando a 300 FPS quando usado no crepusculo.<\/p>\n<p>&nbsp;<\/p>\n","protected":false},"excerpt":{"rendered":"<p>Camara ATIK ACIS 12.3 Image sensor: Sony IMX304 CMOS Megapixels &#8211; 12.29 Resolution: 4096 x 3000 Pixel size: 3.45 \u00b5m x 3.45 \u00b5m ADC: 12bit Readout noise (Typ.):3e- at low gain Cooling delta: -35\u00b0C Regulated cooler: Yes Water assist: No Max. exposure: Unlimited Min. exposure length: 0.001s Gain factor: Variable Full well capacity: ~11,000e- PC<\/p>\n<div class=\"more-link\">\n\t\t\t\t <a href=\"https:\/\/site.astrofoto.com.pt\/welcome\/produto\/camara-atik-acis-12-3\/\" class=\"btn theme-btn inverted\"><span>Continuar a Ler <\/span><\/a>\n\t\t\t<\/div>\n","protected":false},"featured_media":7328,"comment_status":"closed","ping_status":"closed","template":"","meta":[],"product_brand":[],"product_cat":[24],"product_tag":[],"class_list":{"0":"post-7336","1":"product","2":"type-product","3":"status-publish","4":"has-post-thumbnail","6":"product_cat-fotografia-astronomica","8":"first","9":"onbackorder","10":"shipping-taxable","11":"purchasable","12":"product-type-simple"},"_links":{"self":[{"href":"https:\/\/site.astrofoto.com.pt\/welcome\/wp-json\/wp\/v2\/product\/7336","targetHints":{"allow":["GET"]}}],"collection":[{"href":"https:\/\/site.astrofoto.com.pt\/welcome\/wp-json\/wp\/v2\/product"}],"about":[{"href":"https:\/\/site.astrofoto.com.pt\/welcome\/wp-json\/wp\/v2\/types\/product"}],"replies":[{"embeddable":true,"href":"https:\/\/site.astrofoto.com.pt\/welcome\/wp-json\/wp\/v2\/comments?post=7336"}],"wp:featuredmedia":[{"embeddable":true,"href":"https:\/\/site.astrofoto.com.pt\/welcome\/wp-json\/wp\/v2\/media\/7328"}],"wp:attachment":[{"href":"https:\/\/site.astrofoto.com.pt\/welcome\/wp-json\/wp\/v2\/media?parent=7336"}],"wp:term":[{"taxonomy":"product_brand","embeddable":true,"href":"https:\/\/site.astrofoto.com.pt\/welcome\/wp-json\/wp\/v2\/product_brand?post=7336"},{"taxonomy":"product_cat","embeddable":true,"href":"https:\/\/site.astrofoto.com.pt\/welcome\/wp-json\/wp\/v2\/product_cat?post=7336"},{"taxonomy":"product_tag","embeddable":true,"href":"https:\/\/site.astrofoto.com.pt\/welcome\/wp-json\/wp\/v2\/product_tag?post=7336"}],"curies":[{"name":"wp","href":"https:\/\/api.w.org\/{rel}","templated":true}]}}