{"id":7333,"date":"2021-10-07T16:02:38","date_gmt":"2021-10-07T16:02:38","guid":{"rendered":"https:\/\/site.astrofoto.com.pt\/welcome\/?post_type=product&#038;p=7333"},"modified":"2023-03-24T16:16:35","modified_gmt":"2023-03-24T16:16:35","slug":"camara-atik-acis-7-1-2","status":"publish","type":"product","link":"https:\/\/site.astrofoto.com.pt\/welcome\/produto\/camara-atik-acis-7-1-2\/","title":{"rendered":"Camara ATIK ACIS 7.1"},"content":{"rendered":"<p><strong>Camara ATIK ACIS 7.1<\/strong><\/p>\n<div id=\"specs\" class=\"tab-pane active\" role=\"tabpanel\" aria-labelledby=\"specs-tab\">\n<section id=\"technical-specification\">\n<ul>\n<li>Image sensor: Sony IMX428 CMOS<\/li>\n<li>Resolution: 3208 x 2200<\/li>\n<li>Pixel size: 4.5 \u00b5m x 4.5\u00a0\u00b5m<\/li>\n<li>ADC: 12bit<\/li>\n<li>Readout noise (Typ.):3e- at low gain<\/li>\n<li>Cooling delta: -35\u00b0C<\/li>\n<li>Regulated cooler: Yes<\/li>\n<li>Water assist: No<\/li>\n<li>Max. exposure: Unlimited<\/li>\n<li>Min. exposure length: 0.001s<\/li>\n<li>Frame rate: Full frame = 30 fps Sub frame = 175 fps<\/li>\n<li>Gain factor: Variable<\/li>\n<li>Full well capacity: ~20,000e-<\/li>\n<li>Dark current: 0.03e\/p\/s<\/li>\n<li>PC interface: USB3.0 full speed<\/li>\n<li>Power requirements: 12VDC, 2A<\/li>\n<li>Backfocus distance: 12.5mm \u00b10.5<\/li>\n<li>Thread on front: M42 x 0,75<\/li>\n<li>Weight: approx 530g<\/li>\n<li>Mono or colour: Either<\/li>\n<li>Shutter Type: Global shutte<\/li>\n<\/ul>\n<p><em><strong>\u25baLive continuous stacking<br \/>\n<\/strong><\/em><em><strong>\u25baFlexible histogram control, including auto-stretch functions<br \/>\n<\/strong><\/em><em><strong>\u25baLive YouTube broadcast integration<br \/>\n<\/strong><\/em><em><strong>\u25baInteractive session replay<br \/>\n<\/strong><\/em><em><strong>\u25baFocus assist and monitoring tools<br \/>\n<\/strong><\/em><em><strong>\u25baSave to FITs, PNG, JPG and TIFF formats<\/strong><\/em><\/p>\n<p>A ACIS 7.1 \u00e9 nossa c\u00e2mara mais r\u00e1pida, com velocidade de full frame at\u00e9 30 fps. Projetada n\u00e3o apenas para exceder as altas exig\u00eancias em imagens cient\u00edficas, a ACIS 7.1 tamb\u00e9m tem um excelente desempenho em imagens astron\u00f3micas. Fabricada nas nossas instala\u00e7\u00f5es europeias com certifica\u00e7\u00e3o ISO 9001 de acordo com os mais altos padr\u00f5es, a ACIS 7.1 foi projetada para presta\u00e7\u00f5es confi\u00e1veis \u200b\u200be excelentes por muitos anos.<\/p>\n<\/section>\n<\/div>\n<p>O sensor CMOS Sony IMX 428 no cora\u00e7\u00e3o do ACIS 7.1 rivaliza com alguns sensores CCD em sensibilidade, enquanto o tamanho de pixel de 4,5 \u00b5m garante que esta \u00e9 uma c\u00e2mara vers\u00e1til adequada para uso com uma variedade de telesc\u00f3pios.<\/p>\n<p>Um design inovador baseado no sensor Sony IMX 428, o ACIS 7.1 aloja o sensor 7.1MP em ambiente seco e herm\u00e9tico que \u00e9 selado de acordo com os padr\u00f5es industriais para permitir a produ\u00e7\u00e3o de imagens sem condensa\u00e7\u00e3o. A c\u00e2mara tem baixo ru\u00eddo de leitura e pode capturar imagens em velocidades r\u00e1pidas nos formatos de 12 e 16 bits. Com a combina\u00e7\u00e3o exclusiva da Atik, a ACIS 7.1 oferece um sensor de alta gama em \u00a0megapixeis a um pre\u00e7o competitivo.<\/p>\n<p>A ACIS 7.1 tamb\u00e9m possui uma caixa com \u00a0novo design de que permitiu \u00e0 c\u00e2mara atingir um delta de arrefecimento de -35 \u00b0 C abaixo da temperatura ambiente, mantendo o ru\u00eddo t\u00e9rmico sob controle, independentemente de onde esta a ser est\u00e1 captada a imagem.<\/p>\n<p><strong>Variedade de modos<\/strong><\/p>\n<p>A Atik ACIS 7.1 oferece tr\u00eas modos de energia diferentes:<br \/>\n1. Modo de economia de energia &#8211; permite a captura de imagens da mais alta qualidade<br \/>\n2. Modo normal &#8211; A c\u00e2mara opera na sua configura\u00e7\u00e3o padr\u00e3o para permitir imagens normais<br \/>\n3. Modo r\u00e1pido &#8211; Aproveita a mem\u00f3ria DDR integrada para produzir um fluxo constante de imagens. O modo r\u00e1pido aumenta a taxa de frames da ACIS 7.1 para 30FPS. Isso pode aumentar para 175 FPS com o uso de &#8220;sub framing&#8221;, e chegando a 300 FPS quando usado no crepusculo.<\/p>\n<p>\u25ba<a href=\"https:\/\/www.atik-cameras.com\/product\/acis-7-1\/\"> mais info<\/a><\/p>\n<p>&nbsp;<\/p>\n","protected":false},"excerpt":{"rendered":"<p>Camara ATIK ACIS 7.1 Image sensor: Sony IMX428 CMOS Resolution: 3208 x 2200 Pixel size: 4.5 \u00b5m x 4.5\u00a0\u00b5m ADC: 12bit Readout noise (Typ.):3e- at low gain Cooling delta: -35\u00b0C Regulated cooler: Yes Water assist: No Max. exposure: Unlimited Min. exposure length: 0.001s Frame rate: Full frame = 30 fps Sub frame = 175 fps<\/p>\n<div class=\"more-link\">\n\t\t\t\t <a href=\"https:\/\/site.astrofoto.com.pt\/welcome\/produto\/camara-atik-acis-7-1-2\/\" class=\"btn theme-btn inverted\"><span>Continuar a Ler <\/span><\/a>\n\t\t\t<\/div>\n","protected":false},"featured_media":7328,"comment_status":"closed","ping_status":"closed","template":"","meta":[],"product_brand":[],"product_cat":[24,67],"product_tag":[],"class_list":{"0":"post-7333","1":"product","2":"type-product","3":"status-publish","4":"has-post-thumbnail","6":"product_cat-fotografia-astronomica","7":"product_cat-https-site-astrofoto-com-pt-welcome-categoria-produto-novidade","9":"first","10":"onbackorder","11":"shipping-taxable","12":"purchasable","13":"product-type-simple"},"_links":{"self":[{"href":"https:\/\/site.astrofoto.com.pt\/welcome\/wp-json\/wp\/v2\/product\/7333","targetHints":{"allow":["GET"]}}],"collection":[{"href":"https:\/\/site.astrofoto.com.pt\/welcome\/wp-json\/wp\/v2\/product"}],"about":[{"href":"https:\/\/site.astrofoto.com.pt\/welcome\/wp-json\/wp\/v2\/types\/product"}],"replies":[{"embeddable":true,"href":"https:\/\/site.astrofoto.com.pt\/welcome\/wp-json\/wp\/v2\/comments?post=7333"}],"wp:featuredmedia":[{"embeddable":true,"href":"https:\/\/site.astrofoto.com.pt\/welcome\/wp-json\/wp\/v2\/media\/7328"}],"wp:attachment":[{"href":"https:\/\/site.astrofoto.com.pt\/welcome\/wp-json\/wp\/v2\/media?parent=7333"}],"wp:term":[{"taxonomy":"product_brand","embeddable":true,"href":"https:\/\/site.astrofoto.com.pt\/welcome\/wp-json\/wp\/v2\/product_brand?post=7333"},{"taxonomy":"product_cat","embeddable":true,"href":"https:\/\/site.astrofoto.com.pt\/welcome\/wp-json\/wp\/v2\/product_cat?post=7333"},{"taxonomy":"product_tag","embeddable":true,"href":"https:\/\/site.astrofoto.com.pt\/welcome\/wp-json\/wp\/v2\/product_tag?post=7333"}],"curies":[{"name":"wp","href":"https:\/\/api.w.org\/{rel}","templated":true}]}}