{"id":7327,"date":"2021-10-07T15:54:28","date_gmt":"2021-10-07T15:54:28","guid":{"rendered":"https:\/\/site.astrofoto.com.pt\/welcome\/?post_type=product&#038;p=7327"},"modified":"2023-03-24T16:16:47","modified_gmt":"2023-03-24T16:16:47","slug":"camara-atik-acis-2-4","status":"publish","type":"product","link":"https:\/\/site.astrofoto.com.pt\/welcome\/produto\/camara-atik-acis-2-4\/","title":{"rendered":"Camara ATIK ACIS 2.4"},"content":{"rendered":"<p><strong>Camara ATIK ACIS 2.4<\/strong><\/p>\n<p>Sensor: Sony IMX249 CMOS<br \/>\nMegapixeis &#8211; 2.3<br \/>\nResolu\u00e7\u00e3o: 1920 x 1200<br \/>\nTamanho do Pixel: 5.86 \u00b5m x 5.86 \u00b5m<br \/>\nADC: 12bit<br \/>\nReadout noise (Typ.):3e- at low gain<br \/>\nCooling delta: -35\u00b0C<br \/>\nRegulated cooler: Yes<br \/>\nWater assist: No<br \/>\nExposi\u00e7\u00e3o Maxima: Sem limite<br \/>\nExposi\u00e7\u00e3o minima: 0.001s<br \/>\nGain factor: Variable<br \/>\nFull well capacity: ~33,000e-<br \/>\nPC interface: USB3.0 full speed<br \/>\nAlimenta\u00e7\u00e3o: 12VDC, 2A<br \/>\nBackfocus distance: 12.5mm \u00b10.5<br \/>\nRosca na frente: M42 x 0,75<br \/>\nPeso: aprox 530g<br \/>\nMono ou a cores<br \/>\nObturador: Global Shutter<\/p>\n<p><em><strong>\u25baLive continuous stacking<br \/>\n<\/strong><\/em><em><strong>\u25baFlexible histogram control, including auto-stretch functions<br \/>\n<\/strong><\/em><em><strong>\u25baLive YouTube broadcast integration<br \/>\n<\/strong><\/em><em><strong>\u25baInteractive session replay<br \/>\n<\/strong><\/em><em><strong>\u25baFocus assist and monitoring tools<br \/>\n<\/strong><\/em><em><strong>\u25baSave to FITs, PNG, JPG and TIFF formats<\/strong><\/em><\/p>\n<p>\u25baA s\u00e9rie ACIS \u00e9 a nossa s\u00e9rie de c\u00e2maras mais r\u00e1pidas, com velocidade de full frame at\u00e9 30 fps e est\u00e1 dispon\u00edvel nas edi\u00e7\u00f5es de 12,3, 7,1 e 2,4 megapixeis.<br \/>\nProjetada n\u00e3o apenas para exceder as altas exig\u00eancias para imagens cient\u00edficas, a ACIS tamb\u00e9m tem um desempenho especializado em imagens astron\u00f3micas.<br \/>\nFabricada em nossas instala\u00e7\u00f5es europeias com certifica\u00e7\u00e3o ISO 9001 de acordo com os mais altos padr\u00f5es, a ACIS foi projetada para fornecer um servi\u00e7o confi\u00e1vel e excelente por muitos anos.<\/p>\n<p>\u25ba<a href=\"https:\/\/www.atik-cameras.com\/product\/acis-2-4\/\">mais info<\/a><\/p>\n<p>&nbsp;<\/p>\n","protected":false},"excerpt":{"rendered":"<p>Camara ATIK ACIS 2.4 Sensor: Sony IMX249 CMOS Megapixeis &#8211; 2.3 Resolu\u00e7\u00e3o: 1920 x 1200 Tamanho do Pixel: 5.86 \u00b5m x 5.86 \u00b5m ADC: 12bit Readout noise (Typ.):3e- at low gain Cooling delta: -35\u00b0C Regulated cooler: Yes Water assist: No Exposi\u00e7\u00e3o Maxima: Sem limite Exposi\u00e7\u00e3o minima: 0.001s Gain factor: Variable Full well capacity: ~33,000e- PC<\/p>\n<div class=\"more-link\">\n\t\t\t\t <a href=\"https:\/\/site.astrofoto.com.pt\/welcome\/produto\/camara-atik-acis-2-4\/\" class=\"btn theme-btn inverted\"><span>Continuar a Ler <\/span><\/a>\n\t\t\t<\/div>\n","protected":false},"featured_media":7328,"comment_status":"closed","ping_status":"closed","template":"","meta":[],"product_brand":[],"product_cat":[24,67],"product_tag":[],"class_list":{"0":"post-7327","1":"product","2":"type-product","3":"status-publish","4":"has-post-thumbnail","6":"product_cat-fotografia-astronomica","7":"product_cat-https-site-astrofoto-com-pt-welcome-categoria-produto-novidade","9":"first","10":"onbackorder","11":"shipping-taxable","12":"purchasable","13":"product-type-simple"},"_links":{"self":[{"href":"https:\/\/site.astrofoto.com.pt\/welcome\/wp-json\/wp\/v2\/product\/7327","targetHints":{"allow":["GET"]}}],"collection":[{"href":"https:\/\/site.astrofoto.com.pt\/welcome\/wp-json\/wp\/v2\/product"}],"about":[{"href":"https:\/\/site.astrofoto.com.pt\/welcome\/wp-json\/wp\/v2\/types\/product"}],"replies":[{"embeddable":true,"href":"https:\/\/site.astrofoto.com.pt\/welcome\/wp-json\/wp\/v2\/comments?post=7327"}],"wp:featuredmedia":[{"embeddable":true,"href":"https:\/\/site.astrofoto.com.pt\/welcome\/wp-json\/wp\/v2\/media\/7328"}],"wp:attachment":[{"href":"https:\/\/site.astrofoto.com.pt\/welcome\/wp-json\/wp\/v2\/media?parent=7327"}],"wp:term":[{"taxonomy":"product_brand","embeddable":true,"href":"https:\/\/site.astrofoto.com.pt\/welcome\/wp-json\/wp\/v2\/product_brand?post=7327"},{"taxonomy":"product_cat","embeddable":true,"href":"https:\/\/site.astrofoto.com.pt\/welcome\/wp-json\/wp\/v2\/product_cat?post=7327"},{"taxonomy":"product_tag","embeddable":true,"href":"https:\/\/site.astrofoto.com.pt\/welcome\/wp-json\/wp\/v2\/product_tag?post=7327"}],"curies":[{"name":"wp","href":"https:\/\/api.w.org\/{rel}","templated":true}]}}