{"id":7301,"date":"2021-09-22T19:10:37","date_gmt":"2021-09-22T19:10:37","guid":{"rendered":"https:\/\/site.astrofoto.com.pt\/welcome\/?post_type=product&#038;p=7301"},"modified":"2024-06-10T18:07:22","modified_gmt":"2024-06-10T18:07:22","slug":"telescopio-sw-150-750-eqm-35-pro","status":"publish","type":"product","link":"https:\/\/site.astrofoto.com.pt\/welcome\/produto\/telescopio-sw-150-750-eqm-35-pro\/","title":{"rendered":"Telescopio SW 150\/750 DS EQM 35 PRO"},"content":{"rendered":"<p><strong>Telescopio SW 150\/750 DS EQM 35 PRO<br \/>\n<\/strong>Tubo Optico Alum\u00ednio<br \/>\nCom dovetail e aneis de fixa\u00e7\u00e3o<br \/>\nDist\u00e2ncia Focal 750mm<br \/>\nEspelho Parab\u00f3lico<br \/>\nPoder de resolu\u00e7\u00e3o 0.8\u2033<br \/>\nMagnitude limite 13.5<br \/>\nPorta-Oculares Crayford 50.8\/31.75 Sky-Watcher com microfocador (<strong>dual speed 1:10)<\/strong><br \/>\nDimens\u00f5es 18,2cm x 69cm<br \/>\nPeso 4,8 kg<\/p>\n<p><strong>Montagem SkyWatcher EQM-35 PRO<br \/>\n<\/strong>Montagem Equatorial Alem\u00e3 com eixo Dec desmont\u00e1vel<br \/>\nMotorizada com o sistema Synscan GOTO<br \/>\nCapacidade de carga: 10Kg<br \/>\nContrapesos: 2 pesos total: 3,4Kg<\/p>\n<p>\u25ba <a href=\"http:\/\/www.skywatcher.com\/download\/software\/\">Downloads<\/a><br \/>\nTrip\u00e9 de a\u00e7o (71cm a 123cm)<br \/>\nPeso da montagem: 4,4Kg (modo classico) e 3,3Kg (modo Foto)<br \/>\nPeso do Trip\u00e9: 5,7Kg<br \/>\nAR: Roda dentada de \u00d892,5mm e 180 dentes + sem-fim de \u00d825,5mm<br \/>\nDEC: Roda dentada de \u00d834,3mm e 65dentes + sem-fim de \u00d825,5mm<br \/>\nGOTO: Comando Synscan com 42.000 objectos<br \/>\nSeguimento: Sideral, Lunar Solar em modo EQ ou AZ, simples ou duplo eixo<br \/>\nFun\u00e7\u00f5es: Park, Synchronisation, Backlash, Identification, Tour<br \/>\nLatitudes: 15\u00b0 a 65\u00b0.<br \/>\nVisor polar incluido<br \/>\nAlimenta\u00e7\u00e3o: DC12V 3A (Extra)<\/p>\n<p>\u25ba o eixo Dec pode ser desmontado para funcionar em modo foto como o StarAdventurer (ver foto)<\/p>\n","protected":false},"excerpt":{"rendered":"<p>Telescopio SW 150\/750 DS EQM 35 PRO Tubo Optico Alum\u00ednio Com dovetail e aneis de fixa\u00e7\u00e3o Dist\u00e2ncia Focal 750mm Espelho Parab\u00f3lico Poder de resolu\u00e7\u00e3o 0.8\u2033 Magnitude limite 13.5 Porta-Oculares Crayford 50.8\/31.75 Sky-Watcher com microfocador (dual speed 1:10) Dimens\u00f5es 18,2cm x 69cm Peso 4,8 kg Montagem SkyWatcher EQM-35 PRO Montagem Equatorial Alem\u00e3 com eixo Dec desmont\u00e1vel<\/p>\n<div class=\"more-link\">\n\t\t\t\t <a href=\"https:\/\/site.astrofoto.com.pt\/welcome\/produto\/telescopio-sw-150-750-eqm-35-pro\/\" class=\"btn theme-btn inverted\"><span>Continuar a Ler <\/span><\/a>\n\t\t\t<\/div>\n","protected":false},"featured_media":7302,"comment_status":"closed","ping_status":"closed","template":"","meta":[],"product_brand":[],"product_cat":[79,15],"product_tag":[],"class_list":{"0":"post-7301","1":"product","2":"type-product","3":"status-publish","4":"has-post-thumbnail","6":"product_cat-montagens-goto","7":"product_cat-telescopios-reflectores","9":"first","10":"onbackorder","11":"sale","12":"shipping-taxable","13":"purchasable","14":"product-type-simple"},"_links":{"self":[{"href":"https:\/\/site.astrofoto.com.pt\/welcome\/wp-json\/wp\/v2\/product\/7301","targetHints":{"allow":["GET"]}}],"collection":[{"href":"https:\/\/site.astrofoto.com.pt\/welcome\/wp-json\/wp\/v2\/product"}],"about":[{"href":"https:\/\/site.astrofoto.com.pt\/welcome\/wp-json\/wp\/v2\/types\/product"}],"replies":[{"embeddable":true,"href":"https:\/\/site.astrofoto.com.pt\/welcome\/wp-json\/wp\/v2\/comments?post=7301"}],"wp:featuredmedia":[{"embeddable":true,"href":"https:\/\/site.astrofoto.com.pt\/welcome\/wp-json\/wp\/v2\/media\/7302"}],"wp:attachment":[{"href":"https:\/\/site.astrofoto.com.pt\/welcome\/wp-json\/wp\/v2\/media?parent=7301"}],"wp:term":[{"taxonomy":"product_brand","embeddable":true,"href":"https:\/\/site.astrofoto.com.pt\/welcome\/wp-json\/wp\/v2\/product_brand?post=7301"},{"taxonomy":"product_cat","embeddable":true,"href":"https:\/\/site.astrofoto.com.pt\/welcome\/wp-json\/wp\/v2\/product_cat?post=7301"},{"taxonomy":"product_tag","embeddable":true,"href":"https:\/\/site.astrofoto.com.pt\/welcome\/wp-json\/wp\/v2\/product_tag?post=7301"}],"curies":[{"name":"wp","href":"https:\/\/api.w.org\/{rel}","templated":true}]}}