{"id":7253,"date":"2021-09-14T15:39:44","date_gmt":"2021-09-14T15:39:44","guid":{"rendered":"https:\/\/site.astrofoto.com.pt\/welcome\/?post_type=product&#038;p=7253"},"modified":"2025-05-27T10:38:18","modified_gmt":"2025-05-27T10:38:18","slug":"binoculo-levenhuk-20x80","status":"publish","type":"product","link":"https:\/\/site.astrofoto.com.pt\/welcome\/produto\/binoculo-levenhuk-20x80\/","title":{"rendered":"Binoculo Levenhuk 20&#215;80"},"content":{"rendered":"<p>&nbsp;<\/p>\n<p>\u2022 Abertura\/di\u00e2metro da objectiva: 80mm<br \/>\n\u2022 Aumento: 20x<br \/>\n\u2022 Sa\u00edda de pupila: 4mm<br \/>\n\u2022 Objectiva: Acromatica<br \/>\n\u2022<strong> Prismas: BAK-4<\/strong><br \/>\n\u2022 Revestimento: Fullymulticoated<br \/>\n\u2022 \u00e0 prova de \u00e1gua ((classe IPX6)<br \/>\n\u2022 Dist\u00e2ncia \u00e0 pupila (Eye relief): 18mm<br \/>\n\u2022 Oculares com borracha dobr\u00e1vel (bom para quem usa \u00f3culos)<br \/>\n\u2022 Dist\u00e2ncia inter pupilar: 60-70mm<br \/>\n\u2022 \u00c2ngulo de Vis\u00e3o: 3.2\u00ba<br \/>\n\u2022 Campo de Vis\u00e3o: 56m a 1000m<br \/>\n\u2022 Focagem a partir de: 16m<br \/>\n\u2022 Peso: 2,6Kg<br \/>\n\u2022 Adapta\u00e7\u00e3o a trip\u00e9: inclu\u00edda, ajust\u00e1vel<br \/>\n\u2022 Estojo de transporte<\/p>\n","protected":false},"excerpt":{"rendered":"<p>&nbsp; \u2022 Abertura\/di\u00e2metro da objectiva: 80mm \u2022 Aumento: 20x \u2022 Sa\u00edda de pupila: 4mm \u2022 Objectiva: Acromatica \u2022 Prismas: BAK-4 \u2022 Revestimento: Fullymulticoated \u2022 \u00e0 prova de \u00e1gua ((classe IPX6) \u2022 Dist\u00e2ncia \u00e0 pupila (Eye relief): 18mm \u2022 Oculares com borracha dobr\u00e1vel (bom para quem usa \u00f3culos) \u2022 Dist\u00e2ncia inter pupilar: 60-70mm \u2022 \u00c2ngulo de<\/p>\n<div class=\"more-link\">\n\t\t\t\t <a href=\"https:\/\/site.astrofoto.com.pt\/welcome\/produto\/binoculo-levenhuk-20x80\/\" class=\"btn theme-btn inverted\"><span>Continuar a Ler <\/span><\/a>\n\t\t\t<\/div>\n","protected":false},"featured_media":7256,"comment_status":"closed","ping_status":"closed","template":"","meta":[],"product_brand":[],"product_cat":[13],"product_tag":[],"class_list":{"0":"post-7253","1":"product","2":"type-product","3":"status-publish","4":"has-post-thumbnail","6":"product_cat-binoculos","8":"first","9":"onbackorder","10":"sale","11":"shipping-taxable","12":"purchasable","13":"product-type-simple"},"_links":{"self":[{"href":"https:\/\/site.astrofoto.com.pt\/welcome\/wp-json\/wp\/v2\/product\/7253","targetHints":{"allow":["GET"]}}],"collection":[{"href":"https:\/\/site.astrofoto.com.pt\/welcome\/wp-json\/wp\/v2\/product"}],"about":[{"href":"https:\/\/site.astrofoto.com.pt\/welcome\/wp-json\/wp\/v2\/types\/product"}],"replies":[{"embeddable":true,"href":"https:\/\/site.astrofoto.com.pt\/welcome\/wp-json\/wp\/v2\/comments?post=7253"}],"wp:featuredmedia":[{"embeddable":true,"href":"https:\/\/site.astrofoto.com.pt\/welcome\/wp-json\/wp\/v2\/media\/7256"}],"wp:attachment":[{"href":"https:\/\/site.astrofoto.com.pt\/welcome\/wp-json\/wp\/v2\/media?parent=7253"}],"wp:term":[{"taxonomy":"product_brand","embeddable":true,"href":"https:\/\/site.astrofoto.com.pt\/welcome\/wp-json\/wp\/v2\/product_brand?post=7253"},{"taxonomy":"product_cat","embeddable":true,"href":"https:\/\/site.astrofoto.com.pt\/welcome\/wp-json\/wp\/v2\/product_cat?post=7253"},{"taxonomy":"product_tag","embeddable":true,"href":"https:\/\/site.astrofoto.com.pt\/welcome\/wp-json\/wp\/v2\/product_tag?post=7253"}],"curies":[{"name":"wp","href":"https:\/\/api.w.org\/{rel}","templated":true}]}}