{"id":721,"date":"2015-08-26T16:59:31","date_gmt":"2015-08-26T16:59:31","guid":{"rendered":"http:\/\/site.astrofoto.com.pt\/welcome\/?post_type=product&#038;p=721"},"modified":"2024-10-24T10:49:32","modified_gmt":"2024-10-24T10:49:32","slug":"ota-lx800-acf-12-f8","status":"publish","type":"product","link":"https:\/\/site.astrofoto.com.pt\/welcome\/produto\/ota-lx800-acf-12-f8\/","title":{"rendered":"OTA LX800 ACF 12&#8243; F\/8"},"content":{"rendered":"<p><a href=\"http:\/\/site.astrofoto.com.pt\/welcome\/wp-content\/uploads\/2015\/08\/m14.jpg\"><img fetchpriority=\"high\" decoding=\"async\" class=\"alignleft size-medium wp-image-722\" src=\"http:\/\/site.astrofoto.com.pt\/welcome\/wp-content\/uploads\/2015\/08\/m14-300x300.jpg\" alt=\"m14\" width=\"300\" height=\"300\" srcset=\"https:\/\/site.astrofoto.com.pt\/welcome\/wp-content\/uploads\/2015\/08\/m14-300x300.jpg 300w, https:\/\/site.astrofoto.com.pt\/welcome\/wp-content\/uploads\/2015\/08\/m14-450x450.jpg 450w, https:\/\/site.astrofoto.com.pt\/welcome\/wp-content\/uploads\/2015\/08\/m14-100x100.jpg 100w, https:\/\/site.astrofoto.com.pt\/welcome\/wp-content\/uploads\/2015\/08\/m14-150x150.jpg 150w, https:\/\/site.astrofoto.com.pt\/welcome\/wp-content\/uploads\/2015\/08\/m14.jpg 600w\" sizes=\"(max-width: 300px) 100vw, 300px\" \/><\/a><\/p>\n<p>OTA LX800 ACF 12&#8243; F\/8 UHTC<br \/>\n\u2022 Espelho Prim\u00e1rio em Pyrex\u00ae<\/p>\n<p>&nbsp;<\/p>\n<p>** os portes dos\u00a0telesc\u00f3pios n\u00e3o est\u00e3o incluidos na taxa de 5\u20ac :<\/p>\n<p><a href=\"http:\/\/astrofoto.com.pt\/envios.htm\">ht<\/a><a href=\"http:\/\/astrofoto.com.pt\/envios.htm\">http:\/\/astrofoto.com.pt\/envios.htm<\/a><\/p>\n","protected":false},"excerpt":{"rendered":"<p>OTA LX800 ACF 12&#8243; F\/8 UHTC \u2022 Espelho Prim\u00e1rio em Pyrex\u00ae &nbsp; ** os portes dos\u00a0telesc\u00f3pios n\u00e3o est\u00e3o incluidos na taxa de 5\u20ac : hthttp:\/\/astrofoto.com.pt\/envios.htm<\/p>\n","protected":false},"featured_media":722,"comment_status":"open","ping_status":"closed","template":"","meta":[],"product_brand":[],"product_cat":[17],"product_tag":[],"class_list":{"0":"post-721","1":"product","2":"type-product","3":"status-publish","4":"has-post-thumbnail","6":"product_cat-telescopios-catadioptricos","7":"product_shipping_class-taxa-media","9":"first","10":"outofstock","11":"shipping-taxable","12":"purchasable","13":"product-type-simple"},"_links":{"self":[{"href":"https:\/\/site.astrofoto.com.pt\/welcome\/wp-json\/wp\/v2\/product\/721","targetHints":{"allow":["GET"]}}],"collection":[{"href":"https:\/\/site.astrofoto.com.pt\/welcome\/wp-json\/wp\/v2\/product"}],"about":[{"href":"https:\/\/site.astrofoto.com.pt\/welcome\/wp-json\/wp\/v2\/types\/product"}],"replies":[{"embeddable":true,"href":"https:\/\/site.astrofoto.com.pt\/welcome\/wp-json\/wp\/v2\/comments?post=721"}],"wp:featuredmedia":[{"embeddable":true,"href":"https:\/\/site.astrofoto.com.pt\/welcome\/wp-json\/wp\/v2\/media\/722"}],"wp:attachment":[{"href":"https:\/\/site.astrofoto.com.pt\/welcome\/wp-json\/wp\/v2\/media?parent=721"}],"wp:term":[{"taxonomy":"product_brand","embeddable":true,"href":"https:\/\/site.astrofoto.com.pt\/welcome\/wp-json\/wp\/v2\/product_brand?post=721"},{"taxonomy":"product_cat","embeddable":true,"href":"https:\/\/site.astrofoto.com.pt\/welcome\/wp-json\/wp\/v2\/product_cat?post=721"},{"taxonomy":"product_tag","embeddable":true,"href":"https:\/\/site.astrofoto.com.pt\/welcome\/wp-json\/wp\/v2\/product_tag?post=721"}],"curies":[{"name":"wp","href":"https:\/\/api.w.org\/{rel}","templated":true}]}}