{"id":7208,"date":"2021-09-03T18:37:20","date_gmt":"2021-09-03T18:37:20","guid":{"rendered":"https:\/\/site.astrofoto.com.pt\/welcome\/?post_type=product&#038;p=7208"},"modified":"2022-11-07T17:25:37","modified_gmt":"2022-11-07T17:25:37","slug":"telrad-com-base","status":"publish","type":"product","link":"https:\/\/site.astrofoto.com.pt\/welcome\/produto\/telrad-com-base\/","title":{"rendered":"Telrad com base"},"content":{"rendered":"<p><strong>Telrad com base<\/strong><\/p>\n<p>\u25ba o classico apontador muito apreciado nos grandes telescopios<br \/>\n\u2022 N\u00e3o inverte a imagem<br \/>\n\u2022 3 c\u00edrculos conc\u00eantricos orientam para onde apotar<br \/>\n\u2022 Intermit\u00eancia na luz permite comodidade de utiliza\u00e7\u00e3o<\/p>\n","protected":false},"excerpt":{"rendered":"<p>Telrad com base \u25ba o classico apontador muito apreciado nos grandes telescopios \u2022 N\u00e3o inverte a imagem \u2022 3 c\u00edrculos conc\u00eantricos orientam para onde apotar \u2022 Intermit\u00eancia na luz permite comodidade de utiliza\u00e7\u00e3o<\/p>\n","protected":false},"featured_media":8645,"comment_status":"closed","ping_status":"closed","template":"","meta":[],"product_brand":[],"product_cat":[51],"product_tag":[],"class_list":{"0":"post-7208","1":"product","2":"type-product","3":"status-publish","4":"has-post-thumbnail","6":"product_cat-acessorios-para-telescopios","8":"first","9":"onbackorder","10":"shipping-taxable","11":"purchasable","12":"product-type-simple"},"_links":{"self":[{"href":"https:\/\/site.astrofoto.com.pt\/welcome\/wp-json\/wp\/v2\/product\/7208","targetHints":{"allow":["GET"]}}],"collection":[{"href":"https:\/\/site.astrofoto.com.pt\/welcome\/wp-json\/wp\/v2\/product"}],"about":[{"href":"https:\/\/site.astrofoto.com.pt\/welcome\/wp-json\/wp\/v2\/types\/product"}],"replies":[{"embeddable":true,"href":"https:\/\/site.astrofoto.com.pt\/welcome\/wp-json\/wp\/v2\/comments?post=7208"}],"wp:featuredmedia":[{"embeddable":true,"href":"https:\/\/site.astrofoto.com.pt\/welcome\/wp-json\/wp\/v2\/media\/8645"}],"wp:attachment":[{"href":"https:\/\/site.astrofoto.com.pt\/welcome\/wp-json\/wp\/v2\/media?parent=7208"}],"wp:term":[{"taxonomy":"product_brand","embeddable":true,"href":"https:\/\/site.astrofoto.com.pt\/welcome\/wp-json\/wp\/v2\/product_brand?post=7208"},{"taxonomy":"product_cat","embeddable":true,"href":"https:\/\/site.astrofoto.com.pt\/welcome\/wp-json\/wp\/v2\/product_cat?post=7208"},{"taxonomy":"product_tag","embeddable":true,"href":"https:\/\/site.astrofoto.com.pt\/welcome\/wp-json\/wp\/v2\/product_tag?post=7208"}],"curies":[{"name":"wp","href":"https:\/\/api.w.org\/{rel}","templated":true}]}}