{"id":7169,"date":"2021-08-31T13:03:54","date_gmt":"2021-08-31T13:03:54","guid":{"rendered":"https:\/\/site.astrofoto.com.pt\/welcome\/?post_type=product&#038;p=7169"},"modified":"2023-01-04T14:40:25","modified_gmt":"2023-01-04T14:40:25","slug":"zwo-adc-corretor-de-dispersao-atmosferica","status":"publish","type":"product","link":"https:\/\/site.astrofoto.com.pt\/welcome\/produto\/zwo-adc-corretor-de-dispersao-atmosferica\/","title":{"rendered":"Zwo ADC Corretor de Dispers\u00e3o atmosferica Mark II"},"content":{"rendered":"<p><strong>Zwo ADC Corretor de Dispers\u00e3o atmosferica Mark II<br \/>\n<\/strong><\/p>\n<p>\u2022 Prismas H-K9L (Schott BK7)<br \/>\n\u2022 \u00c2ngulo de deflex\u00e3o: 2\u00b0<br \/>\n\u2022 Regula\u00e7\u00e3o dos 2 prismas por 2 parafusos serrilhados<br \/>\n\u2022 Nivel de bolha Integrado<br \/>\n\u2022 Tratamento Antireflexo AR (anti-r\u00e9flexion)<br \/>\n\u2022 Precis\u00e3o de superficie: \u03bb\/10 @632.8nm<br \/>\n\u2022 Comprimento: 83.4mm<br \/>\n\u2022 Entrada: 1.25&#8243;<br \/>\n\u2022 Saida: 1.25&#8243; \/ M42<\/p>\n<p>\u25baA luz das estrelas e planetas \u00e9 refratada pela camada de ar quando passa pela atmosfera da Terra. Esta refra\u00e7\u00e3o varia muito dependendo do comprimento de onda da luz; um efeito que \u00e9 conhecido como &#8216;dispers\u00e3o&#8217;. Essa dispers\u00e3o causa uma franja de cor irritante nas bordas dos discos planet\u00e1rios. A atmosfera, portanto, atua basicamente como a lente de um telesc\u00f3pio com aberra\u00e7\u00e3o crom\u00e1tica. Por outro lado, isso significa que voc\u00ea ver\u00e1 at\u00e9 mesmo franjas de cores se estiver usando um telesc\u00f3pio de alta qualidade sem aberra\u00e7\u00e3o crom\u00e1tica inerente. A dispers\u00e3o da atmosfera n\u00e3o pode ser corrigida pela \u00f3ptica do seu telesc\u00f3pio. \u00c9 aqui que entra o instrumento ADC compacto &#8211; o ADC consiste basicamente em dois prismas rotativos feitos de vidro de silicato. Os prismas produzem eles pr\u00f3prios uma certa extens\u00e3o da pr\u00f3pria aberra\u00e7\u00e3o crom\u00e1tica, que se op\u00f5e \u00e0 dispers\u00e3o atmosf\u00e9rica. O ADC, portanto, corrige esse efeito irritante. A posi\u00e7\u00e3o relativa dos prismas pode ser ajustada livremente por meio de uma pequena lamina.<\/p>\n<p>&nbsp;<\/p>\n<p>&nbsp;<\/p>\n","protected":false},"excerpt":{"rendered":"<p>Zwo ADC Corretor de Dispers\u00e3o atmosferica Mark II \u2022 Prismas H-K9L (Schott BK7) \u2022 \u00c2ngulo de deflex\u00e3o: 2\u00b0 \u2022 Regula\u00e7\u00e3o dos 2 prismas por 2 parafusos serrilhados \u2022 Nivel de bolha Integrado \u2022 Tratamento Antireflexo AR (anti-r\u00e9flexion) \u2022 Precis\u00e3o de superficie: \u03bb\/10 @632.8nm \u2022 Comprimento: 83.4mm \u2022 Entrada: 1.25&#8243; \u2022 Saida: 1.25&#8243; \/ M42 \u25baA<\/p>\n<div class=\"more-link\">\n\t\t\t\t <a href=\"https:\/\/site.astrofoto.com.pt\/welcome\/produto\/zwo-adc-corretor-de-dispersao-atmosferica\/\" class=\"btn theme-btn inverted\"><span>Continuar a Ler <\/span><\/a>\n\t\t\t<\/div>\n","protected":false},"featured_media":7170,"comment_status":"closed","ping_status":"closed","template":"","meta":[],"product_brand":[],"product_cat":[51,34,67],"product_tag":[],"class_list":{"0":"post-7169","1":"product","2":"type-product","3":"status-publish","4":"has-post-thumbnail","6":"product_cat-acessorios-para-telescopios","7":"product_cat-acessoriosfotografia","8":"product_cat-https-site-astrofoto-com-pt-welcome-categoria-produto-novidade","10":"first","11":"onbackorder","12":"shipping-taxable","13":"purchasable","14":"product-type-simple"},"_links":{"self":[{"href":"https:\/\/site.astrofoto.com.pt\/welcome\/wp-json\/wp\/v2\/product\/7169","targetHints":{"allow":["GET"]}}],"collection":[{"href":"https:\/\/site.astrofoto.com.pt\/welcome\/wp-json\/wp\/v2\/product"}],"about":[{"href":"https:\/\/site.astrofoto.com.pt\/welcome\/wp-json\/wp\/v2\/types\/product"}],"replies":[{"embeddable":true,"href":"https:\/\/site.astrofoto.com.pt\/welcome\/wp-json\/wp\/v2\/comments?post=7169"}],"wp:featuredmedia":[{"embeddable":true,"href":"https:\/\/site.astrofoto.com.pt\/welcome\/wp-json\/wp\/v2\/media\/7170"}],"wp:attachment":[{"href":"https:\/\/site.astrofoto.com.pt\/welcome\/wp-json\/wp\/v2\/media?parent=7169"}],"wp:term":[{"taxonomy":"product_brand","embeddable":true,"href":"https:\/\/site.astrofoto.com.pt\/welcome\/wp-json\/wp\/v2\/product_brand?post=7169"},{"taxonomy":"product_cat","embeddable":true,"href":"https:\/\/site.astrofoto.com.pt\/welcome\/wp-json\/wp\/v2\/product_cat?post=7169"},{"taxonomy":"product_tag","embeddable":true,"href":"https:\/\/site.astrofoto.com.pt\/welcome\/wp-json\/wp\/v2\/product_tag?post=7169"}],"curies":[{"name":"wp","href":"https:\/\/api.w.org\/{rel}","templated":true}]}}