{"id":712,"date":"2015-08-25T17:41:13","date_gmt":"2015-08-25T17:41:13","guid":{"rendered":"http:\/\/site.astrofoto.com.pt\/welcome\/?post_type=product&#038;p=712"},"modified":"2021-09-09T13:45:37","modified_gmt":"2021-09-09T13:45:37","slug":"meade-lx850-acf-12-f8","status":"publish","type":"product","link":"https:\/\/site.astrofoto.com.pt\/welcome\/produto\/meade-lx850-acf-12-f8\/","title":{"rendered":"Meade LX850-ACF 12&#8243; f\/8"},"content":{"rendered":"<p><a href=\"http:\/\/site.astrofoto.com.pt\/welcome\/wp-content\/uploads\/2015\/08\/m7.jpg\"><img fetchpriority=\"high\" decoding=\"async\" class=\"alignleft size-medium wp-image-713\" src=\"http:\/\/site.astrofoto.com.pt\/welcome\/wp-content\/uploads\/2015\/08\/m7-225x300.jpg\" alt=\"m7\" width=\"225\" height=\"300\" srcset=\"https:\/\/site.astrofoto.com.pt\/welcome\/wp-content\/uploads\/2015\/08\/m7-225x300.jpg 225w, https:\/\/site.astrofoto.com.pt\/welcome\/wp-content\/uploads\/2015\/08\/m7-150x200.jpg 150w, https:\/\/site.astrofoto.com.pt\/welcome\/wp-content\/uploads\/2015\/08\/m7-300x399.jpg 300w, https:\/\/site.astrofoto.com.pt\/welcome\/wp-content\/uploads\/2015\/08\/m7.jpg 374w\" sizes=\"(max-width: 225px) 100vw, 225px\" \/><\/a><\/p>\n<p>LX850-ACF 12&#8243; f\/8<\/p>\n<p>\u202212&#8243; f\/8 Advanced Coma Free Optics &#8211; 2438mm focal length<br \/>\n\u2022Meade Ultra-High Transmission Coatings (UHTC)<br \/>\n\u2022Crayford Focuser<br \/>\n\u202290 pound instrument capacity<br \/>\n\u2022StarLock automatic guider<br \/>\n\u2022AutoStar II GOTO system<br \/>\n\u2022Heavy-duty tripod<br \/>\n\u2022Zero Image Shift Electricronic Micro-Focuser<\/p>\n<p>&nbsp;<\/p>\n<p>** os portes dos telesc\u00f3piosn\u00e3o est\u00e3o incluidos na taxa de 5\u20ac :<\/p>\n<p><a href=\"http:\/\/astrofoto.com.pt\/envios.htm\">http:\/\/astrofoto.com.pt\/envios.htm<\/a><\/p>\n","protected":false},"excerpt":{"rendered":"<p>LX850-ACF 12&#8243; f\/8 \u202212&#8243; f\/8 Advanced Coma Free Optics &#8211; 2438mm focal length \u2022Meade Ultra-High Transmission Coatings (UHTC) \u2022Crayford Focuser \u202290 pound instrument capacity \u2022StarLock automatic guider \u2022AutoStar II GOTO system \u2022Heavy-duty tripod \u2022Zero Image Shift Electricronic Micro-Focuser &nbsp; ** os portes dos telesc\u00f3piosn\u00e3o est\u00e3o incluidos na taxa de 5\u20ac : http:\/\/astrofoto.com.pt\/envios.htm<\/p>\n","protected":false},"featured_media":713,"comment_status":"open","ping_status":"closed","template":"","meta":[],"product_brand":[],"product_cat":[17],"product_tag":[],"class_list":{"0":"post-712","1":"product","2":"type-product","3":"status-publish","4":"has-post-thumbnail","6":"product_cat-telescopios-catadioptricos","7":"product_shipping_class-taxa-media","9":"first","10":"outofstock","11":"shipping-taxable","12":"purchasable","13":"product-type-simple"},"_links":{"self":[{"href":"https:\/\/site.astrofoto.com.pt\/welcome\/wp-json\/wp\/v2\/product\/712","targetHints":{"allow":["GET"]}}],"collection":[{"href":"https:\/\/site.astrofoto.com.pt\/welcome\/wp-json\/wp\/v2\/product"}],"about":[{"href":"https:\/\/site.astrofoto.com.pt\/welcome\/wp-json\/wp\/v2\/types\/product"}],"replies":[{"embeddable":true,"href":"https:\/\/site.astrofoto.com.pt\/welcome\/wp-json\/wp\/v2\/comments?post=712"}],"wp:featuredmedia":[{"embeddable":true,"href":"https:\/\/site.astrofoto.com.pt\/welcome\/wp-json\/wp\/v2\/media\/713"}],"wp:attachment":[{"href":"https:\/\/site.astrofoto.com.pt\/welcome\/wp-json\/wp\/v2\/media?parent=712"}],"wp:term":[{"taxonomy":"product_brand","embeddable":true,"href":"https:\/\/site.astrofoto.com.pt\/welcome\/wp-json\/wp\/v2\/product_brand?post=712"},{"taxonomy":"product_cat","embeddable":true,"href":"https:\/\/site.astrofoto.com.pt\/welcome\/wp-json\/wp\/v2\/product_cat?post=712"},{"taxonomy":"product_tag","embeddable":true,"href":"https:\/\/site.astrofoto.com.pt\/welcome\/wp-json\/wp\/v2\/product_tag?post=712"}],"curies":[{"name":"wp","href":"https:\/\/api.w.org\/{rel}","templated":true}]}}