{"id":7112,"date":"2021-08-16T10:08:50","date_gmt":"2021-08-16T10:08:50","guid":{"rendered":"https:\/\/site.astrofoto.com.pt\/welcome\/?post_type=product&#038;p=7112"},"modified":"2024-08-26T21:37:38","modified_gmt":"2024-08-26T21:37:38","slug":"adaptador-binoculo-a-tripe","status":"publish","type":"product","link":"https:\/\/site.astrofoto.com.pt\/welcome\/produto\/adaptador-binoculo-a-tripe\/","title":{"rendered":"Adaptador binoculo a trip\u00e9"},"content":{"rendered":"<p><strong>Adaptador bin\u00f3culo a trip\u00e9<\/strong><\/p>\n<p>\u2022 Para bin\u00f3culos at\u00e9 70mm<br \/>\n\u2022 Enrosca na frente do bin\u00f3culo e na sapata do trip\u00e9<\/p>\n","protected":false},"excerpt":{"rendered":"<p>Adaptador bin\u00f3culo a trip\u00e9 \u2022 Para bin\u00f3culos at\u00e9 70mm \u2022 Enrosca na frente do bin\u00f3culo e na sapata do trip\u00e9<\/p>\n","protected":false},"featured_media":7113,"comment_status":"closed","ping_status":"closed","template":"","meta":[],"product_brand":[],"product_cat":[82,13,95],"product_tag":[],"class_list":{"0":"post-7112","1":"product","2":"type-product","3":"status-publish","4":"has-post-thumbnail","6":"product_cat-adaptadores","7":"product_cat-binoculos","8":"product_cat-stock-off","10":"first","11":"onbackorder","12":"shipping-taxable","13":"purchasable","14":"product-type-simple"},"_links":{"self":[{"href":"https:\/\/site.astrofoto.com.pt\/welcome\/wp-json\/wp\/v2\/product\/7112","targetHints":{"allow":["GET"]}}],"collection":[{"href":"https:\/\/site.astrofoto.com.pt\/welcome\/wp-json\/wp\/v2\/product"}],"about":[{"href":"https:\/\/site.astrofoto.com.pt\/welcome\/wp-json\/wp\/v2\/types\/product"}],"replies":[{"embeddable":true,"href":"https:\/\/site.astrofoto.com.pt\/welcome\/wp-json\/wp\/v2\/comments?post=7112"}],"wp:featuredmedia":[{"embeddable":true,"href":"https:\/\/site.astrofoto.com.pt\/welcome\/wp-json\/wp\/v2\/media\/7113"}],"wp:attachment":[{"href":"https:\/\/site.astrofoto.com.pt\/welcome\/wp-json\/wp\/v2\/media?parent=7112"}],"wp:term":[{"taxonomy":"product_brand","embeddable":true,"href":"https:\/\/site.astrofoto.com.pt\/welcome\/wp-json\/wp\/v2\/product_brand?post=7112"},{"taxonomy":"product_cat","embeddable":true,"href":"https:\/\/site.astrofoto.com.pt\/welcome\/wp-json\/wp\/v2\/product_cat?post=7112"},{"taxonomy":"product_tag","embeddable":true,"href":"https:\/\/site.astrofoto.com.pt\/welcome\/wp-json\/wp\/v2\/product_tag?post=7112"}],"curies":[{"name":"wp","href":"https:\/\/api.w.org\/{rel}","templated":true}]}}