{"id":7069,"date":"2021-07-23T15:29:53","date_gmt":"2021-07-23T15:29:53","guid":{"rendered":"https:\/\/site.astrofoto.com.pt\/welcome\/?post_type=product&#038;p=7069"},"modified":"2025-08-28T10:49:47","modified_gmt":"2025-08-28T10:49:47","slug":"camara-zwo-asi-6200mc-p25","status":"publish","type":"product","link":"https:\/\/site.astrofoto.com.pt\/welcome\/produto\/camara-zwo-asi-6200mc-p25\/","title":{"rendered":"C\u00e2mara Zwo ASI 6200MC-P25"},"content":{"rendered":"<p><strong>C\u00e2mara Zwo ASI 6200MC-P25 a cores<br \/>\n<\/strong><\/p>\n<p>C\u00e2mara para c\u00e9u profundo<br \/>\nSensor monocrom\u00e1tico full-frame (24&#215;36 mm)<br \/>\nSem efeito de pr\u00e9-amplificador<br \/>\n\u25baVers\u00e3o P25 com eletr\u00f3nica aprimorada: Menor ru\u00eddo de leitura e maior taxa de frames<br \/>\nEsta c\u00e2mara requer uma fonte de alimenta\u00e7\u00e3o de 11-15 V para funcionar<\/p>\n<p>\u2022 Sensor: Sony IMX455<br \/>\n\u2022 Formato do sensor: 9576 x 6388 pixeis<br \/>\n\u2022 Tamanho dos pixeis: 3.76\u00b5<br \/>\n\u2022 Conversor: A\/N 16 bits<br \/>\n\u2022 Tempo de pose min: 32\u00b5s<br \/>\n\u2022 Tempo de pose max: 1000s<br \/>\n\u2022 Imagens\/seg maximo: 2 img\/s a 16bits<br \/>\n\u2022 Interface: USB 2.0\/USB 3.0<br \/>\n\u2022 Alimenta\u00e7\u00e3o: 12VCC, 2A<br \/>\n\u2022 Arrefecimento: Thermoelectrico regulsdo \u0394T = -35\u00b0C max<br \/>\n\u2022 Backfocus 17.5mm (T2)<br \/>\n\u2022 Peso: 700g<br \/>\n\u2022 Liga\u00e7\u00e3o: M54 femea + 50,8mm (2&#8243;)<\/p>\n<p>\u25ba<a href=\"http:\/\/astronomy-imaging-camera.com\/software-drivers\">Drivers<\/a><\/p>\n","protected":false},"excerpt":{"rendered":"<p>C\u00e2mara Zwo ASI 6200MC-P25 a cores C\u00e2mara para c\u00e9u profundo Sensor monocrom\u00e1tico full-frame (24&#215;36 mm) Sem efeito de pr\u00e9-amplificador \u25baVers\u00e3o P25 com eletr\u00f3nica aprimorada: Menor ru\u00eddo de leitura e maior taxa de frames Esta c\u00e2mara requer uma fonte de alimenta\u00e7\u00e3o de 11-15 V para funcionar \u2022 Sensor: Sony IMX455 \u2022 Formato do sensor: 9576 x<\/p>\n<div class=\"more-link\">\n\t\t\t\t <a href=\"https:\/\/site.astrofoto.com.pt\/welcome\/produto\/camara-zwo-asi-6200mc-p25\/\" class=\"btn theme-btn inverted\"><span>Continuar a Ler <\/span><\/a>\n\t\t\t<\/div>\n","protected":false},"featured_media":10387,"comment_status":"closed","ping_status":"closed","template":"","meta":[],"product_brand":[],"product_cat":[24],"product_tag":[],"class_list":{"0":"post-7069","1":"product","2":"type-product","3":"status-publish","4":"has-post-thumbnail","6":"product_cat-fotografia-astronomica","8":"first","9":"onbackorder","10":"shipping-taxable","11":"purchasable","12":"product-type-simple"},"_links":{"self":[{"href":"https:\/\/site.astrofoto.com.pt\/welcome\/wp-json\/wp\/v2\/product\/7069","targetHints":{"allow":["GET"]}}],"collection":[{"href":"https:\/\/site.astrofoto.com.pt\/welcome\/wp-json\/wp\/v2\/product"}],"about":[{"href":"https:\/\/site.astrofoto.com.pt\/welcome\/wp-json\/wp\/v2\/types\/product"}],"replies":[{"embeddable":true,"href":"https:\/\/site.astrofoto.com.pt\/welcome\/wp-json\/wp\/v2\/comments?post=7069"}],"wp:featuredmedia":[{"embeddable":true,"href":"https:\/\/site.astrofoto.com.pt\/welcome\/wp-json\/wp\/v2\/media\/10387"}],"wp:attachment":[{"href":"https:\/\/site.astrofoto.com.pt\/welcome\/wp-json\/wp\/v2\/media?parent=7069"}],"wp:term":[{"taxonomy":"product_brand","embeddable":true,"href":"https:\/\/site.astrofoto.com.pt\/welcome\/wp-json\/wp\/v2\/product_brand?post=7069"},{"taxonomy":"product_cat","embeddable":true,"href":"https:\/\/site.astrofoto.com.pt\/welcome\/wp-json\/wp\/v2\/product_cat?post=7069"},{"taxonomy":"product_tag","embeddable":true,"href":"https:\/\/site.astrofoto.com.pt\/welcome\/wp-json\/wp\/v2\/product_tag?post=7069"}],"curies":[{"name":"wp","href":"https:\/\/api.w.org\/{rel}","templated":true}]}}