{"id":7054,"date":"2021-07-16T10:04:06","date_gmt":"2021-07-16T10:04:06","guid":{"rendered":"https:\/\/site.astrofoto.com.pt\/welcome\/?post_type=product&#038;p=7054"},"modified":"2023-05-27T21:13:58","modified_gmt":"2023-05-27T21:13:58","slug":"ioptron-skytracker-v2","status":"publish","type":"product","link":"https:\/\/site.astrofoto.com.pt\/welcome\/produto\/ioptron-skytracker-v2\/","title":{"rendered":"iOptron SkyTracker"},"content":{"rendered":"<p><span style=\"text-decoration: underline;\"><strong>iOptron SkyTracker<br \/>\n<\/strong><\/span><\/p>\n<p>\u2022 Capacidade max: 3Kg<br \/>\n\u2022 Eleva\u00e7\u00e3o polar: -30\u00b0 a +65\u00b0<br \/>\n\u2022 Material da engrenagem helicoidal: Lat\u00e3o<br \/>\n\u2022 Material das rodas dentadas: Aluminio<br \/>\n\u2022 Numero de dentes: 144<br \/>\n\u2022 Tipo de motor: Servomotors<br \/>\n\u2022 Diametro do eixo RA: 25<br \/>\n\u2022 Di\u00e2metro do eixo sem-fim RA: 11mm<br \/>\n\u2022 Di\u00e2metro da engrenagem helicoidal RA: 74mm<br \/>\n\u2022 Numero de rolamentos: 4<br \/>\n\u2022 Bateria recarregavel tipo Li-Polymer<br \/>\n\u2022 Dura\u00e7\u00e3o da bateria: 24h<br \/>\n\u2022 Alimenta\u00e7\u00e3o: 5V (USB)<br \/>\n\u2022 Temperatura de opera\u00e7\u00e3o:-15\u00b0 a +40\u00b0<br \/>\n\u2022 Acerto de slow motion: +\/- 5\u00b0<br \/>\n\u2022 Dimens\u00f5es: LxWxH (cm) 11,5cm x 11,5cm x 9,5cm<br \/>\n\u2022 Peso: 1150g<\/p>\n<p>\u25baA iOptron lan\u00e7ou o primeiro suporte de c\u00e2mera totalmente desenvolvido no mercado com seu lend\u00e1rio SkyTracker.<br \/>\nEste pequeno acess\u00f3rio fotogr\u00e1fico cabe facilmente em sua bolsa de fotos ou bagagem de viagem.<br \/>\nA montagem astron\u00f4mica compacta fica entre o trip\u00e9 e a c\u00e2mara e permite que sua c\u00e2mara siga o movimento do c\u00e9u noturno &#8211; permitindo que voc\u00ea<br \/>\nuse qualquer c\u00e2mara do sistema ou DSLR para produzir fotos fascinantes do c\u00e9u noturno!<\/p>\n<p>A IOptron desenvolveu ainda mais o SkyTracker no SkyTracker Pro. A opera\u00e7\u00e3o descomplicada e o pequeno tamanho da unidade permanecem inalterados,<\/p>\n<p>\u25baa novidade \u00e9:<\/p>\n<p>\u25a0 um polar-finder ajust\u00e1vel inclu\u00eddo na entrega, com ilumina\u00e7\u00e3o ajust\u00e1vel em oito niveis.<br \/>\n\u25a0 SkyTracker Pro agora possui uma bateria recarreg\u00e1vel embutida, em vez de baterias, que pode ser carregada via cabo mini-USB e permite opera\u00e7\u00e3o 24h.<br \/>\n\u25a0 SkyTracker Pro oferece quatro velocidades de seguimento: 1X, 0,5X, Solar e Lunar.<br \/>\n\u25a0 A velocidade de seguimento de 0,5X \u00e9 \u00fatil se voc\u00ea deseja capturar o c\u00e9u noturno junto com a paisagem do primeiro plano<br \/>\n\u25a0 a base, que \u00e9 ajust\u00e1vel em azimute e eleva\u00e7\u00e3o, agora pode ser removida do SkyTracker.<br \/>\n\u25a0 Ele permite que voc\u00ea simplesmente prenda a base ao trip\u00e9 e, em seguida, prenda o SkyTracker.<br \/>\n\u25a0 A base possui uma liga\u00e7\u00e3o para as roscas usuais de trip\u00e9 de c\u00e2mera de 1\/4 &#8220;e 3\/8&#8221;.<br \/>\num n\u00edvel de bolha est\u00e1 embutido na base. H\u00e1 tamb\u00e9m um parafuso de ajuste de ader\u00eancia para azimute e uma grande alavanca para ajuste de eleva\u00e7\u00e3o.<br \/>\n\u25a0 Use a escala para definir a latitude. Isso \u00e9 \u00fatil se voc\u00ea n\u00e3o tiver uma vis\u00e3o clara da Estrela Polar.<br \/>\n\u25a0 E, por falar na estrela polar &#8211; voc\u00ea pode inverter a rota\u00e7\u00e3o usando o suporte para c\u00e2mara SkyTracker Pro no hemisf\u00e9rio sul.<\/p>\n<p>O Skytracker Pro aproveita ao m\u00e1ximo a experi\u00eancia que a iOptron reuniu ao projetar suas grandes montagens astron\u00f3micas.<br \/>\nIsso \u00e9 claramente percept\u00edvel na excelente qualidade mec\u00e2nica desta pequena montagem port\u00e1til!<\/p>\n<p><em>Inclu\u00eddo na entrega:<br \/>\n<\/em>\u2022Suporte SkyTracker Pro<br \/>\n\u2022base alt-azimutal<br \/>\n\u2022visor polar iluminado<br \/>\n\u2022cabo de carregamento micro USB<br \/>\n\u2022saco almofadado<\/p>\n<p><span style=\"text-decoration: underline;\">\u00a0<\/span><\/p>\n","protected":false},"excerpt":{"rendered":"<p>iOptron SkyTracker \u2022 Capacidade max: 3Kg \u2022 Eleva\u00e7\u00e3o polar: -30\u00b0 a +65\u00b0 \u2022 Material da engrenagem helicoidal: Lat\u00e3o \u2022 Material das rodas dentadas: Aluminio \u2022 Numero de dentes: 144 \u2022 Tipo de motor: Servomotors \u2022 Diametro do eixo RA: 25 \u2022 Di\u00e2metro do eixo sem-fim RA: 11mm \u2022 Di\u00e2metro da engrenagem helicoidal RA: 74mm \u2022<\/p>\n<div class=\"more-link\">\n\t\t\t\t <a href=\"https:\/\/site.astrofoto.com.pt\/welcome\/produto\/ioptron-skytracker-v2\/\" class=\"btn theme-btn inverted\"><span>Continuar a Ler <\/span><\/a>\n\t\t\t<\/div>\n","protected":false},"featured_media":7056,"comment_status":"open","ping_status":"closed","template":"","meta":[],"product_brand":[],"product_cat":[64],"product_tag":[],"class_list":{"0":"post-7054","1":"product","2":"type-product","3":"status-publish","4":"has-post-thumbnail","6":"product_cat-uncategorized","8":"first","9":"onbackorder","10":"shipping-taxable","11":"purchasable","12":"product-type-simple"},"_links":{"self":[{"href":"https:\/\/site.astrofoto.com.pt\/welcome\/wp-json\/wp\/v2\/product\/7054","targetHints":{"allow":["GET"]}}],"collection":[{"href":"https:\/\/site.astrofoto.com.pt\/welcome\/wp-json\/wp\/v2\/product"}],"about":[{"href":"https:\/\/site.astrofoto.com.pt\/welcome\/wp-json\/wp\/v2\/types\/product"}],"replies":[{"embeddable":true,"href":"https:\/\/site.astrofoto.com.pt\/welcome\/wp-json\/wp\/v2\/comments?post=7054"}],"wp:featuredmedia":[{"embeddable":true,"href":"https:\/\/site.astrofoto.com.pt\/welcome\/wp-json\/wp\/v2\/media\/7056"}],"wp:attachment":[{"href":"https:\/\/site.astrofoto.com.pt\/welcome\/wp-json\/wp\/v2\/media?parent=7054"}],"wp:term":[{"taxonomy":"product_brand","embeddable":true,"href":"https:\/\/site.astrofoto.com.pt\/welcome\/wp-json\/wp\/v2\/product_brand?post=7054"},{"taxonomy":"product_cat","embeddable":true,"href":"https:\/\/site.astrofoto.com.pt\/welcome\/wp-json\/wp\/v2\/product_cat?post=7054"},{"taxonomy":"product_tag","embeddable":true,"href":"https:\/\/site.astrofoto.com.pt\/welcome\/wp-json\/wp\/v2\/product_tag?post=7054"}],"curies":[{"name":"wp","href":"https:\/\/api.w.org\/{rel}","templated":true}]}}