{"id":7046,"date":"2021-07-14T11:07:41","date_gmt":"2021-07-14T11:07:41","guid":{"rendered":"https:\/\/site.astrofoto.com.pt\/welcome\/?post_type=product&#038;p=7046"},"modified":"2021-07-14T14:38:48","modified_gmt":"2021-07-14T14:38:48","slug":"tts-160-panther-telescope-rotator","status":"publish","type":"product","link":"https:\/\/site.astrofoto.com.pt\/welcome\/produto\/tts-160-panther-telescope-rotator\/","title":{"rendered":"TTS-160 Panther &#8211; Telescope rOTAtor"},"content":{"rendered":"<p><strong>TTS-160 Panther &#8211; Telescope rOTAtor<\/strong><\/p>\n<p>\u25baDedicado \u00e0 montagem TTS-160 Panther AZ GoTo<\/p>\n<p>\u2022 Capacidade max: 20Kg<br \/>\n\u2022 Dovetail: tipo Losmandy<br \/>\n\u2022 Connector (other end) Losmandy<br \/>\n\u2022 Amperagem: 1A<br \/>\n\u2022 Alimenta\u00e7\u00e3o: 12V<br \/>\n\u2022 Motor: DC<br \/>\n\u2022 Peso: 1,9Kg<br \/>\n\u2022 Saco de Transporte<\/p>\n<p>\u25ba<a href=\"https:\/\/www.youtube.com\/watch?v=h0e1-G9bA40\">Ver no youtube<\/a><\/p>\n<p>\u25baObtenha imagens n\u00edtidas e de longa exposi\u00e7\u00e3o do c\u00e9u profundo com este equipamento.<br \/>\nA unidade integra-se completamente com o sistema de controle da montagem e nenhuma fonte de alimenta\u00e7\u00e3o extra ou computadores s\u00e3o necess\u00e1rios.<br \/>\nGira todo o conjunto do tubo \u00f3ptico, permitindo o uso de telesc\u00f3pios guia acoplados ou capta\u00e7\u00e3o de imagens por meio de Tele-objectivas.<\/p>\n<p>\u25baA instala\u00e7\u00e3o n\u00e3o poderia ser mais simples:<br \/>\n\u2022 A cauda de andorinha do rOTAtor \u00e9 inserida na cauda de andorinha da montagem.<br \/>\n\u2022 A cauda de andorinha do telesc\u00f3pio \u00e9 inserida na cauda de andorinha do rOTAtor.<br \/>\n\u2022 A interface e o cabo de alimenta\u00e7\u00e3o s\u00e3o ligados entre o suporte e o rOTAtor.<br \/>\n\u2022 Os dados correctos para a opera\u00e7\u00e3o s\u00e3o criados ao alinhar a montagem.<\/p>\n","protected":false},"excerpt":{"rendered":"<p>TTS-160 Panther &#8211; Telescope rOTAtor \u25baDedicado \u00e0 montagem TTS-160 Panther AZ GoTo \u2022 Capacidade max: 20Kg \u2022 Dovetail: tipo Losmandy \u2022 Connector (other end) Losmandy \u2022 Amperagem: 1A \u2022 Alimenta\u00e7\u00e3o: 12V \u2022 Motor: DC \u2022 Peso: 1,9Kg \u2022 Saco de Transporte \u25baVer no youtube \u25baObtenha imagens n\u00edtidas e de longa exposi\u00e7\u00e3o do c\u00e9u profundo com<\/p>\n<div class=\"more-link\">\n\t\t\t\t <a href=\"https:\/\/site.astrofoto.com.pt\/welcome\/produto\/tts-160-panther-telescope-rotator\/\" class=\"btn theme-btn inverted\"><span>Continuar a Ler <\/span><\/a>\n\t\t\t<\/div>\n","protected":false},"featured_media":7049,"comment_status":"closed","ping_status":"closed","template":"","meta":[],"product_brand":[],"product_cat":[24,67],"product_tag":[],"class_list":{"0":"post-7046","1":"product","2":"type-product","3":"status-publish","4":"has-post-thumbnail","6":"product_cat-fotografia-astronomica","7":"product_cat-https-site-astrofoto-com-pt-welcome-categoria-produto-novidade","9":"first","10":"onbackorder","11":"shipping-taxable","12":"purchasable","13":"product-type-simple"},"_links":{"self":[{"href":"https:\/\/site.astrofoto.com.pt\/welcome\/wp-json\/wp\/v2\/product\/7046","targetHints":{"allow":["GET"]}}],"collection":[{"href":"https:\/\/site.astrofoto.com.pt\/welcome\/wp-json\/wp\/v2\/product"}],"about":[{"href":"https:\/\/site.astrofoto.com.pt\/welcome\/wp-json\/wp\/v2\/types\/product"}],"replies":[{"embeddable":true,"href":"https:\/\/site.astrofoto.com.pt\/welcome\/wp-json\/wp\/v2\/comments?post=7046"}],"wp:featuredmedia":[{"embeddable":true,"href":"https:\/\/site.astrofoto.com.pt\/welcome\/wp-json\/wp\/v2\/media\/7049"}],"wp:attachment":[{"href":"https:\/\/site.astrofoto.com.pt\/welcome\/wp-json\/wp\/v2\/media?parent=7046"}],"wp:term":[{"taxonomy":"product_brand","embeddable":true,"href":"https:\/\/site.astrofoto.com.pt\/welcome\/wp-json\/wp\/v2\/product_brand?post=7046"},{"taxonomy":"product_cat","embeddable":true,"href":"https:\/\/site.astrofoto.com.pt\/welcome\/wp-json\/wp\/v2\/product_cat?post=7046"},{"taxonomy":"product_tag","embeddable":true,"href":"https:\/\/site.astrofoto.com.pt\/welcome\/wp-json\/wp\/v2\/product_tag?post=7046"}],"curies":[{"name":"wp","href":"https:\/\/api.w.org\/{rel}","templated":true}]}}