{"id":6904,"date":"2021-06-25T15:50:10","date_gmt":"2021-06-25T15:50:10","guid":{"rendered":"https:\/\/site.astrofoto.com.pt\/welcome\/?post_type=product&#038;p=6904"},"modified":"2023-09-08T10:40:29","modified_gmt":"2023-09-08T10:40:29","slug":"anel-t2-canon-r","status":"publish","type":"product","link":"https:\/\/site.astrofoto.com.pt\/welcome\/produto\/anel-t2-canon-r\/","title":{"rendered":"Anel T2 Canon R"},"content":{"rendered":"<p><strong>Anel T\u00a0 para Canon R<\/strong><\/p>\n<p>\u2666 Liga\u00e7\u00e3o do lado da c\u00e2mara: Canon RF macho<br \/>\n\u2666 Liga\u00e7\u00e3o do lado do telescopio:\u00a0 M42x0.75 f\u00eamea<br \/>\n\u2666 Para as canon R e RP<br \/>\n\u2666 Dist\u00e2ncia ao sensor da c\u00e2mara: 28,3mm<\/p>\n<p>&nbsp;<\/p>\n<p>&nbsp;<\/p>\n<p>64851<\/p>\n","protected":false},"excerpt":{"rendered":"<p>Anel T\u00a0 para Canon R \u2666 Liga\u00e7\u00e3o do lado da c\u00e2mara: Canon RF macho \u2666 Liga\u00e7\u00e3o do lado do telescopio:\u00a0 M42x0.75 f\u00eamea \u2666 Para as canon R e RP \u2666 Dist\u00e2ncia ao sensor da c\u00e2mara: 28,3mm &nbsp; &nbsp; 64851<\/p>\n","protected":false},"featured_media":6908,"comment_status":"closed","ping_status":"closed","template":"","meta":[],"product_brand":[],"product_cat":[34,24,67],"product_tag":[],"class_list":{"0":"post-6904","1":"product","2":"type-product","3":"status-publish","4":"has-post-thumbnail","6":"product_cat-acessoriosfotografia","7":"product_cat-fotografia-astronomica","8":"product_cat-https-site-astrofoto-com-pt-welcome-categoria-produto-novidade","10":"first","11":"onbackorder","12":"shipping-taxable","13":"purchasable","14":"product-type-simple"},"_links":{"self":[{"href":"https:\/\/site.astrofoto.com.pt\/welcome\/wp-json\/wp\/v2\/product\/6904","targetHints":{"allow":["GET"]}}],"collection":[{"href":"https:\/\/site.astrofoto.com.pt\/welcome\/wp-json\/wp\/v2\/product"}],"about":[{"href":"https:\/\/site.astrofoto.com.pt\/welcome\/wp-json\/wp\/v2\/types\/product"}],"replies":[{"embeddable":true,"href":"https:\/\/site.astrofoto.com.pt\/welcome\/wp-json\/wp\/v2\/comments?post=6904"}],"wp:featuredmedia":[{"embeddable":true,"href":"https:\/\/site.astrofoto.com.pt\/welcome\/wp-json\/wp\/v2\/media\/6908"}],"wp:attachment":[{"href":"https:\/\/site.astrofoto.com.pt\/welcome\/wp-json\/wp\/v2\/media?parent=6904"}],"wp:term":[{"taxonomy":"product_brand","embeddable":true,"href":"https:\/\/site.astrofoto.com.pt\/welcome\/wp-json\/wp\/v2\/product_brand?post=6904"},{"taxonomy":"product_cat","embeddable":true,"href":"https:\/\/site.astrofoto.com.pt\/welcome\/wp-json\/wp\/v2\/product_cat?post=6904"},{"taxonomy":"product_tag","embeddable":true,"href":"https:\/\/site.astrofoto.com.pt\/welcome\/wp-json\/wp\/v2\/product_tag?post=6904"}],"curies":[{"name":"wp","href":"https:\/\/api.w.org\/{rel}","templated":true}]}}