{"id":690,"date":"2015-08-21T16:35:56","date_gmt":"2015-08-21T16:35:56","guid":{"rendered":"http:\/\/site.astrofoto.com.pt\/welcome\/?post_type=product&#038;p=690"},"modified":"2022-09-26T17:54:41","modified_gmt":"2022-09-26T17:54:41","slug":"lx90-acf-10-uhtc","status":"publish","type":"product","link":"https:\/\/site.astrofoto.com.pt\/welcome\/produto\/lx90-acf-10-uhtc\/","title":{"rendered":"LX90 ACF 10&#8243; UHTC"},"content":{"rendered":"<p><a href=\"http:\/\/site.astrofoto.com.pt\/welcome\/wp-content\/uploads\/2015\/08\/LX9010.png\"><img decoding=\"async\" class=\"alignleft size-full wp-image-691\" src=\"http:\/\/site.astrofoto.com.pt\/welcome\/wp-content\/uploads\/2015\/08\/LX9010.png\" alt=\"LX9010\" width=\"178\" height=\"280\" srcset=\"https:\/\/site.astrofoto.com.pt\/welcome\/wp-content\/uploads\/2015\/08\/LX9010.png 178w, https:\/\/site.astrofoto.com.pt\/welcome\/wp-content\/uploads\/2015\/08\/LX9010-150x236.png 150w\" sizes=\"(max-width: 178px) 100vw, 178px\" \/><\/a><\/p>\n<p>\u2022 Advanced Coma Free (ACF) 10&#8243; f\/10<br \/>\n\u2022 254mm (10&#8243;) X 2500mm f\/10<br \/>\n\u2022 <a href=\"http:\/\/astrofoto.com.pt\/UHTC\/UHTCpt.htm\" target=\"_blank\" rel=\"noopener\">UHTC<\/a> (tratamento especial que optimiza a transmiss\u00e3o de luz)<br \/>\n\u2022 Autostar<br \/>\n\u2022 <strong>GPS<\/strong><br \/>\n\u2022 Montagem de garfo<br \/>\n\u2022 ocular PL26mm apocrom\u00e1tica<br \/>\nagora com <strong>LNT<\/strong>:<br \/>\n<em>\u2022 sensor electr\u00f3nico de n\u00edvel<br \/>\n\u2022 sensor electr\u00f3nico do Norte magn\u00e9tico<br \/>\n\u2022 rel\u00f3gio interno de alta precis\u00e3o<br \/>\n\u2022 visor Red Dot (SmartFinder) <\/em><\/p>\n<p class=\"style1\">** os portes dos telesc\u00f3pios n\u00e3o est\u00e3o incluidos na taxa de 5 \u20ac:<br \/>\n<a href=\"http:\/\/astrofoto.com.pt\/envios.htm\">http:\/\/astrofoto.com.pt\/envios.htm<\/a><\/p>\n","protected":false},"excerpt":{"rendered":"<p>\u2022 Advanced Coma Free (ACF) 10&#8243; f\/10 \u2022 254mm (10&#8243;) X 2500mm f\/10 \u2022 UHTC (tratamento especial que optimiza a transmiss\u00e3o de luz) \u2022 Autostar \u2022 GPS \u2022 Montagem de garfo \u2022 ocular PL26mm apocrom\u00e1tica agora com LNT: \u2022 sensor electr\u00f3nico de n\u00edvel \u2022 sensor electr\u00f3nico do Norte magn\u00e9tico \u2022 rel\u00f3gio interno de alta precis\u00e3o<\/p>\n<div class=\"more-link\">\n\t\t\t\t <a href=\"https:\/\/site.astrofoto.com.pt\/welcome\/produto\/lx90-acf-10-uhtc\/\" class=\"btn theme-btn inverted\"><span>Continuar a Ler <\/span><\/a>\n\t\t\t<\/div>\n","protected":false},"featured_media":691,"comment_status":"open","ping_status":"closed","template":"","meta":[],"product_brand":[],"product_cat":[17],"product_tag":[],"class_list":{"0":"post-690","1":"product","2":"type-product","3":"status-publish","4":"has-post-thumbnail","6":"product_cat-telescopios-catadioptricos","7":"product_shipping_class-taxa-media","9":"first","10":"onbackorder","11":"shipping-taxable","12":"purchasable","13":"product-type-simple"},"_links":{"self":[{"href":"https:\/\/site.astrofoto.com.pt\/welcome\/wp-json\/wp\/v2\/product\/690","targetHints":{"allow":["GET"]}}],"collection":[{"href":"https:\/\/site.astrofoto.com.pt\/welcome\/wp-json\/wp\/v2\/product"}],"about":[{"href":"https:\/\/site.astrofoto.com.pt\/welcome\/wp-json\/wp\/v2\/types\/product"}],"replies":[{"embeddable":true,"href":"https:\/\/site.astrofoto.com.pt\/welcome\/wp-json\/wp\/v2\/comments?post=690"}],"wp:featuredmedia":[{"embeddable":true,"href":"https:\/\/site.astrofoto.com.pt\/welcome\/wp-json\/wp\/v2\/media\/691"}],"wp:attachment":[{"href":"https:\/\/site.astrofoto.com.pt\/welcome\/wp-json\/wp\/v2\/media?parent=690"}],"wp:term":[{"taxonomy":"product_brand","embeddable":true,"href":"https:\/\/site.astrofoto.com.pt\/welcome\/wp-json\/wp\/v2\/product_brand?post=690"},{"taxonomy":"product_cat","embeddable":true,"href":"https:\/\/site.astrofoto.com.pt\/welcome\/wp-json\/wp\/v2\/product_cat?post=690"},{"taxonomy":"product_tag","embeddable":true,"href":"https:\/\/site.astrofoto.com.pt\/welcome\/wp-json\/wp\/v2\/product_tag?post=690"}],"curies":[{"name":"wp","href":"https:\/\/api.w.org\/{rel}","templated":true}]}}