{"id":69,"date":"2015-03-04T10:19:49","date_gmt":"2015-03-04T10:19:49","guid":{"rendered":"http:\/\/site.astrofoto.com.pt\/welcome\/?post_type=product&#038;p=69"},"modified":"2022-07-18T12:11:39","modified_gmt":"2022-07-18T12:11:39","slug":"celestron-nexstar-5se","status":"publish","type":"product","link":"https:\/\/site.astrofoto.com.pt\/welcome\/produto\/celestron-nexstar-5se\/","title":{"rendered":"Celestron &#8211; Nexstar 5 SE"},"content":{"rendered":"<p><a href=\"http:\/\/site.astrofoto.com.pt\/welcome\/wp-content\/uploads\/2015\/03\/CNext5SE.jpg\"><img decoding=\"async\" class=\"alignleft size-full wp-image-70\" src=\"http:\/\/site.astrofoto.com.pt\/welcome\/wp-content\/uploads\/2015\/03\/CNext5SE.jpg\" alt=\"CNext5SE\" width=\"220\" height=\"220\" srcset=\"https:\/\/site.astrofoto.com.pt\/welcome\/wp-content\/uploads\/2015\/03\/CNext5SE.jpg 220w, https:\/\/site.astrofoto.com.pt\/welcome\/wp-content\/uploads\/2015\/03\/CNext5SE-100x100.jpg 100w, https:\/\/site.astrofoto.com.pt\/welcome\/wp-content\/uploads\/2015\/03\/CNext5SE-150x150.jpg 150w\" sizes=\"(max-width: 220px) 100vw, 220px\" \/><\/a>\u2022 Abertura: 127 mm (5&#8243;)<br \/>\n\u2022 Dist\u00e2ncia focal: 1270mm<br \/>\n\u2022 Raz\u00e3o focal: f\/10<br \/>\n\u2022 Tratamento Starbright XLT na \u00f3ptica<br \/>\n\u2022 Porta de entrada para GPS (CN-16)<br \/>\n\u2022 Sistema SkyAlign<br \/>\n\u2022 Trip\u00e9 em a\u00e7o<br \/>\n\u2022 Peso: 12,5kg<\/p>\n<p>\u2022 Ocular: PL25mm<br \/>\n\u2022 Diagonal 90\u00ba<br \/>\n\u2022 Buscador StarPointer<\/p>\n<p>\u2022 Programa de controlo NextRemote<br \/>\n\u2022 Cabo RS-232<br \/>\n\u2022 CD-Rom TheSky n\u00edvel1<\/p>\n<p>&nbsp;<\/p>\n<p>** os portes dos telesc\u00f3pios n\u00e3o est\u00e3o incluidos na taxa de 7\u20ac<\/p>\n<p>&nbsp;<\/p>\n","protected":false},"excerpt":{"rendered":"<p>\u2022 Abertura: 127 mm (5&#8243;) \u2022 Dist\u00e2ncia focal: 1270mm \u2022 Raz\u00e3o focal: f\/10 \u2022 Tratamento Starbright XLT na \u00f3ptica \u2022 Porta de entrada para GPS (CN-16) \u2022 Sistema SkyAlign \u2022 Trip\u00e9 em a\u00e7o \u2022 Peso: 12,5kg \u2022 Ocular: PL25mm \u2022 Diagonal 90\u00ba \u2022 Buscador StarPointer \u2022 Programa de controlo NextRemote \u2022 Cabo RS-232 \u2022 CD-Rom<\/p>\n<div class=\"more-link\">\n\t\t\t\t <a href=\"https:\/\/site.astrofoto.com.pt\/welcome\/produto\/celestron-nexstar-5se\/\" class=\"btn theme-btn inverted\"><span>Continuar a Ler <\/span><\/a>\n\t\t\t<\/div>\n","protected":false},"featured_media":70,"comment_status":"open","ping_status":"closed","template":"","meta":[],"product_brand":[],"product_cat":[6,17],"product_tag":[],"class_list":{"0":"post-69","1":"product","2":"type-product","3":"status-publish","4":"has-post-thumbnail","6":"product_cat-telescopios","7":"product_cat-telescopios-catadioptricos","8":"product_shipping_class-taxa-media","10":"first","11":"onbackorder","12":"shipping-taxable","13":"purchasable","14":"product-type-simple"},"_links":{"self":[{"href":"https:\/\/site.astrofoto.com.pt\/welcome\/wp-json\/wp\/v2\/product\/69","targetHints":{"allow":["GET"]}}],"collection":[{"href":"https:\/\/site.astrofoto.com.pt\/welcome\/wp-json\/wp\/v2\/product"}],"about":[{"href":"https:\/\/site.astrofoto.com.pt\/welcome\/wp-json\/wp\/v2\/types\/product"}],"replies":[{"embeddable":true,"href":"https:\/\/site.astrofoto.com.pt\/welcome\/wp-json\/wp\/v2\/comments?post=69"}],"wp:featuredmedia":[{"embeddable":true,"href":"https:\/\/site.astrofoto.com.pt\/welcome\/wp-json\/wp\/v2\/media\/70"}],"wp:attachment":[{"href":"https:\/\/site.astrofoto.com.pt\/welcome\/wp-json\/wp\/v2\/media?parent=69"}],"wp:term":[{"taxonomy":"product_brand","embeddable":true,"href":"https:\/\/site.astrofoto.com.pt\/welcome\/wp-json\/wp\/v2\/product_brand?post=69"},{"taxonomy":"product_cat","embeddable":true,"href":"https:\/\/site.astrofoto.com.pt\/welcome\/wp-json\/wp\/v2\/product_cat?post=69"},{"taxonomy":"product_tag","embeddable":true,"href":"https:\/\/site.astrofoto.com.pt\/welcome\/wp-json\/wp\/v2\/product_tag?post=69"}],"curies":[{"name":"wp","href":"https:\/\/api.w.org\/{rel}","templated":true}]}}