{"id":6878,"date":"2021-06-21T17:01:59","date_gmt":"2021-06-21T17:01:59","guid":{"rendered":"https:\/\/site.astrofoto.com.pt\/welcome\/?post_type=product&#038;p=6878"},"modified":"2025-09-15T13:05:43","modified_gmt":"2025-09-15T13:05:43","slug":"starsense-autoalign-celestron","status":"publish","type":"product","link":"https:\/\/site.astrofoto.com.pt\/welcome\/produto\/starsense-autoalign-celestron\/","title":{"rendered":"StarSense AutoAlign Celestron com controle manual"},"content":{"rendered":"<p><strong>StarSense AutoAlign<\/strong>:<br \/>\nO mais empolgante desenvolvimento que revolucionou a astronomia amadora!<br \/>\n<a href=\"https:\/\/www.youtube.com\/watch?v=OqqoFZyxzQg\"><strong><em>Ver no Youtube<\/em><\/strong><\/a><\/p>\n<p>\u25baPara <strong>Celestron<\/strong><\/p>\n<p>\u25baTecnologia &#8216;SkyProdigy&#8217; para adapta\u00e7\u00e3o a quase todos os telesc\u00f3pios Celestron GoTo! Para telesc\u00f3pios montados em alt-azimuth, permite o alinhamento sem GPS, sem ter que inserir coordenadas, sem ter que alinhar com o P\u00f3lo Norte e nivelar, e sem o inc\u00f3modo de ter que usar estrelas de alinhamento. O telesc\u00f3pio est\u00e1 pronto para uso em apenas tr\u00eas minutos &#8211; sem que o utilizador precise inserir nada e sem qualquer conhecimento pr\u00e9vio de estrelas ou astronomia. Basta lig\u00e1-lo, esperar 3 minutos e voc\u00ea pode voar para qualquer objeto celestial vis\u00edvel com o apertar de um bot\u00e3o!<\/p>\n<p>\u25baO segredo da tecnologia StarSense \u00e9 um pequeno m\u00f3dulo de c\u00e2mara que \u00e9 montado no telesc\u00f3pio e funciona como um localizador. Ele tira 3 fotos grande angulares de diferentes \u00e1reas do c\u00e9u e o controlador de m\u00e3o StarSense analisa essas fotos e calcula a posi\u00e7\u00e3o de outros objectos no c\u00e9u nocturno. Esta tecnologia chamada de &#8216;solu\u00e7\u00e3o de placa profissional&#8217; foi introduzida no mercado pela Celestron e disponibilizada para astr\u00f3nomos amadores a um pre\u00e7o acess\u00edvel.<\/p>\n<p>\u25baO m\u00f3dulo StarSense faz parte do controlador de m\u00e3o StarSense, ambos inclu\u00eddos no pre\u00e7o.<\/p>\n<p>\u25baO m\u00f3dulo StarSense pode ser usado com quase todas as montagens Alt-azimuth e equatorial GoTo dos \u00faltimos 10 anos. O m\u00f3dulo StarSense tem muitas vantagens quando usado com montagens equatoriais. Embora o alinhamento polar ainda seja necess\u00e1rio, isso pode ser realizado em apenas alguns minutos usando o novo procedimento &#8216;AllStar&#8217; da Celestron, que pode usar qualquer estrela! Basta inserir a localiza\u00e7\u00e3o e a hora, selecionar e encontrar uma estrela no banco de dados, traz\u00ea-la para o centro da mira, usando os ajustes de azimute e eleva\u00e7\u00e3o, e pronto! O StarSense ent\u00e3o emprega seu &#8216;procedimento de solu\u00e7\u00e3o de placa de 3 minutos&#8217; totalmente autom\u00e1tico para estabelecer a orienta\u00e7\u00e3o precisa, sem a necessidade de nenhuma entrada adicional do usu\u00e1rio, como para montagens alt-azimute. A localiza\u00e7\u00e3o complicada e entediante e a centraliza\u00e7\u00e3o das estrelas-guia n\u00e3o s\u00e3o mais necess\u00e1rias. Outra vantagem do StarSense \u00e9 uma melhoria extrema na precis\u00e3o do posicionamento pelo procedimento do ponto T.<\/p>\n<p>\u25baDe maneira semelhante a algumas montagens sofisticadas, muitas estrelas podem ser &#8216;mapeadas&#8217;, ou seja, posicionadas exatamente no centro da mira e a localiza\u00e7\u00e3o exata confirmada com &#8216;Enter&#8217;. Usando 10 estrelas mapeadas (que devem ser distribu\u00eddas t\u00e3o amplamente quanto poss\u00edvel por toda a parte vis\u00edvel do c\u00e9u), a precis\u00e3o do alinhamento \u00e9 extremamente boa.<\/p>\n","protected":false},"excerpt":{"rendered":"<p>StarSense AutoAlign: O mais empolgante desenvolvimento que revolucionou a astronomia amadora! Ver no Youtube \u25baPara Celestron \u25baTecnologia &#8216;SkyProdigy&#8217; para adapta\u00e7\u00e3o a quase todos os telesc\u00f3pios Celestron GoTo! Para telesc\u00f3pios montados em alt-azimuth, permite o alinhamento sem GPS, sem ter que inserir coordenadas, sem ter que alinhar com o P\u00f3lo Norte e nivelar, e sem o<\/p>\n<div class=\"more-link\">\n\t\t\t\t <a href=\"https:\/\/site.astrofoto.com.pt\/welcome\/produto\/starsense-autoalign-celestron\/\" class=\"btn theme-btn inverted\"><span>Continuar a Ler <\/span><\/a>\n\t\t\t<\/div>\n","protected":false},"featured_media":6879,"comment_status":"closed","ping_status":"closed","template":"","meta":[],"product_brand":[],"product_cat":[81,79,67],"product_tag":[],"class_list":{"0":"post-6878","1":"product","2":"type-product","3":"status-publish","4":"has-post-thumbnail","6":"product_cat-acessorios-de-montagens","7":"product_cat-montagens-goto","8":"product_cat-https-site-astrofoto-com-pt-welcome-categoria-produto-novidade","10":"first","11":"onbackorder","12":"shipping-taxable","13":"purchasable","14":"product-type-simple"},"_links":{"self":[{"href":"https:\/\/site.astrofoto.com.pt\/welcome\/wp-json\/wp\/v2\/product\/6878","targetHints":{"allow":["GET"]}}],"collection":[{"href":"https:\/\/site.astrofoto.com.pt\/welcome\/wp-json\/wp\/v2\/product"}],"about":[{"href":"https:\/\/site.astrofoto.com.pt\/welcome\/wp-json\/wp\/v2\/types\/product"}],"replies":[{"embeddable":true,"href":"https:\/\/site.astrofoto.com.pt\/welcome\/wp-json\/wp\/v2\/comments?post=6878"}],"wp:featuredmedia":[{"embeddable":true,"href":"https:\/\/site.astrofoto.com.pt\/welcome\/wp-json\/wp\/v2\/media\/6879"}],"wp:attachment":[{"href":"https:\/\/site.astrofoto.com.pt\/welcome\/wp-json\/wp\/v2\/media?parent=6878"}],"wp:term":[{"taxonomy":"product_brand","embeddable":true,"href":"https:\/\/site.astrofoto.com.pt\/welcome\/wp-json\/wp\/v2\/product_brand?post=6878"},{"taxonomy":"product_cat","embeddable":true,"href":"https:\/\/site.astrofoto.com.pt\/welcome\/wp-json\/wp\/v2\/product_cat?post=6878"},{"taxonomy":"product_tag","embeddable":true,"href":"https:\/\/site.astrofoto.com.pt\/welcome\/wp-json\/wp\/v2\/product_tag?post=6878"}],"curies":[{"name":"wp","href":"https:\/\/api.w.org\/{rel}","templated":true}]}}