{"id":6838,"date":"2021-06-04T22:27:57","date_gmt":"2021-06-04T22:27:57","guid":{"rendered":"https:\/\/site.astrofoto.com.pt\/welcome\/?post_type=product&#038;p=6838"},"modified":"2022-10-17T10:52:08","modified_gmt":"2022-10-17T10:52:08","slug":"camara-omegon-guide-1200-c-cor","status":"publish","type":"product","link":"https:\/\/site.astrofoto.com.pt\/welcome\/produto\/camara-omegon-guide-1200-c-cor\/","title":{"rendered":"C\u00e2mara Omegon GUIDE 1200 Cor"},"content":{"rendered":"<p><strong>C\u00e2mara Omegon GUIDE 1200 Cor<\/strong><\/p>\n<p>\u2022 Sensor CMOS Chip (Aptina AR0130)<br \/>\n\u2022 Tamanho do chip: 4.8 x 3.6mm<br \/>\n\u2022 Chip \u2013 Diagonal 6mm<br \/>\n\u2022 Pixel size: 3.8<br \/>\n\u2022 Resolu\u00e7\u00e3o fotografica: 1280 x 960 pixel<br \/>\n\u2022 Megapixeis: 1.2Mp<br \/>\n\u2022 Bit: 12Bit<br \/>\n\u2022 Imagens\/Seg: 28 (at full resolution)<br \/>\n\u2022 Colour camera yes<br \/>\n\u2022 Alimenta\u00e7\u00e3o: 5V (USB<br \/>\n\u2022 Interfaces USB 2, ST4<br \/>\n\u2022 SO possiveis: Windows 7\/8\/10 (Linux &amp; Mac through INDI)<br \/>\n\u2022 Liga\u00e7\u00e3o ao telescopio: 1.25\u2033<br \/>\n\u2022 Rosca para filtros: 28mm<br \/>\n\u2022 Tolerancia ao foco: 12.5mm<br \/>\n\u2022 Software: incluido<br \/>\n\u2022 Temperatura de opera\u00e7\u00e3o: -10\u00b0C \u2013 +50\u00b0C<br \/>\n\u2022 Binning: 2\u00d72, 3\u00d73, 4\u00d74 (Digital)<br \/>\n\u2022 Disparador: Rolling Shutter<br \/>\n\u2022 Liga\u00e7\u00e3o ao telescopio: C-mount<br \/>\n\u2022 Comprimento: 71mm<br \/>\n\u2022 Diametro: 39mm<br \/>\n\u2022 Peso: 90gr<br \/>\n\u2022 Cor: Bronze<\/p>\n<p>\u25bacom a camara:<br \/>\n\u2022cabo USB<br \/>\n\u2022cabo ST4<br \/>\n\u2022adaptador c-mount a 1.25&#8243;<\/p>\n<p>&nbsp;<\/p>\n","protected":false},"excerpt":{"rendered":"<p>C\u00e2mara Omegon GUIDE 1200 Cor \u2022 Sensor CMOS Chip (Aptina AR0130) \u2022 Tamanho do chip: 4.8 x 3.6mm \u2022 Chip \u2013 Diagonal 6mm \u2022 Pixel size: 3.8 \u2022 Resolu\u00e7\u00e3o fotografica: 1280 x 960 pixel \u2022 Megapixeis: 1.2Mp \u2022 Bit: 12Bit \u2022 Imagens\/Seg: 28 (at full resolution) \u2022 Colour camera yes \u2022 Alimenta\u00e7\u00e3o: 5V (USB \u2022<\/p>\n<div class=\"more-link\">\n\t\t\t\t <a href=\"https:\/\/site.astrofoto.com.pt\/welcome\/produto\/camara-omegon-guide-1200-c-cor\/\" class=\"btn theme-btn inverted\"><span>Continuar a Ler <\/span><\/a>\n\t\t\t<\/div>\n","protected":false},"featured_media":6844,"comment_status":"closed","ping_status":"closed","template":"","meta":[],"product_brand":[],"product_cat":[24,67],"product_tag":[],"class_list":{"0":"post-6838","1":"product","2":"type-product","3":"status-publish","4":"has-post-thumbnail","6":"product_cat-fotografia-astronomica","7":"product_cat-https-site-astrofoto-com-pt-welcome-categoria-produto-novidade","9":"first","10":"onbackorder","11":"shipping-taxable","12":"purchasable","13":"product-type-simple"},"_links":{"self":[{"href":"https:\/\/site.astrofoto.com.pt\/welcome\/wp-json\/wp\/v2\/product\/6838","targetHints":{"allow":["GET"]}}],"collection":[{"href":"https:\/\/site.astrofoto.com.pt\/welcome\/wp-json\/wp\/v2\/product"}],"about":[{"href":"https:\/\/site.astrofoto.com.pt\/welcome\/wp-json\/wp\/v2\/types\/product"}],"replies":[{"embeddable":true,"href":"https:\/\/site.astrofoto.com.pt\/welcome\/wp-json\/wp\/v2\/comments?post=6838"}],"wp:featuredmedia":[{"embeddable":true,"href":"https:\/\/site.astrofoto.com.pt\/welcome\/wp-json\/wp\/v2\/media\/6844"}],"wp:attachment":[{"href":"https:\/\/site.astrofoto.com.pt\/welcome\/wp-json\/wp\/v2\/media?parent=6838"}],"wp:term":[{"taxonomy":"product_brand","embeddable":true,"href":"https:\/\/site.astrofoto.com.pt\/welcome\/wp-json\/wp\/v2\/product_brand?post=6838"},{"taxonomy":"product_cat","embeddable":true,"href":"https:\/\/site.astrofoto.com.pt\/welcome\/wp-json\/wp\/v2\/product_cat?post=6838"},{"taxonomy":"product_tag","embeddable":true,"href":"https:\/\/site.astrofoto.com.pt\/welcome\/wp-json\/wp\/v2\/product_tag?post=6838"}],"curies":[{"name":"wp","href":"https:\/\/api.w.org\/{rel}","templated":true}]}}