{"id":6836,"date":"2021-06-04T13:32:33","date_gmt":"2021-06-04T13:32:33","guid":{"rendered":"https:\/\/site.astrofoto.com.pt\/welcome\/?post_type=product&#038;p=6836"},"modified":"2026-02-26T19:19:48","modified_gmt":"2026-02-26T19:19:48","slug":"baader-em-folha-a-medida","status":"publish","type":"product","link":"https:\/\/site.astrofoto.com.pt\/welcome\/produto\/baader-em-folha-a-medida\/","title":{"rendered":"Baader em folha \u00e0 medida"},"content":{"rendered":"<p><strong><a href=\"http:\/\/site.astrofoto.com.pt\/welcome\/wp-content\/uploads\/2015\/07\/f2.png\"><img decoding=\"async\" class=\"alignleft size-full wp-image-621\" src=\"http:\/\/site.astrofoto.com.pt\/welcome\/wp-content\/uploads\/2015\/07\/f2.png\" alt=\"f2\" width=\"231\" height=\"119\" srcset=\"https:\/\/site.astrofoto.com.pt\/welcome\/wp-content\/uploads\/2015\/07\/f2.png 231w, https:\/\/site.astrofoto.com.pt\/welcome\/wp-content\/uploads\/2015\/07\/f2-150x77.png 150w\" sizes=\"(max-width: 231px) 100vw, 231px\" \/><\/a><\/strong><\/p>\n<hr \/>\n<p><strong>Filtro Solar &#8220;Astro Solar&#8221; em folha &#8211; Baader 25x25cm<\/strong><\/p>\n<p>\u25ba medida dada pelo cliente a 0,06\u20ac\/cm2<\/p>\n<p>\u2022 cortam os raios ultra-violetas e infravermelhos<br \/>\n\u2022 observa\u00e7\u00e3o do Sol em perfeitas condi\u00e7\u00f5es de seguran\u00e7a<br \/>\n\u2022 observa\u00e7\u00e3o das manchas solares<br \/>\n\u2022 visibilidade perfeita pela qualidade do filtro solar Baader<\/p>\n<p>\u25baCom a qualidade conhecida do filtro astrosolar Baader, proporciona uma imagem bem definida do Sol.<\/p>\n<p>\u25baDevido ao processo de metaliza\u00e7\u00e3o de dois lados projectado para o AstroSolar &#x2122; Silver Film, o filme permanece seguro para uma vis\u00e3o directa do Sol, mesmo no caso de a parte frontal do visualizador sofrer um arranh\u00e3o. Ainda assim, deve fazer sempre uma inspec\u00e7\u00e3o completa para detectar poss\u00edveis danos devido ao manuseio incorrecto e deve ser descartado no caso de defeito vis\u00edvel, como furo.<\/p>\n<p>\u25ba medida dada pelo cliente a 0,06\u20ac\/cm2<\/p>\n<p>&nbsp;<\/p>\n<p>\u25baconstruir um filtro baader <a href=\"http:\/\/astrofoto.com.pt\/BaaderConstFiltro.pdf\">VER pdf<\/a><\/p>\n<p>&nbsp;<\/p>\n<p>&nbsp;<\/p>\n","protected":false},"excerpt":{"rendered":"<p>Filtro Solar &#8220;Astro Solar&#8221; em folha &#8211; Baader 25x25cm \u25ba medida dada pelo cliente a 0,06\u20ac\/cm2 \u2022 cortam os raios ultra-violetas e infravermelhos \u2022 observa\u00e7\u00e3o do Sol em perfeitas condi\u00e7\u00f5es de seguran\u00e7a \u2022 observa\u00e7\u00e3o das manchas solares \u2022 visibilidade perfeita pela qualidade do filtro solar Baader \u25baCom a qualidade conhecida do filtro astrosolar Baader, proporciona<\/p>\n<div class=\"more-link\">\n\t\t\t\t <a href=\"https:\/\/site.astrofoto.com.pt\/welcome\/produto\/baader-em-folha-a-medida\/\" class=\"btn theme-btn inverted\"><span>Continuar a Ler <\/span><\/a>\n\t\t\t<\/div>\n","protected":false},"featured_media":621,"comment_status":"open","ping_status":"closed","template":"","meta":[],"product_brand":[],"product_cat":[20],"product_tag":[],"class_list":{"0":"post-6836","1":"product","2":"type-product","3":"status-publish","4":"has-post-thumbnail","6":"product_cat-filtros-solares","7":"product_shipping_class-taxa-minima","9":"first","10":"outofstock","11":"shipping-taxable","12":"purchasable","13":"product-type-simple"},"_links":{"self":[{"href":"https:\/\/site.astrofoto.com.pt\/welcome\/wp-json\/wp\/v2\/product\/6836","targetHints":{"allow":["GET"]}}],"collection":[{"href":"https:\/\/site.astrofoto.com.pt\/welcome\/wp-json\/wp\/v2\/product"}],"about":[{"href":"https:\/\/site.astrofoto.com.pt\/welcome\/wp-json\/wp\/v2\/types\/product"}],"replies":[{"embeddable":true,"href":"https:\/\/site.astrofoto.com.pt\/welcome\/wp-json\/wp\/v2\/comments?post=6836"}],"wp:featuredmedia":[{"embeddable":true,"href":"https:\/\/site.astrofoto.com.pt\/welcome\/wp-json\/wp\/v2\/media\/621"}],"wp:attachment":[{"href":"https:\/\/site.astrofoto.com.pt\/welcome\/wp-json\/wp\/v2\/media?parent=6836"}],"wp:term":[{"taxonomy":"product_brand","embeddable":true,"href":"https:\/\/site.astrofoto.com.pt\/welcome\/wp-json\/wp\/v2\/product_brand?post=6836"},{"taxonomy":"product_cat","embeddable":true,"href":"https:\/\/site.astrofoto.com.pt\/welcome\/wp-json\/wp\/v2\/product_cat?post=6836"},{"taxonomy":"product_tag","embeddable":true,"href":"https:\/\/site.astrofoto.com.pt\/welcome\/wp-json\/wp\/v2\/product_tag?post=6836"}],"curies":[{"name":"wp","href":"https:\/\/api.w.org\/{rel}","templated":true}]}}