{"id":673,"date":"2015-08-21T15:39:39","date_gmt":"2015-08-21T15:39:39","guid":{"rendered":"http:\/\/site.astrofoto.com.pt\/welcome\/?post_type=product&#038;p=673"},"modified":"2023-04-27T13:20:04","modified_gmt":"2023-04-27T13:20:04","slug":"lx200-acf-12-uhtc","status":"publish","type":"product","link":"https:\/\/site.astrofoto.com.pt\/welcome\/produto\/lx200-acf-12-uhtc\/","title":{"rendered":"LX200-ACF 12&#8243; UHTC"},"content":{"rendered":"<p><strong>\u2022 TELESC\u00d3PIO LX200 ACF\u00a0 12&#8243; f\/10 com Montagem de Garfo e Trip\u00e9<\/strong> <a href=\"http:\/\/astrofoto.com.pt\/MeadeLX200-ACFpt.htm\" target=\"_self\" rel=\"noopener\"><strong><em>mais info<\/em><\/strong><\/a><br \/>\n\u2022 Espelho Prim\u00e1rio em Pyrex\u00ae grade-A<br \/>\n\u2022 UHTC (tratamento especial que optimiza a transmiss\u00e3o de luz)<br \/>\n\u2022 GPS<br \/>\n\u2022 Bloqueamento do espelho prim\u00e1rio<br \/>\n\u2022 SmartDrive&#x2122;<br \/>\n\u2022 Smart Mount&#x2122;<br \/>\n\u2022 305mm(12&#8243;) X 3048mm f\/10<br \/>\n\u2022 MicroFocador el\u00e9ctrico Crayford<br \/>\n\u2022 Ocular Pl 26mm s\u00e9rie 5000<\/p>\n<p>&nbsp;<\/p>\n<p><strong>O Meade LX200-ACF (Avanced Coma Free)<\/strong> est\u00e1 equipado com os sistemas \u00f3pticos que produzem uma imagem sem aberra\u00e7\u00f5es esf\u00e9ricas que \u00e9 uma das aspira\u00e7\u00f5es de todos os astr\u00f3nomos Quase todos os observatorios do Mundo usam sistemas \u00f3pticos sem aberra\u00e7\u00f5es esf\u00e9ricas ( de coma) como o Ritchey-Chr\u00e9tien (RC), inclusiv\u00e9 o Hubble. Agora pode ter um sistema similar aos dos profissionais. O LX200-ACF inclui todas as presta\u00e7\u00f5es do anterior como o GPS, fixa\u00e7\u00e3o do espelho prim\u00e1rio, o micro-focador crayford electrico sem folgas de focagem, al\u00e9m do espelho prim\u00e1rio sobredimensionado, o SmartDrive&#x2122;; Smart Mount&#x2122;, AutoStar\u00ae II. Mais, o LX200-ACF vem com a ocular 26mm Serie 5000Plossl de 5 elementos. O novo LX200-ACF \u00e9 a maior novidade na astronomia desde, claro, o LX200\u2026<br \/>\n<strong>O \u201cavan\u00e7ado\u201d no Advanced Coma-Free.<\/strong><br \/>\nO tradicional Ritchey-Chr\u00e9tien (RC) \u00e9 um tipo de reflector que apresenta uma imagem sem coma, campo de vis\u00e3o aplanados atrav\u00e9s de espelhos prim\u00e1rio e secund\u00e1rio hiperb\u00f3licos. Os telesc\u00f3pios RC (de uma variedade de fabricantes) s\u00e3o encontrados na maior parte dos maiores observat\u00f3rios do Mundo e no Telescopio da NASA \u2013 o Hubble. Estes telesc\u00f3pios sempre foram bastante caros no fabrico por causa dos espelhos pelo que poucos astr\u00f3nomos amadores podem disfrutar deles. Afortunadamente os engenheiros da Meade desenvolveram um desenho ACF radicalmente novo combinando um secund\u00e1rio hiperb\u00f3lico com um prim\u00e1rio asf\u00e9rico e uma l\u00e2mina correctora Assim o ACF produz imagens sem \u201ccoma\u201d como um elemento hiperb\u00f3lico. Este desenho ACF uma imagem sem\u201dcoma\u201d e um campo de vis\u00e3o aplanado como os tradicionais RC a uma frac\u00e7\u00e3o do seu custo. O ACF elimina os pontos de difrac\u00e7\u00e3o e melhora o astigmatismo, ambos inerentes no desenho do RC tradicional . Aquando da aprecia\u00e7\u00e3o do LX400-ACF Advanced Coma Free a revista \u201cSky and Telescope\u201d disse: \u201cna verdade ele comporta-se como um RC. A diferen\u00e7a para as imagens fora do eixo de um Schmidt-Cassegrain \u00e9, no minimo, dram\u00e1tica \u201c<\/p>\n<p><strong>Opticas Advanced Coma-Free f\/10:<\/strong> Construidas a partir do desenho cl\u00e1ssico do RC, a Meade criou um novo desenho que tem a mesma aus\u00eancia de \u201ccoma\u201d nas estrelas pontuais e um campo de vis\u00e3o aplanado que os mais avisados astrofot\u00f3grafos e os observadores mais profissionais sempre esperaram de uma \u00f3ptica Ritchey-Chr\u00e9tien. O sistema ACF da Meade tamb\u00e9m reduz o astigmatismo e elimina os pontos de difrac\u00e7\u00e3o , que se encontram no desenho do RC tradicional. O LX200-ACF \u00e9 a plataforma perfeita para investigadores e entusiastas da imagem com telesc\u00f3pios com aberturas de 8\u2033, 10\u2033 12\u2033 e 14\u2033.<br \/>\n<strong>Meade Ultra-High Transmission Coatings (UHTC)<\/strong> aumenta a totalidade da luz transmitida e o brilho da imagem em cerca de 20% acima dos tratamentos (coatings) standard da Meade. Objectos como estrelas, gal\u00e1xias e nebulosas surgem nitidamente mais brilhantes.<br \/>\n<strong>Zero Image-Shift Microfocuser<\/strong> permite-lhe obter uma precis\u00e3o de focagem sem folgas.<br \/>\nPrimary Mirror Lock Tranca o espelho prim\u00e1rio durante longas exposi\u00e7\u00f5es em astrofotografia.<br \/>\n<strong>Espelho prim\u00e1rio sobredimensionado<\/strong> \u2013 O di\u00e2metro \u00e9 maior do que o anunciado (por ex: o LX200-ACF de 8\u2033 \u00e9 actualmente de 8,25\u2033). Este adicional extra permite um campo de vis\u00e3o largo e totalmente iluminado.<br \/>\n<strong>Smart Mount&#x2122;<\/strong> Constantemente afina o seguimento cada vez que um objecto \u00e9 centrado e actualizado. Compat\u00edvel com ambas as montagens (altazimutal e equatorial). Coma Killer -O que \u00e9 \u201ccoma\u201d? N\u00e3o \u00e9 um estado de inconsci\u00eancia (coma)\u2026 \u00c9 uma aberrac\u00e7\u00e3o \u00f3ptica de esfericidade. Precisamente uma distor\u00e7\u00e3o em que uma imagem de uma estrela n\u00e3o pode ser focada como um ponto. mas sim aparece com uma cauda como um cometa.<br \/>\n<strong>Smart DriveT<\/strong> executa uma correc\u00e7\u00e3o permanente do erro peri\u00f3dico (PEC) nos dois eixos atrav\u00e9s de aprendizagem do erro e c\u00e1lculo da sua m\u00e9dia nos testes executados nos per\u00edodos de treino minimizando correc\u00e7\u00f5es de guiagem durante as longas exposi\u00e7\u00f5es necess\u00e1rias em astrofotografia. O PEC \u00e9 poss\u00edvel nos dois eixos e fun\u00e7\u00f5es em ambas as montagens (modo polar e altazimutal)<br \/>\n<strong>Sensor GPS Sony\u00ae<\/strong> insere automaticamente o data e a hora al\u00e9m da localiza\u00e7\u00e3o geogr\u00e1fica a fim de actualizar com precis\u00e3o o alinhamento do telesc\u00f3pio.<br \/>\n<strong>AutoAlignT<\/strong> \u2013 Os telesc\u00f3pios com o novo AutoAlign da Meade vem pre-alinhados. S\u00e3o telesc\u00f3pios inteligentes que conhecem o C\u00e9u Nocturno de cor. O autoalinhamento coloca duas estrelas brilhantes no seu campo de vis\u00e3o. Basta acertar com precis\u00e3o no centro da ocular e as maravilhas do universo est\u00e3o na ponta dos seus dedos.<br \/>\n<strong>AutoStar\u00ae II<\/strong><br \/>\neste controlador coloca \u201cHot Keys\u201d para acesso f\u00e1cil a uma base de dados de 145.000 objectos celestiais. O AutoStar II pode ser actualizado com o software mais recente, \u201cguided tours\u201d e objectos tempor\u00e1rios como cometas no site da Meade, gratuitamente.<\/p>\n<p>&nbsp;<\/p>\n","protected":false},"excerpt":{"rendered":"<p>\u2022 TELESC\u00d3PIO LX200 ACF\u00a0 12&#8243; f\/10 com Montagem de Garfo e Trip\u00e9 mais info \u2022 Espelho Prim\u00e1rio em Pyrex\u00ae grade-A \u2022 UHTC (tratamento especial que optimiza a transmiss\u00e3o de luz) \u2022 GPS \u2022 Bloqueamento do espelho prim\u00e1rio \u2022 SmartDrive&#x2122; \u2022 Smart Mount&#x2122; \u2022 305mm(12&#8243;) X 3048mm f\/10 \u2022 MicroFocador el\u00e9ctrico Crayford \u2022 Ocular Pl 26mm<\/p>\n<div class=\"more-link\">\n\t\t\t\t <a href=\"https:\/\/site.astrofoto.com.pt\/welcome\/produto\/lx200-acf-12-uhtc\/\" class=\"btn theme-btn inverted\"><span>Continuar a Ler <\/span><\/a>\n\t\t\t<\/div>\n","protected":false},"featured_media":674,"comment_status":"open","ping_status":"closed","template":"","meta":[],"product_brand":[],"product_cat":[17],"product_tag":[],"class_list":{"0":"post-673","1":"product","2":"type-product","3":"status-publish","4":"has-post-thumbnail","6":"product_cat-telescopios-catadioptricos","7":"product_shipping_class-taxa-media","9":"first","10":"onbackorder","11":"shipping-taxable","12":"purchasable","13":"product-type-simple"},"_links":{"self":[{"href":"https:\/\/site.astrofoto.com.pt\/welcome\/wp-json\/wp\/v2\/product\/673","targetHints":{"allow":["GET"]}}],"collection":[{"href":"https:\/\/site.astrofoto.com.pt\/welcome\/wp-json\/wp\/v2\/product"}],"about":[{"href":"https:\/\/site.astrofoto.com.pt\/welcome\/wp-json\/wp\/v2\/types\/product"}],"replies":[{"embeddable":true,"href":"https:\/\/site.astrofoto.com.pt\/welcome\/wp-json\/wp\/v2\/comments?post=673"}],"wp:featuredmedia":[{"embeddable":true,"href":"https:\/\/site.astrofoto.com.pt\/welcome\/wp-json\/wp\/v2\/media\/674"}],"wp:attachment":[{"href":"https:\/\/site.astrofoto.com.pt\/welcome\/wp-json\/wp\/v2\/media?parent=673"}],"wp:term":[{"taxonomy":"product_brand","embeddable":true,"href":"https:\/\/site.astrofoto.com.pt\/welcome\/wp-json\/wp\/v2\/product_brand?post=673"},{"taxonomy":"product_cat","embeddable":true,"href":"https:\/\/site.astrofoto.com.pt\/welcome\/wp-json\/wp\/v2\/product_cat?post=673"},{"taxonomy":"product_tag","embeddable":true,"href":"https:\/\/site.astrofoto.com.pt\/welcome\/wp-json\/wp\/v2\/product_tag?post=673"}],"curies":[{"name":"wp","href":"https:\/\/api.w.org\/{rel}","templated":true}]}}