{"id":6651,"date":"2021-05-10T15:10:27","date_gmt":"2021-05-10T15:10:27","guid":{"rendered":"https:\/\/site.astrofoto.com.pt\/welcome\/?post_type=product&#038;p=6651"},"modified":"2025-09-19T11:51:52","modified_gmt":"2025-09-19T11:51:52","slug":"estacao-de-energia-bresser-155watt","status":"publish","type":"product","link":"https:\/\/site.astrofoto.com.pt\/welcome\/produto\/estacao-de-energia-bresser-155watt\/","title":{"rendered":"Esta\u00e7\u00e3o de energia Bresser 155Watt"},"content":{"rendered":"<p><strong>Esta\u00e7\u00e3o de energia Bateria Bresser 155W<\/strong><\/p>\n<p>\u2022 Bateria recarreg\u00e1vel de lithium-ion<br \/>\n\u2022 Voltagem de entrada: 230V<br \/>\n\u2022 Voltagem de sa\u00edda: 3x USB, 3x 12V, 1x 230V<br \/>\n\u2022 155Wh 13Ah\/12 Volt lithium ion battery<br \/>\n\u2022 Led de emergencia com 100 horas de dura\u00e7\u00e3o<br \/>\n\u2022 Tempo de carga: 8h<br \/>\n\u2022 Medidas: 209mm x 96mm x 178mm<br \/>\n\u2022 Peso: 1700g<br \/>\n\u2022 Acessorios incluidos para carregar e saida<\/p>\n","protected":false},"excerpt":{"rendered":"<p>Esta\u00e7\u00e3o de energia Bateria Bresser 155W \u2022 Bateria recarreg\u00e1vel de lithium-ion \u2022 Voltagem de entrada: 230V \u2022 Voltagem de sa\u00edda: 3x USB, 3x 12V, 1x 230V \u2022 155Wh 13Ah\/12 Volt lithium ion battery \u2022 Led de emergencia com 100 horas de dura\u00e7\u00e3o \u2022 Tempo de carga: 8h \u2022 Medidas: 209mm x 96mm x 178mm \u2022<\/p>\n<div class=\"more-link\">\n\t\t\t\t <a href=\"https:\/\/site.astrofoto.com.pt\/welcome\/produto\/estacao-de-energia-bresser-155watt\/\" class=\"btn theme-btn inverted\"><span>Continuar a Ler <\/span><\/a>\n\t\t\t<\/div>\n","protected":false},"featured_media":6652,"comment_status":"closed","ping_status":"closed","template":"","meta":[],"product_brand":[],"product_cat":[81,51,75],"product_tag":[],"class_list":{"0":"post-6651","1":"product","2":"type-product","3":"status-publish","4":"has-post-thumbnail","6":"product_cat-acessorios-de-montagens","7":"product_cat-acessorios-para-telescopios","8":"product_cat-baterias","10":"first","11":"onbackorder","12":"shipping-taxable","13":"purchasable","14":"product-type-simple"},"_links":{"self":[{"href":"https:\/\/site.astrofoto.com.pt\/welcome\/wp-json\/wp\/v2\/product\/6651","targetHints":{"allow":["GET"]}}],"collection":[{"href":"https:\/\/site.astrofoto.com.pt\/welcome\/wp-json\/wp\/v2\/product"}],"about":[{"href":"https:\/\/site.astrofoto.com.pt\/welcome\/wp-json\/wp\/v2\/types\/product"}],"replies":[{"embeddable":true,"href":"https:\/\/site.astrofoto.com.pt\/welcome\/wp-json\/wp\/v2\/comments?post=6651"}],"wp:featuredmedia":[{"embeddable":true,"href":"https:\/\/site.astrofoto.com.pt\/welcome\/wp-json\/wp\/v2\/media\/6652"}],"wp:attachment":[{"href":"https:\/\/site.astrofoto.com.pt\/welcome\/wp-json\/wp\/v2\/media?parent=6651"}],"wp:term":[{"taxonomy":"product_brand","embeddable":true,"href":"https:\/\/site.astrofoto.com.pt\/welcome\/wp-json\/wp\/v2\/product_brand?post=6651"},{"taxonomy":"product_cat","embeddable":true,"href":"https:\/\/site.astrofoto.com.pt\/welcome\/wp-json\/wp\/v2\/product_cat?post=6651"},{"taxonomy":"product_tag","embeddable":true,"href":"https:\/\/site.astrofoto.com.pt\/welcome\/wp-json\/wp\/v2\/product_tag?post=6651"}],"curies":[{"name":"wp","href":"https:\/\/api.w.org\/{rel}","templated":true}]}}