{"id":6645,"date":"2021-05-10T14:39:12","date_gmt":"2021-05-10T14:39:12","guid":{"rendered":"https:\/\/site.astrofoto.com.pt\/welcome\/?post_type=product&#038;p=6645"},"modified":"2025-07-10T18:14:59","modified_gmt":"2025-07-10T18:14:59","slug":"visor-de-angulo-omegon-para-visor-polar","status":"publish","type":"product","link":"https:\/\/site.astrofoto.com.pt\/welcome\/produto\/visor-de-angulo-omegon-para-visor-polar\/","title":{"rendered":"Visor de \u00e2ngulo Omegon para visor polar"},"content":{"rendered":"<p><strong>Visor de \u00e2ngulo Omegon para visor polar<\/strong><\/p>\n<p>\u2022 mais f\u00e1cil de ajustar o visor polar &#8211; voc\u00ea olha para ele em um \u00e2ngulo de 90\u00b0<br \/>\n\u2022 a orienta\u00e7\u00e3o da imagem permanece inalterada<br \/>\n\u2022 foco ajust\u00e1vel<br \/>\n\u2022 zoom 1X e 2X para uma vis\u00e3o geral e uma imagem mais detalhada<br \/>\n\u2022 simplesmente coloque o visor angular de metal sobre o visor polar e fixe-o na posi\u00e7\u00e3o.<\/p>\n<p>\u25ba apropriado para:<br \/>\n\u2022Skywatcher: EQ5, AZ-EQ5, HEQ5, EQ6, AZ-EQ6, Adventurer, Adventurer mini<br \/>\n\u2022Orion: Atlas Pro, Atlas EQ-G<br \/>\n\u2022Celestron: AVX, CGEM<\/p>\n","protected":false},"excerpt":{"rendered":"<p>Visor de \u00e2ngulo Omegon para visor polar \u2022 mais f\u00e1cil de ajustar o visor polar &#8211; voc\u00ea olha para ele em um \u00e2ngulo de 90\u00b0 \u2022 a orienta\u00e7\u00e3o da imagem permanece inalterada \u2022 foco ajust\u00e1vel \u2022 zoom 1X e 2X para uma vis\u00e3o geral e uma imagem mais detalhada \u2022 simplesmente coloque o visor angular<\/p>\n<div class=\"more-link\">\n\t\t\t\t <a href=\"https:\/\/site.astrofoto.com.pt\/welcome\/produto\/visor-de-angulo-omegon-para-visor-polar\/\" class=\"btn theme-btn inverted\"><span>Continuar a Ler <\/span><\/a>\n\t\t\t<\/div>\n","protected":false},"featured_media":6646,"comment_status":"closed","ping_status":"closed","template":"","meta":[],"product_brand":[],"product_cat":[81,51],"product_tag":[],"class_list":{"0":"post-6645","1":"product","2":"type-product","3":"status-publish","4":"has-post-thumbnail","6":"product_cat-acessorios-de-montagens","7":"product_cat-acessorios-para-telescopios","9":"first","10":"onbackorder","11":"sale","12":"shipping-taxable","13":"purchasable","14":"product-type-simple"},"_links":{"self":[{"href":"https:\/\/site.astrofoto.com.pt\/welcome\/wp-json\/wp\/v2\/product\/6645","targetHints":{"allow":["GET"]}}],"collection":[{"href":"https:\/\/site.astrofoto.com.pt\/welcome\/wp-json\/wp\/v2\/product"}],"about":[{"href":"https:\/\/site.astrofoto.com.pt\/welcome\/wp-json\/wp\/v2\/types\/product"}],"replies":[{"embeddable":true,"href":"https:\/\/site.astrofoto.com.pt\/welcome\/wp-json\/wp\/v2\/comments?post=6645"}],"wp:featuredmedia":[{"embeddable":true,"href":"https:\/\/site.astrofoto.com.pt\/welcome\/wp-json\/wp\/v2\/media\/6646"}],"wp:attachment":[{"href":"https:\/\/site.astrofoto.com.pt\/welcome\/wp-json\/wp\/v2\/media?parent=6645"}],"wp:term":[{"taxonomy":"product_brand","embeddable":true,"href":"https:\/\/site.astrofoto.com.pt\/welcome\/wp-json\/wp\/v2\/product_brand?post=6645"},{"taxonomy":"product_cat","embeddable":true,"href":"https:\/\/site.astrofoto.com.pt\/welcome\/wp-json\/wp\/v2\/product_cat?post=6645"},{"taxonomy":"product_tag","embeddable":true,"href":"https:\/\/site.astrofoto.com.pt\/welcome\/wp-json\/wp\/v2\/product_tag?post=6645"}],"curies":[{"name":"wp","href":"https:\/\/api.w.org\/{rel}","templated":true}]}}