{"id":6624,"date":"2021-05-08T17:26:33","date_gmt":"2021-05-08T17:26:33","guid":{"rendered":"https:\/\/site.astrofoto.com.pt\/welcome\/?post_type=product&#038;p=6624"},"modified":"2024-08-24T17:14:57","modified_gmt":"2024-08-24T17:14:57","slug":"adaptador-de-camara-digiklemme-2","status":"publish","type":"product","link":"https:\/\/site.astrofoto.com.pt\/welcome\/produto\/adaptador-de-camara-digiklemme-2\/","title":{"rendered":"adaptador de c\u00e2mara Digiklemme 2"},"content":{"rendered":"<p><strong>adaptador de c\u00e2mara Digiklemme 2<\/strong><\/p>\n<p>\u2022 adapta qualquer c\u00e2mara digital a telescopio ou spottingscope<br \/>\n\u2022 para oculares de 1.25&#8243; e 2&#8243;<br \/>\n\u25ba os ajustes permitem colocar a c\u00e2mara na posi\u00e7\u00e3o em frente \u00e0 ocular<\/p>\n","protected":false},"excerpt":{"rendered":"<p>adaptador de c\u00e2mara Digiklemme 2 \u2022 adapta qualquer c\u00e2mara digital a telescopio ou spottingscope \u2022 para oculares de 1.25&#8243; e 2&#8243; \u25ba os ajustes permitem colocar a c\u00e2mara na posi\u00e7\u00e3o em frente \u00e0 ocular<\/p>\n","protected":false},"featured_media":6625,"comment_status":"closed","ping_status":"closed","template":"","meta":[],"product_brand":[],"product_cat":[34,95],"product_tag":[],"class_list":{"0":"post-6624","1":"product","2":"type-product","3":"status-publish","4":"has-post-thumbnail","6":"product_cat-acessoriosfotografia","7":"product_cat-stock-off","9":"first","10":"instock","11":"sale","12":"shipping-taxable","13":"purchasable","14":"product-type-simple"},"_links":{"self":[{"href":"https:\/\/site.astrofoto.com.pt\/welcome\/wp-json\/wp\/v2\/product\/6624","targetHints":{"allow":["GET"]}}],"collection":[{"href":"https:\/\/site.astrofoto.com.pt\/welcome\/wp-json\/wp\/v2\/product"}],"about":[{"href":"https:\/\/site.astrofoto.com.pt\/welcome\/wp-json\/wp\/v2\/types\/product"}],"replies":[{"embeddable":true,"href":"https:\/\/site.astrofoto.com.pt\/welcome\/wp-json\/wp\/v2\/comments?post=6624"}],"wp:featuredmedia":[{"embeddable":true,"href":"https:\/\/site.astrofoto.com.pt\/welcome\/wp-json\/wp\/v2\/media\/6625"}],"wp:attachment":[{"href":"https:\/\/site.astrofoto.com.pt\/welcome\/wp-json\/wp\/v2\/media?parent=6624"}],"wp:term":[{"taxonomy":"product_brand","embeddable":true,"href":"https:\/\/site.astrofoto.com.pt\/welcome\/wp-json\/wp\/v2\/product_brand?post=6624"},{"taxonomy":"product_cat","embeddable":true,"href":"https:\/\/site.astrofoto.com.pt\/welcome\/wp-json\/wp\/v2\/product_cat?post=6624"},{"taxonomy":"product_tag","embeddable":true,"href":"https:\/\/site.astrofoto.com.pt\/welcome\/wp-json\/wp\/v2\/product_tag?post=6624"}],"curies":[{"name":"wp","href":"https:\/\/api.w.org\/{rel}","templated":true}]}}