{"id":6599,"date":"2021-05-06T12:42:27","date_gmt":"2021-05-06T12:42:27","guid":{"rendered":"https:\/\/site.astrofoto.com.pt\/welcome\/?post_type=product&#038;p=6599"},"modified":"2023-10-20T10:49:32","modified_gmt":"2023-10-20T10:49:32","slug":"microscopio-binocular-omegon-1000x-led","status":"publish","type":"product","link":"https:\/\/site.astrofoto.com.pt\/welcome\/produto\/microscopio-binocular-omegon-1000x-led\/","title":{"rendered":"Microscopio Binocular Omegon 1000x LED"},"content":{"rendered":"<p><strong>Microscopio Binocular Omegon 1000x LED<br \/>\n<\/strong><\/p>\n<p>\u2022 Lentes acrom\u00e1ticas<br \/>\n\u2022 Ilumina\u00e7\u00e3o: Transmitida LED ajust\u00e1vel<br \/>\n\u2022 Aumento:\u00a0 40x \u2013 1000x (50, 100, 500, 1000)<br \/>\n\u2022 Oculares: 10x wide angle<br \/>\n\u2022 Objectivas: 4, 10, 40, 100<br \/>\n\u2022 Alimenta\u00e7\u00e3o: Tomada el\u00e9ctrica<br \/>\n\u2022 Bateria recarreg\u00e1vel<br \/>\n\u2022 Tipo de constru\u00e7\u00e3o:\u00a0 Binocular<br \/>\n\u2022 Vis\u00e3o: 30\u00b0 vis\u00e3o diagonal, girat\u00f3ria 360\u00b0<br \/>\n\u2022 Focagem com desmultiplicador<br \/>\n\u2022 Diafragma<br \/>\n\u2022 Plataforma de amostra: com escala vernier<br \/>\n\u2022 Cor: preto e branco<br \/>\n\u2022 Comprimento280mm<br \/>\n\u2022 Largura 360mm<br \/>\n\u2022 Altura 175mm<br \/>\n\u2022 Peso: 3,8Kg<\/p>\n<p>\u25ba<span class=\"VIiyi\" lang=\"pt\"><span class=\"JLqJ4b\" data-language-for-alternatives=\"pt\" data-language-to-translate-into=\"en\" data-phrase-index=\"0\"><strong>As vantagens em poucas palavras:<\/strong><br \/>\n\u2022microsc\u00f3pio biol\u00f3gico altamente capaz<br \/>\n\u2022adequado para escola, educa\u00e7\u00e3o continuada e trabalho<br \/>\n\u2022observar usando os dois olhos &#8211; vis\u00e3o binocular<br \/>\n\u20222 oculares, com um grande campo de vis\u00e3o<br \/>\n\u2022bot\u00e3o de foco fino com escala milim\u00e9trica<br \/>\n\u2022plataforma mec\u00e2nica com escala Vernier e ajuste fino nos 2 eixos<br \/>\n\u2022amplia\u00e7\u00e3o de 40X -1000X (imers\u00e3o em \u00f3leo)<br \/>\n\u2022diafragma para um contraste ainda melhor<br \/>\n\u2022observa\u00e7\u00e3o confort\u00e1vel cabe\u00e7a binocular \u00e9 girat\u00f3ria em 360 \u00b0<br \/>\n\u2022ilumina\u00e7\u00e3o LED super brilhante, ajust\u00e1vel<\/span><\/span><\/p>\n<p><span class=\"VIiyi\" lang=\"pt\"><span class=\"JLqJ4b\" data-language-for-alternatives=\"pt\" data-language-to-translate-into=\"en\" data-phrase-index=\"0\"><strong>Omegon BinoView &#8211; o microsc\u00f3pio biol\u00f3gico para escola, estudo e trabalho<\/strong><br \/>\nAo procurar um microsc\u00f3pio capaz, espera-se uma boa \u00f3tica e mec\u00e2nica de precis\u00e3o. Ambos est\u00e3o aqui combinados em um instrumento com o Omegon BinoView. Isso\u00a0 torna-o\u00a0 a primeira escolha para uso s\u00e9rio em escolas, ensino superior e at\u00e9 mesmo para aplica\u00e7\u00f5es comerciais. Mas tamb\u00e9m \u00e9 do interesse de pesquisadores e amadores. Este microsc\u00f3pio \u00e9 usado em muitas institui\u00e7\u00f5es educativas.<\/span><\/span><\/p>\n<p><span class=\"VIiyi\" lang=\"pt\"><span class=\"JLqJ4b\" data-language-for-alternatives=\"pt\" data-language-to-translate-into=\"en\" data-phrase-index=\"0\"><strong>Plataforma mec\u00e2nica com escala Vernier e ajuste fino nos 2 eixos.<\/strong><br \/>\nA grande superf\u00edcie, de aproximadamente 130&#215;130 mm, mant\u00e9m seus slides de forma direta e segura no lugar por meio de um clip de mola. Os bot\u00f5es de ajuste de posi\u00e7\u00e3o fina e a escala Vernier permitem que voc\u00ea posicione objectos conforme necess\u00e1rio, e voc\u00ea pode fazer ajustes enquanto olha simultaneamente pelo microsc\u00f3pio. Desfrute de uma vista a\u00e9rea da &#8220;paisagem&#8221; de uma fibra muscular ou dos detalhes finos de uma asa de mosquito.<\/span><\/span><\/p>\n<p><strong>Amplia\u00e7\u00e3o de 40X a 1000X<\/strong><br \/>\nO microsc\u00f3pio Omegon Binoview vem equipado com uma grande variedade de amplia\u00e7\u00f5es poss\u00edveis &#8211; entre 40X e 1000X. Use a torre da lente objetiva para mudar rapidamente para a pr\u00f3xima amplia\u00e7\u00e3o mais alta. Tr\u00eas das quatro objectivas s\u00e3o acionadas por mola para ajudar a evitar danos caso voc\u00ea toque inadvertidamente na l\u00e2mina de amostra com elas. O Binoview possui uma lente de imers\u00e3o em \u00f3leo para amplia\u00e7\u00e3o de 1000X. Usar o \u00f3leo fornecido proporciona uma observa\u00e7\u00e3o brilhante e de alto contraste.<\/p>\n<p><b>Vis\u00e3o binocular rotativa em 360\u00b0 <\/b><br \/>\nPara uma observa\u00e7\u00e3o completamente relaxada, voc\u00ea pode usar os dois olhos. Isso sempre permitir\u00e1 que voc\u00ea aprecie o que est\u00e1 a observar por mais tempo e com mais conforto. \u00c9 claro que a dist\u00e2ncia interpupilar e a compensa\u00e7\u00e3o de dioptria podem ser ajustadas. A ocular binocular tamb\u00e9m pode ser girada 360 \u00b0, permitindo que voc\u00ea observe confortavelmente de qualquer dire\u00e7\u00e3o,<\/p>\n<p><strong>Focagem com acerto fino<\/strong><br \/>\nVoc\u00ea encontrar\u00e1 bot\u00f5es de foco grosseiros e finos em ambos os lados do microsc\u00f3pio. O bot\u00e3o de ajuste fino \u00e9 usado para obter um foco n\u00edtido, mesmo em grandes amplia\u00e7\u00f5es. A nitidez pode ser ajustada em mil\u00edmetros.<\/p>\n<p><strong>Diafragma<\/strong><br \/>\nO diafragma \u00e9 usado para iluminar ou obscurecer a vis\u00e3o de seu esp\u00e9cime nas oculares. Fechar o diafragma para dar uma abertura menor produzir\u00e1 um feixe de luz mais estreito, o que pode resultar em muito mais detalhes vis\u00edveis, pois o contraste aumenta enormemente.<\/p>\n<p><strong> Oculares de campo amplo e lentes objetivas de alta qualidade:<br \/>\n<\/strong><span class=\"VIiyi\" lang=\"pt\"><span class=\"JLqJ4b\" data-language-for-alternatives=\"pt\" data-language-to-translate-into=\"en\" data-phrase-index=\"0\"> As duas oculares WF10X fornecem um amplo campo de vis\u00e3o.<\/span><\/span><\/p>\n<p><strong>Ilumina\u00e7\u00e3o LED &#8211; uma imagem completamente banhada por luz<\/strong><br \/>\nSeu microsc\u00f3pio tem ilumina\u00e7\u00e3o LED sofisticada e super brilhante &#8211; j\u00e1 que muita luz \u00e9 necess\u00e1ria com uma amplia\u00e7\u00e3o de 1000X. Os slides s\u00e3o iluminados por uma luz branca neutra. O brilho \u00e9 infinitamente ajust\u00e1vel nas configura\u00e7\u00f5es de 1 a 8 usando o controle de brilho.<\/p>\n<p>&nbsp;<\/p>\n<p># 33128<\/p>\n","protected":false},"excerpt":{"rendered":"<p>Microscopio Binocular Omegon 1000x LED \u2022 Lentes acrom\u00e1ticas \u2022 Ilumina\u00e7\u00e3o: Transmitida LED ajust\u00e1vel \u2022 Aumento:\u00a0 40x \u2013 1000x (50, 100, 500, 1000) \u2022 Oculares: 10x wide angle \u2022 Objectivas: 4, 10, 40, 100 \u2022 Alimenta\u00e7\u00e3o: Tomada el\u00e9ctrica \u2022 Bateria recarreg\u00e1vel \u2022 Tipo de constru\u00e7\u00e3o:\u00a0 Binocular \u2022 Vis\u00e3o: 30\u00b0 vis\u00e3o diagonal, girat\u00f3ria 360\u00b0 \u2022 Focagem com<\/p>\n<div class=\"more-link\">\n\t\t\t\t <a href=\"https:\/\/site.astrofoto.com.pt\/welcome\/produto\/microscopio-binocular-omegon-1000x-led\/\" class=\"btn theme-btn inverted\"><span>Continuar a Ler <\/span><\/a>\n\t\t\t<\/div>\n","protected":false},"featured_media":6600,"comment_status":"closed","ping_status":"closed","template":"","meta":[],"product_brand":[],"product_cat":[33],"product_tag":[],"class_list":{"0":"post-6599","1":"product","2":"type-product","3":"status-publish","4":"has-post-thumbnail","6":"product_cat-microscopios","8":"first","9":"onbackorder","10":"shipping-taxable","11":"purchasable","12":"product-type-simple"},"_links":{"self":[{"href":"https:\/\/site.astrofoto.com.pt\/welcome\/wp-json\/wp\/v2\/product\/6599","targetHints":{"allow":["GET"]}}],"collection":[{"href":"https:\/\/site.astrofoto.com.pt\/welcome\/wp-json\/wp\/v2\/product"}],"about":[{"href":"https:\/\/site.astrofoto.com.pt\/welcome\/wp-json\/wp\/v2\/types\/product"}],"replies":[{"embeddable":true,"href":"https:\/\/site.astrofoto.com.pt\/welcome\/wp-json\/wp\/v2\/comments?post=6599"}],"wp:featuredmedia":[{"embeddable":true,"href":"https:\/\/site.astrofoto.com.pt\/welcome\/wp-json\/wp\/v2\/media\/6600"}],"wp:attachment":[{"href":"https:\/\/site.astrofoto.com.pt\/welcome\/wp-json\/wp\/v2\/media?parent=6599"}],"wp:term":[{"taxonomy":"product_brand","embeddable":true,"href":"https:\/\/site.astrofoto.com.pt\/welcome\/wp-json\/wp\/v2\/product_brand?post=6599"},{"taxonomy":"product_cat","embeddable":true,"href":"https:\/\/site.astrofoto.com.pt\/welcome\/wp-json\/wp\/v2\/product_cat?post=6599"},{"taxonomy":"product_tag","embeddable":true,"href":"https:\/\/site.astrofoto.com.pt\/welcome\/wp-json\/wp\/v2\/product_tag?post=6599"}],"curies":[{"name":"wp","href":"https:\/\/api.w.org\/{rel}","templated":true}]}}