{"id":6549,"date":"2021-04-26T18:01:36","date_gmt":"2021-04-26T18:01:36","guid":{"rendered":"https:\/\/site.astrofoto.com.pt\/welcome\/?post_type=product&#038;p=6549"},"modified":"2023-03-28T20:25:12","modified_gmt":"2023-03-28T20:25:12","slug":"luneta-guia-evoguide-skywatcher-50ed","status":"publish","type":"product","link":"https:\/\/site.astrofoto.com.pt\/welcome\/produto\/luneta-guia-evoguide-skywatcher-50ed\/","title":{"rendered":"Luneta guia Evoguide Skywatcher 50ED"},"content":{"rendered":"<p><strong>Evoguide Skywatcher ED50<\/strong><\/p>\n<p>\u2022 Concep\u00e7\u00e3o optica: Doublet ED mutirevestidas<br \/>\n\u2022 Abertura: 50mm<br \/>\n\u2022 Raz\u00e3o Focal: f\/4.8<br \/>\n\u2022 Dist\u00e2ncia focal: 242mm<br \/>\n\u2022 Resolu\u00e7\u00e3o m\u00e1xima: 2.32&#8243; de arco<br \/>\n\u2022 Magnitude limite: 11<br \/>\n\u2022 Aumento minimo: 9x<br \/>\n\u2022 Aumento m\u00e1ximo: 98x<br \/>\n\u2022 Focador: H\u00e9lico\u00efdale n\u00e3o-rotativo com sa\u00edda 1.25&#8243;<br \/>\n\u2022 Backfocus: 20 a 60mm<br \/>\n\u2022 Comprimento do tubo: 26.7cm (10.5&#8243;)<br \/>\n\u2022 Di\u00e2metro exterior: 5.7cm (2.2&#8243;)<br \/>\n\u2022 Peso (so tubo): 950g<\/p>\n","protected":false},"excerpt":{"rendered":"<p>Evoguide Skywatcher ED50 \u2022 Concep\u00e7\u00e3o optica: Doublet ED mutirevestidas \u2022 Abertura: 50mm \u2022 Raz\u00e3o Focal: f\/4.8 \u2022 Dist\u00e2ncia focal: 242mm \u2022 Resolu\u00e7\u00e3o m\u00e1xima: 2.32&#8243; de arco \u2022 Magnitude limite: 11 \u2022 Aumento minimo: 9x \u2022 Aumento m\u00e1ximo: 98x \u2022 Focador: H\u00e9lico\u00efdale n\u00e3o-rotativo com sa\u00edda 1.25&#8243; \u2022 Backfocus: 20 a 60mm \u2022 Comprimento do tubo: 26.7cm<\/p>\n<div class=\"more-link\">\n\t\t\t\t <a href=\"https:\/\/site.astrofoto.com.pt\/welcome\/produto\/luneta-guia-evoguide-skywatcher-50ed\/\" class=\"btn theme-btn inverted\"><span>Continuar a Ler <\/span><\/a>\n\t\t\t<\/div>\n","protected":false},"featured_media":6553,"comment_status":"closed","ping_status":"closed","template":"","meta":[],"product_brand":[],"product_cat":[34,24],"product_tag":[],"class_list":{"0":"post-6549","1":"product","2":"type-product","3":"status-publish","4":"has-post-thumbnail","6":"product_cat-acessoriosfotografia","7":"product_cat-fotografia-astronomica","9":"first","10":"onbackorder","11":"shipping-taxable","12":"purchasable","13":"product-type-simple"},"_links":{"self":[{"href":"https:\/\/site.astrofoto.com.pt\/welcome\/wp-json\/wp\/v2\/product\/6549","targetHints":{"allow":["GET"]}}],"collection":[{"href":"https:\/\/site.astrofoto.com.pt\/welcome\/wp-json\/wp\/v2\/product"}],"about":[{"href":"https:\/\/site.astrofoto.com.pt\/welcome\/wp-json\/wp\/v2\/types\/product"}],"replies":[{"embeddable":true,"href":"https:\/\/site.astrofoto.com.pt\/welcome\/wp-json\/wp\/v2\/comments?post=6549"}],"wp:featuredmedia":[{"embeddable":true,"href":"https:\/\/site.astrofoto.com.pt\/welcome\/wp-json\/wp\/v2\/media\/6553"}],"wp:attachment":[{"href":"https:\/\/site.astrofoto.com.pt\/welcome\/wp-json\/wp\/v2\/media?parent=6549"}],"wp:term":[{"taxonomy":"product_brand","embeddable":true,"href":"https:\/\/site.astrofoto.com.pt\/welcome\/wp-json\/wp\/v2\/product_brand?post=6549"},{"taxonomy":"product_cat","embeddable":true,"href":"https:\/\/site.astrofoto.com.pt\/welcome\/wp-json\/wp\/v2\/product_cat?post=6549"},{"taxonomy":"product_tag","embeddable":true,"href":"https:\/\/site.astrofoto.com.pt\/welcome\/wp-json\/wp\/v2\/product_tag?post=6549"}],"curies":[{"name":"wp","href":"https:\/\/api.w.org\/{rel}","templated":true}]}}