{"id":6545,"date":"2021-04-26T17:39:31","date_gmt":"2021-04-26T17:39:31","guid":{"rendered":"https:\/\/site.astrofoto.com.pt\/welcome\/?post_type=product&#038;p=6545"},"modified":"2022-08-10T11:14:45","modified_gmt":"2022-08-10T11:14:45","slug":"aplanador-de-campo-para-evoguide-50ed","status":"publish","type":"product","link":"https:\/\/site.astrofoto.com.pt\/welcome\/produto\/aplanador-de-campo-para-evoguide-50ed\/","title":{"rendered":"aplanador de campo para evoguide 50ED"},"content":{"rendered":"<p><strong>Skywatcher Flattener Evoguide 50ED<\/strong><\/p>\n<p>\u2022 Liga\u00e7\u00e3o do Telescopio: T2<br \/>\n\u2022 Liga\u00e7\u00e3o \u00e0 c\u00e2mara: T2<br \/>\n\u2022 Liga\u00e7\u00e3o \u00e0 ocular: 1,25&#8243;<br \/>\n\u2022 Backfocus: 17,5mm<br \/>\n\u2022 Corre\u00e7\u00e3o total: 28mm<br \/>\n\u2022 Numero de lentes: 2<br \/>\n\u2022 Revestimento da opticas: FMC<br \/>\n\u2022 Peso: 150grs<\/p>\n<p>&nbsp;<\/p>\n","protected":false},"excerpt":{"rendered":"<p>Skywatcher Flattener Evoguide 50ED \u2022 Liga\u00e7\u00e3o do Telescopio: T2 \u2022 Liga\u00e7\u00e3o \u00e0 c\u00e2mara: T2 \u2022 Liga\u00e7\u00e3o \u00e0 ocular: 1,25&#8243; \u2022 Backfocus: 17,5mm \u2022 Corre\u00e7\u00e3o total: 28mm \u2022 Numero de lentes: 2 \u2022 Revestimento da opticas: FMC \u2022 Peso: 150grs &nbsp;<\/p>\n","protected":false},"featured_media":6546,"comment_status":"closed","ping_status":"closed","template":"","meta":[],"product_brand":[],"product_cat":[34],"product_tag":[],"class_list":{"0":"post-6545","1":"product","2":"type-product","3":"status-publish","4":"has-post-thumbnail","6":"product_cat-acessoriosfotografia","8":"first","9":"onbackorder","10":"shipping-taxable","11":"purchasable","12":"product-type-simple"},"_links":{"self":[{"href":"https:\/\/site.astrofoto.com.pt\/welcome\/wp-json\/wp\/v2\/product\/6545","targetHints":{"allow":["GET"]}}],"collection":[{"href":"https:\/\/site.astrofoto.com.pt\/welcome\/wp-json\/wp\/v2\/product"}],"about":[{"href":"https:\/\/site.astrofoto.com.pt\/welcome\/wp-json\/wp\/v2\/types\/product"}],"replies":[{"embeddable":true,"href":"https:\/\/site.astrofoto.com.pt\/welcome\/wp-json\/wp\/v2\/comments?post=6545"}],"wp:featuredmedia":[{"embeddable":true,"href":"https:\/\/site.astrofoto.com.pt\/welcome\/wp-json\/wp\/v2\/media\/6546"}],"wp:attachment":[{"href":"https:\/\/site.astrofoto.com.pt\/welcome\/wp-json\/wp\/v2\/media?parent=6545"}],"wp:term":[{"taxonomy":"product_brand","embeddable":true,"href":"https:\/\/site.astrofoto.com.pt\/welcome\/wp-json\/wp\/v2\/product_brand?post=6545"},{"taxonomy":"product_cat","embeddable":true,"href":"https:\/\/site.astrofoto.com.pt\/welcome\/wp-json\/wp\/v2\/product_cat?post=6545"},{"taxonomy":"product_tag","embeddable":true,"href":"https:\/\/site.astrofoto.com.pt\/welcome\/wp-json\/wp\/v2\/product_tag?post=6545"}],"curies":[{"name":"wp","href":"https:\/\/api.w.org\/{rel}","templated":true}]}}