{"id":6492,"date":"2021-04-12T18:05:57","date_gmt":"2021-04-12T18:05:57","guid":{"rendered":"https:\/\/site.astrofoto.com.pt\/welcome\/?post_type=product&#038;p=6492"},"modified":"2025-07-03T13:54:50","modified_gmt":"2025-07-03T13:54:50","slug":"zwo-eaf-sistema-de-focagem-comando-e-sensor","status":"publish","type":"product","link":"https:\/\/site.astrofoto.com.pt\/welcome\/produto\/zwo-eaf-sistema-de-focagem-comando-e-sensor\/","title":{"rendered":"ZWO EAF sistema de focagem + Comando e Sensor"},"content":{"rendered":"<p><strong>ZWO EAF sistema de focagem + Comando e Sensor<\/strong><\/p>\n<p>\u25baO motofocus do ZWO permite o foco motorizado com precis\u00e3o do seu telesc\u00f3pio para astrofotografia e observa\u00e7\u00e3o.<br \/>\n\u2666 Novo: Fonte de alimenta\u00e7\u00e3o via USB &#8211; tamb\u00e9m funciona via computador ou ASIAIR<br \/>\n\u2666 A vers\u00e3o avan\u00e7ada do EAF inclui a vers\u00e3o padr\u00e3o, o sensor de temperatura e a caixa de controle manual para trabalho auto-suficiente (sem um computador ou smartphone.)<br \/>\n\u2666 Pode movimentar at\u00e9 5 kg<br \/>\n\u2666 ASCOM, ASIAIR e INDI s\u00e3o suportados<br \/>\n\u2666 ZWO EAF funciona com todos os softwares de captura<br \/>\n\u2666 Controla a focagem pelo smartphone ou tablet, mas tamb\u00e9m pelo controlador manual fornecido<br \/>\n\u2666 Com placa de liga\u00e7\u00e3o vers\u00e1til para todos os focadores comuns, por exemplo, de TS-Optics, Astro Tech, Feather Touch &#8230;<\/p>\n<p>\u2022 Dimens\u00f5es: 59x52x41mm<br \/>\n\u2022 Motor: Stepper motor &#8211; 5760 steps<br \/>\n\u2022 Alimenta\u00e7\u00e3o: 5 V via USB<br \/>\n\u2022 Sa\u00edda de dados: USB C<br \/>\n\u2022 Peso: 277gr<br \/>\n\u2022 Capacidade de carga: at\u00e9 5kg<br \/>\n\u2022 Temperatura de opera\u00e7\u00e3o: -5\u00b0C a +50\u00b0C<\/p>\n<p>Entregue:<br \/>\n\u2666 EAF Motor Focus<\/p>\n<p>\u2666 Motor bracket<br \/>\n\u2666 Adapter motor to focuser shaft<br \/>\n\u2666 USB C cable<br \/>\n\u2666 Temperature sensor ZWO-EAF-Sensor<br \/>\n\u2666 Hand controller ZWO-EAF-HC<\/p>\n<p>\u25ba<a href=\"http:\/\/astronomy-imaging-camera.com\/software-drivers\">Drivers<\/a><\/p>\n<p>\u25bacompatibilidades <a href=\"https:\/\/www.yuque.com\/zwopkb\/hardware\/eaf-support-list\">VER<\/a><\/p>\n","protected":false},"excerpt":{"rendered":"<p>ZWO EAF sistema de focagem + Comando e Sensor \u25baO motofocus do ZWO permite o foco motorizado com precis\u00e3o do seu telesc\u00f3pio para astrofotografia e observa\u00e7\u00e3o. \u2666 Novo: Fonte de alimenta\u00e7\u00e3o via USB &#8211; tamb\u00e9m funciona via computador ou ASIAIR \u2666 A vers\u00e3o avan\u00e7ada do EAF inclui a vers\u00e3o padr\u00e3o, o sensor de temperatura e<\/p>\n<div class=\"more-link\">\n\t\t\t\t <a href=\"https:\/\/site.astrofoto.com.pt\/welcome\/produto\/zwo-eaf-sistema-de-focagem-comando-e-sensor\/\" class=\"btn theme-btn inverted\"><span>Continuar a Ler <\/span><\/a>\n\t\t\t<\/div>\n","protected":false},"featured_media":10339,"comment_status":"closed","ping_status":"closed","template":"","meta":[],"product_brand":[],"product_cat":[51,34,24],"product_tag":[],"class_list":{"0":"post-6492","1":"product","2":"type-product","3":"status-publish","4":"has-post-thumbnail","6":"product_cat-acessorios-para-telescopios","7":"product_cat-acessoriosfotografia","8":"product_cat-fotografia-astronomica","10":"first","11":"onbackorder","12":"shipping-taxable","13":"purchasable","14":"product-type-simple"},"_links":{"self":[{"href":"https:\/\/site.astrofoto.com.pt\/welcome\/wp-json\/wp\/v2\/product\/6492","targetHints":{"allow":["GET"]}}],"collection":[{"href":"https:\/\/site.astrofoto.com.pt\/welcome\/wp-json\/wp\/v2\/product"}],"about":[{"href":"https:\/\/site.astrofoto.com.pt\/welcome\/wp-json\/wp\/v2\/types\/product"}],"replies":[{"embeddable":true,"href":"https:\/\/site.astrofoto.com.pt\/welcome\/wp-json\/wp\/v2\/comments?post=6492"}],"wp:featuredmedia":[{"embeddable":true,"href":"https:\/\/site.astrofoto.com.pt\/welcome\/wp-json\/wp\/v2\/media\/10339"}],"wp:attachment":[{"href":"https:\/\/site.astrofoto.com.pt\/welcome\/wp-json\/wp\/v2\/media?parent=6492"}],"wp:term":[{"taxonomy":"product_brand","embeddable":true,"href":"https:\/\/site.astrofoto.com.pt\/welcome\/wp-json\/wp\/v2\/product_brand?post=6492"},{"taxonomy":"product_cat","embeddable":true,"href":"https:\/\/site.astrofoto.com.pt\/welcome\/wp-json\/wp\/v2\/product_cat?post=6492"},{"taxonomy":"product_tag","embeddable":true,"href":"https:\/\/site.astrofoto.com.pt\/welcome\/wp-json\/wp\/v2\/product_tag?post=6492"}],"curies":[{"name":"wp","href":"https:\/\/api.w.org\/{rel}","templated":true}]}}