{"id":649,"date":"2015-07-13T16:27:23","date_gmt":"2015-07-13T16:27:23","guid":{"rendered":"http:\/\/site.astrofoto.com.pt\/welcome\/?post_type=product&#038;p=649"},"modified":"2024-08-07T13:03:00","modified_gmt":"2024-08-07T13:03:00","slug":"filtro-helios-uhc-125","status":"publish","type":"product","link":"https:\/\/site.astrofoto.com.pt\/welcome\/produto\/filtro-helios-uhc-125\/","title":{"rendered":"Filtro Helios UHC 1,25&#8243;"},"content":{"rendered":"<p><a href=\"http:\/\/site.astrofoto.com.pt\/welcome\/wp-content\/uploads\/2015\/07\/h3.jpg\"><img fetchpriority=\"high\" decoding=\"async\" class=\"alignleft size-medium wp-image-650\" src=\"http:\/\/site.astrofoto.com.pt\/welcome\/wp-content\/uploads\/2015\/07\/h3-300x300.jpg\" alt=\"h3\" width=\"300\" height=\"300\" srcset=\"https:\/\/site.astrofoto.com.pt\/welcome\/wp-content\/uploads\/2015\/07\/h3-300x300.jpg 300w, https:\/\/site.astrofoto.com.pt\/welcome\/wp-content\/uploads\/2015\/07\/h3-100x100.jpg 100w, https:\/\/site.astrofoto.com.pt\/welcome\/wp-content\/uploads\/2015\/07\/h3-150x150.jpg 150w, https:\/\/site.astrofoto.com.pt\/welcome\/wp-content\/uploads\/2015\/07\/h3.jpg 400w\" sizes=\"(max-width: 300px) 100vw, 300px\" \/><\/a><\/p>\n<p>Filtro UHC 1,25&#8243;<\/p>\n<p>\u2022 O filtro de banda estreita UHC, alem de suprimir a polui\u00e7\u00e3o luminosa, isola as bandas de 496nm e 501nm e tambem a de H-Beta 486nm emitidas pelas nebulosas planet\u00e1rias e de emiss\u00e3o<\/p>\n<p>\u25ba\u00c9 o primeiro filtro a ter quando se olha o C\u00e9u Profundo.<\/p>\n","protected":false},"excerpt":{"rendered":"<p>Filtro UHC 1,25&#8243; \u2022 O filtro de banda estreita UHC, alem de suprimir a polui\u00e7\u00e3o luminosa, isola as bandas de 496nm e 501nm e tambem a de H-Beta 486nm emitidas pelas nebulosas planet\u00e1rias e de emiss\u00e3o \u25ba\u00c9 o primeiro filtro a ter quando se olha o C\u00e9u Profundo.<\/p>\n","protected":false},"featured_media":650,"comment_status":"open","ping_status":"closed","template":"","meta":[],"product_brand":[],"product_cat":[32,95],"product_tag":[],"class_list":{"0":"post-649","1":"product","2":"type-product","3":"status-publish","4":"has-post-thumbnail","6":"product_cat-filtros-ceu-profundo","7":"product_cat-stock-off","8":"product_shipping_class-taxa-minima","10":"first","11":"instock","12":"sale","13":"shipping-taxable","14":"purchasable","15":"product-type-simple"},"_links":{"self":[{"href":"https:\/\/site.astrofoto.com.pt\/welcome\/wp-json\/wp\/v2\/product\/649","targetHints":{"allow":["GET"]}}],"collection":[{"href":"https:\/\/site.astrofoto.com.pt\/welcome\/wp-json\/wp\/v2\/product"}],"about":[{"href":"https:\/\/site.astrofoto.com.pt\/welcome\/wp-json\/wp\/v2\/types\/product"}],"replies":[{"embeddable":true,"href":"https:\/\/site.astrofoto.com.pt\/welcome\/wp-json\/wp\/v2\/comments?post=649"}],"wp:featuredmedia":[{"embeddable":true,"href":"https:\/\/site.astrofoto.com.pt\/welcome\/wp-json\/wp\/v2\/media\/650"}],"wp:attachment":[{"href":"https:\/\/site.astrofoto.com.pt\/welcome\/wp-json\/wp\/v2\/media?parent=649"}],"wp:term":[{"taxonomy":"product_brand","embeddable":true,"href":"https:\/\/site.astrofoto.com.pt\/welcome\/wp-json\/wp\/v2\/product_brand?post=649"},{"taxonomy":"product_cat","embeddable":true,"href":"https:\/\/site.astrofoto.com.pt\/welcome\/wp-json\/wp\/v2\/product_cat?post=649"},{"taxonomy":"product_tag","embeddable":true,"href":"https:\/\/site.astrofoto.com.pt\/welcome\/wp-json\/wp\/v2\/product_tag?post=649"}],"curies":[{"name":"wp","href":"https:\/\/api.w.org\/{rel}","templated":true}]}}