{"id":6436,"date":"2021-03-18T19:24:43","date_gmt":"2021-03-18T19:24:43","guid":{"rendered":"https:\/\/site.astrofoto.com.pt\/welcome\/?post_type=product&#038;p=6436"},"modified":"2023-04-28T12:51:38","modified_gmt":"2023-04-28T12:51:38","slug":"binoculos-helios-quantum-5-2-20-40x100-semi-apo","status":"publish","type":"product","link":"https:\/\/site.astrofoto.com.pt\/welcome\/produto\/binoculos-helios-quantum-5-2-20-40x100-semi-apo\/","title":{"rendered":"Bin\u00f3culos Helios Quantum-5.2 20\/40&#215;100 semi-apo"},"content":{"rendered":"<p><strong>Bin\u00f3culos Helios Quantum 5.2 *20\/40&#215;100 semi-apo<\/strong><\/p>\n<p><span class=\"style16\"><span class=\"JLqJ4b\" data-language-for-alternatives=\"pt\" data-language-to-translate-into=\"auto\" data-phrase-index=\"0\">\u2022 Amplia\u00e7\u00e3o 20x e 40x<br \/>\n\u2022 Di\u00e2metro da objectiva: 100mm<br \/>\n\u2022 Di\u00e2metro de pupila de sa\u00edda: 5mm \/ 2,5mm<br \/>\n\u2022 Campo de Vis\u00e3o: 2,53 \/ 1,5<br \/>\n\u2022 Dist\u00e2ncia Focal: 520,43mm<br \/>\n\u2022 <strong>Admite oculares normalizadas de 1,25&#8243;<\/strong><br \/>\n\u2022 Vis\u00e3o a 45\u00ba<br \/>\n\u2022 Focagem a partir de: 20m<br \/>\n\u2022 Peso: 7kg<\/span><\/span><\/p>\n<p><strong>BIN\u00d3CULOS QUANTUM 5 <\/strong><\/p>\n<ul>\n<li>bin\u00f3culos de alta qualidade \u00e0 prova de \u00e1gua<\/li>\n<li>focagem individual de oculares<\/li>\n<li>desenhados para Astronomia e observa\u00e7\u00e3o terrestre de longa dist\u00e2ncia<\/li>\n<li>prismas de alta qualidade em Barium (Bak4)<\/li>\n<li>revestimentos multicapas (banda larga) em todas as superf\u00edcies \u00f3pticas<\/li>\n<li>barra central de fixa\u00e7\u00e3o que permite o exacto equil\u00edbrio no trip\u00e9<\/li>\n<li>constru\u00e7\u00e3o de alta precis\u00e3o usando componentes em metal maquinado<\/li>\n<li>acabamentos em borracha<\/li>\n<li>estojo r\u00edgido almofadado<br \/>\n\u25batrip\u00e9 aconselhado: <a href=\"https:\/\/site.astrofoto.com.pt\/welcome\/produto\/tripe-helios-fotomate-vt-2900\/\"><strong>VT 2900<\/strong><\/a><span class=\"VIiyi\" lang=\"pt\"><span class=\"JLqJ4b\" data-language-for-alternatives=\"pt\" data-language-to-translate-into=\"auto\" data-phrase-index=\"0\"><br \/>\n\u25baBin\u00f3culo de observa\u00e7\u00e3o \u00e0 prova d&#8217;\u00e1gua de alta qualidade com focagem helicoidal de cada ocular individual, projetado para observa\u00e7\u00f5es terrestres e astron\u00f3micas de m\u00e9dio a longo alcance. Incorporando prismas BAK-4 sobredimensionados e um sistema \u00f3ptico totalmente multirrevestido de banda larga . Objetivas triplet de alta qualidade. Fornecido com dois pares de oculares. As oculares s\u00e3o posicionadas a 45 \u00b0, oferecendo excelente versatilidade para visualiza\u00e7\u00e3o terrestre e astron\u00f3mica. Possui al\u00e7a de transporte, para-sol integrado e adaptador a trip\u00e9. C<\/span><\/span>onstru\u00e7\u00e3o de alta precis\u00e3o usando componentes em metal maquinado<span class=\"VIiyi\" lang=\"pt\"><span class=\"JLqJ4b\" data-language-for-alternatives=\"pt\" data-language-to-translate-into=\"auto\" data-phrase-index=\"0\">. Aceita oculares normalizadas de 1,25 &#8220;. Fornecido em estojo r\u00edgido de armazenamento \/ transporte revestido de espuma.<br \/>\n<\/span><\/span>\u25batrip\u00e9 aconselhado: <a href=\"https:\/\/site.astrofoto.com.pt\/welcome\/produto\/tripe-helios-fotomate-vt-2900\/\"><strong>VT 2900<\/strong><\/a><br \/>\n<span class=\"VIiyi\" lang=\"pt\"><span class=\"JLqJ4b\" data-language-for-alternatives=\"pt\" data-language-to-translate-into=\"auto\" data-phrase-index=\"0\"><br \/>\n\u25ba<i>\u201cThe quality of finish was excellent\u2026.The lightness of this setup meant we could leave them ready assembled to take out at a moments notice\u2026.The 45\u00b0 angled eyepieces allow for strain-free high-angle observations\u2026.The built-in extendable dew shields worked a treat: no dew formed, even after several hours outside\u2026.The ocular adjustment was the best of all the binoculars we tested\u2026.The double star Albireo was nicely coloured, with the blue and yellow primary split well\u2026.Nebulae and globulars contained subtle detail\u201d <\/i><br \/>\n<strong>BBC Sky At Night Magazine <\/strong><br \/>\n<\/span><\/span><\/li>\n<\/ul>\n","protected":false},"excerpt":{"rendered":"<p>Bin\u00f3culos Helios Quantum 5.2 *20\/40&#215;100 semi-apo \u2022 Amplia\u00e7\u00e3o 20x e 40x \u2022 Di\u00e2metro da objectiva: 100mm \u2022 Di\u00e2metro de pupila de sa\u00edda: 5mm \/ 2,5mm \u2022 Campo de Vis\u00e3o: 2,53 \/ 1,5 \u2022 Dist\u00e2ncia Focal: 520,43mm \u2022 Admite oculares normalizadas de 1,25&#8243; \u2022 Vis\u00e3o a 45\u00ba \u2022 Focagem a partir de: 20m \u2022 Peso: 7kg<\/p>\n<div class=\"more-link\">\n\t\t\t\t <a href=\"https:\/\/site.astrofoto.com.pt\/welcome\/produto\/binoculos-helios-quantum-5-2-20-40x100-semi-apo\/\" class=\"btn theme-btn inverted\"><span>Continuar a Ler <\/span><\/a>\n\t\t\t<\/div>\n","protected":false},"featured_media":6437,"comment_status":"closed","ping_status":"closed","template":"","meta":[],"product_brand":[],"product_cat":[64],"product_tag":[],"class_list":{"0":"post-6436","1":"product","2":"type-product","3":"status-publish","4":"has-post-thumbnail","6":"product_cat-uncategorized","8":"first","9":"outofstock","10":"shipping-taxable","11":"purchasable","12":"product-type-simple"},"_links":{"self":[{"href":"https:\/\/site.astrofoto.com.pt\/welcome\/wp-json\/wp\/v2\/product\/6436","targetHints":{"allow":["GET"]}}],"collection":[{"href":"https:\/\/site.astrofoto.com.pt\/welcome\/wp-json\/wp\/v2\/product"}],"about":[{"href":"https:\/\/site.astrofoto.com.pt\/welcome\/wp-json\/wp\/v2\/types\/product"}],"replies":[{"embeddable":true,"href":"https:\/\/site.astrofoto.com.pt\/welcome\/wp-json\/wp\/v2\/comments?post=6436"}],"wp:featuredmedia":[{"embeddable":true,"href":"https:\/\/site.astrofoto.com.pt\/welcome\/wp-json\/wp\/v2\/media\/6437"}],"wp:attachment":[{"href":"https:\/\/site.astrofoto.com.pt\/welcome\/wp-json\/wp\/v2\/media?parent=6436"}],"wp:term":[{"taxonomy":"product_brand","embeddable":true,"href":"https:\/\/site.astrofoto.com.pt\/welcome\/wp-json\/wp\/v2\/product_brand?post=6436"},{"taxonomy":"product_cat","embeddable":true,"href":"https:\/\/site.astrofoto.com.pt\/welcome\/wp-json\/wp\/v2\/product_cat?post=6436"},{"taxonomy":"product_tag","embeddable":true,"href":"https:\/\/site.astrofoto.com.pt\/welcome\/wp-json\/wp\/v2\/product_tag?post=6436"}],"curies":[{"name":"wp","href":"https:\/\/api.w.org\/{rel}","templated":true}]}}